{"id":3825,"date":"2016-06-19T14:13:22","date_gmt":"2016-06-19T14:13:22","guid":{"rendered":"https:\/\/xstore.8theme.com\/demos\/cosmetics\/?page_id=3825"},"modified":"2024-12-02T13:35:57","modified_gmt":"2024-12-02T13:35:57","slug":"about-us-2","status":"publish","type":"page","link":"https:\/\/sencileyinitriyat.com\/en\/about-us-2\/","title":{"rendered":"About Us"},"content":{"rendered":"<div data-elementor-type=\"wp-page\" data-elementor-id=\"3825\" class=\"elementor elementor-3825\" data-elementor-post-type=\"page\">\n\t\t\t\t<div class=\"elementor-element elementor-element-89f23fb e-flex e-con-boxed e-con e-parent\" data-id=\"89f23fb\" data-element_type=\"container\">\n\t\t\t\t\t<div class=\"e-con-inner\">\n\t\t\t\t<div class=\"elementor-element elementor-element-e519dba elementor-widget elementor-widget-depicter_slider\" data-id=\"e519dba\" data-element_type=\"widget\" data-widget_type=\"depicter_slider.default\">\n\t\t\t\t<div class=\"elementor-widget-container\">\n\t\t\t<style id=\"depicter-19-inline-pre-css\">\n\n.depicter-19:not(.depicter-ready){\n\theight:665px;\n}\n\n\/***** Tablet *****\/\n@media screen and (max-width: 1024px){\n\n.depicter-19:not(.depicter-ready){\n\theight:560px;\n}\n\n}\n\/***** Mobile *****\/\n@media screen and (max-width: 767px){\n\n.depicter-19:not(.depicter-ready){\n\theight:740px;\n}\n\n}\n<\/style>\n<div id=\"depicter-19\" class=\"depicter depicter-document depicter-revert depicter-19 depicter-layout-fullwidth\">\n\n<div class=\"depicter-loading-container depicter-loading dotFlashing-dark\"><div class=\"depicter-loading-dark depicter-dot-flashing\">\n   <span><\/span>\n   <span><\/span>\n   <span><\/span>\n<\/div><\/div>\n\n<div class=\"depicter-overlay-layers\">\n<div data-animation-in=\"{'direction':'bottom','easing':'easeOutQuart','duration':1000,'movement':{'value':100,'unit':'%'},'fade':false,'delay':800,'type':'move'}\" id=\"depicter-19-element-12\" class=\"depicter-element depicter-layer depicter-19-element-12\" data-type=\"symbol\" data-wrap=\"true\" data-name=\"Arrow 3\" data-offset=\"x:0px;y:0px;origin:br\" data-tablet-offset=\"x:0px;y:0px;origin:br\" data-mobile-offset=\"x:89px;y:340px;origin:mc\" data-actions=\"[['gotoSection','click',0,{'type':'next','to':''}]]\" data-width=\"70px,60px,179.115px\" data-height=\"70px,60px,60px\" data-responsive-scale=\"true,,\">\n\t<svg width=\"31px\" height=\"16px\" viewbox=\"0 0 31.314 16.044\" style=\"position:relative;right:-1px\"><path d=\"M21,9H0V5H21V0l9,7-9,7Z\" transform=\"translate(0.5 1.022)\" \/><\/svg>\n<\/div>\n\n<div data-animation-in=\"{'direction':'bottom','easing':'easeOutQuart','duration':1000,'movement':{'value':100,'unit':'%'},'fade':false,'delay':1000,'type':'move'}\" id=\"depicter-19-element-13\" class=\"depicter-element depicter-layer depicter-19-element-13\" data-type=\"symbol\" data-wrap=\"true\" data-name=\"Arrow 4\" data-offset=\"x:70px;y:0px;origin:br\" data-tablet-offset=\"x:60px;y:0px;origin:br\" data-mobile-offset=\"x:-90px;y:340px;origin:mc\" data-actions=\"[['gotoSection','click',0,{'type':'previous','to':''}]]\" data-width=\"70px,60px,177px\" data-height=\"70px,60px,60px\" data-responsive-scale=\"true,,\">\n\t<svg width=\"31px\" height=\"16px\" viewbox=\"0 0 31.314 16.044\" style=\"position:relative;left:-1px\"><path d=\"M0,7,9,0V5H30V9H9v5Z\" transform=\"translate(0.814 1.022)\" \/><\/svg>\n<\/div>\n\n<\/div>\n\n<div id=\"depicter-19-section-1\" class=\"depicter-section depicter-19-section-1\" data-name=\"Slide 1\">\n<div data-animation-in=\"{'direction':'bottom','easing':'easeOutExpo','duration':1800,'movement':{'value':100,'unit':'%'},'fade':false,'delay':150,'type':'move'}\" id=\"depicter-19-element-3\" class=\"depicter-element depicter-layer depicter-19-element-3\" data-type=\"shape\" data-wrap=\"true\" data-name=\"Shape 1\" data-offset=\"x:0px;y:0px;origin:bc\" data-tablet-offset=\"x:0px;y:0px;origin:bc\" data-mobile-offset=\"x:0px;y:-14px;origin:bc\" data-width=\"100%,100%,100%\" data-height=\"88%,85%,80%\" data-responsive-scale=\"false,,\"><\/div>\n\n<picture data-animation-in=\"{'direction':'top','easing':'easeOutExpo','duration':2500,'movement':{'value':100,'unit':'px'},'scale':0.8,'delay':250,'type':'move'}\" id=\"depicter-19-element-2\" class=\"depicter-element depicter-layer depicter-19-element-2\" data-type=\"image\" data-wrap=\"true\" data-name=\"Image 1\" data-offset=\"x:-295px;y:-6px;origin:mc\" data-tablet-offset=\"x:-216px;y:-38px;origin:mc\" data-mobile-offset=\"x:0px;y:-194px;origin:mc\" data-width=\"590px,495px,359px\" data-height=\"651px,483px,351px\" data-responsive-scale=\"true,,\" data-crop=\"false\">\n<source data-depicter-srcset=\"https:\/\/sencileyinitriyat.com\/wp-content\/uploads\/2024\/09\/WhatsApp-Image-2024-09-11-at-12.26.49-PM-scaled-200x351.jpeg, https:\/\/sencileyinitriyat.com\/wp-content\/uploads\/2024\/09\/WhatsApp-Image-2024-09-11-at-12.26.49-PM-scaled-400x702.jpeg 2x\" srcset=\"data:image\/gif;base64,R0lGODlhAQABAIAAAAAAAP\/\/\/yH5BAEAAAAALAAAAAABAAEAAAIBRAA7\" media=\"(max-width: 767px)\" \/>\n\n<source data-depicter-srcset=\"https:\/\/sencileyinitriyat.com\/wp-content\/uploads\/2024\/09\/WhatsApp-Image-2024-09-11-at-12.26.49-PM-scaled-277x483.jpeg, https:\/\/sencileyinitriyat.com\/wp-content\/uploads\/2024\/09\/WhatsApp-Image-2024-09-11-at-12.26.49-PM-scaled-554x966.jpeg 2x\" srcset=\"data:image\/gif;base64,R0lGODlhAQABAIAAAAAAAP\/\/\/yH5BAEAAAAALAAAAAABAAEAAAIBRAA7\" media=\"(max-width: 1024px)\" \/>\n\n<source data-depicter-srcset=\"https:\/\/sencileyinitriyat.com\/wp-content\/uploads\/2024\/09\/WhatsApp-Image-2024-09-11-at-12.26.49-PM-scaled-590x651.jpeg, https:\/\/sencileyinitriyat.com\/wp-content\/uploads\/2024\/09\/WhatsApp-Image-2024-09-11-at-12.26.49-PM-scaled-1180x1302.jpeg 2x\" srcset=\"data:image\/gif;base64,R0lGODlhAQABAIAAAAAAAP\/\/\/yH5BAEAAAAALAAAAAABAAEAAAIBRAA7\" media=\"(min-width: 1025px)\" \/>\n<img decoding=\"async\" src=\"data:image\/gif;base64,R0lGODlhAQABAIAAAAAAAP\/\/\/yH5BAEAAAAALAAAAAABAAEAAAIBRAA7\" data-depicter-src=\"https:\/\/sencileyinitriyat.com\/wp-content\/uploads\/2024\/09\/WhatsApp-Image-2024-09-11-at-12.26.49-PM-scaled-590x651.jpeg\" alt=\"\" \/>\n<\/picture>\n<a href=\"http:\/\/url\" target=\"_blank\"><p data-animation-in=\"{'direction':'left','easing':'easeOutExpo','duration':2300,'movement':{'value':100,'unit':'%'},'fade':false,'delay':500,'type':'move'}\" id=\"depicter-19-element-4\" class=\"depicter-element depicter-layer depicter-19-element-4\" data-type=\"text\" data-wrap=\"true\" data-name=\"Text 1\" data-offset=\"x:345px;y:-49px;origin:mc\" data-tablet-offset=\"x:268px;y:-39px;origin:mc\" data-mobile-offset=\"x:-3px;y:115px;origin:mc\" data-width=\"460px,368px,289px\" data-height=\"auto,auto,auto\" data-responsive-scale=\"true,,\">SencileyinItriyat <\/p><\/a>\n\n<a href=\"http:\/\/author.page\" target=\"_blank\"><p data-animation-in=\"{'direction':'bottom','easing':'easeOutExpo','duration':1800,'movement':80,'delay':900,'type':'move'}\" id=\"depicter-19-element-6\" class=\"depicter-element depicter-layer depicter-19-element-6\" data-type=\"text\" data-wrap=\"true\" data-name=\"Text 3\" data-offset=\"x:226px;y:161px;origin:mc\" data-tablet-offset=\"x:139px;y:142px;origin:mc\" data-mobile-offset=\"x:-73px;y:266px;origin:mc\" data-width=\"auto,auto,146px\" data-height=\"auto,auto,auto\" data-responsive-scale=\"true,,\">info@sencileyinitriyat.com<\/p><\/a>\n\n<div data-animation-in=\"{'direction':'left','easing':'easeOutExpo','duration':1800,'movement':80,'delay':750,'type':'move'}\" id=\"depicter-19-element-7\" class=\"depicter-element depicter-layer depicter-19-element-7\" data-type=\"shape\" data-wrap=\"true\" data-name=\"Shape 2\" data-offset=\"x:179px;y:-157px;origin:mc\" data-tablet-offset=\"x:145px;y:-132px;origin:mc\" data-mobile-offset=\"x:-92px;y:28px;origin:mc\" data-width=\"129px,120px,110px\" data-height=\"27px,27px,27px\" data-responsive-scale=\"true,,\"><\/div>\n<\/div>\n<\/div>\n<script>\n(window.depicterSetups = window.depicterSetups || []).push(function(){\n\tDepicter.basePath = 'https:\/\/sencileyinitriyat.com\/wp-content\/plugins\/depicter\/resources\/scripts\/player\/';\n\tconst dpPlayer = Depicter.setup('.depicter-19',\n\t\t{\"width\":[\"1300\",\"1024\",\"360\"],\"height\":[\"665\",\"560\",\"740\"],\"view\":\"basic\",\"keepAspectRatio\":true,\"preload\":0,\"layout\":\"fullwidth\",\"rtl\":false,\"initAfterAppear\":false,\"viewOptions\":{\"loop\":true},\"mouseSwipe\":true,\"touchSwipe\":true,\"keyboard\":true,\"useWatermark\":false}\n\t);\n});\n<\/script>\t\t<\/div>\n\t\t\t\t<\/div>\n\t\t\t\t\t<\/div>\n\t\t\t\t<\/div>\n\t\t\t\t<section class=\"elementor-section elementor-top-section elementor-element elementor-element-c1e2b10 elementor-section-boxed elementor-section-height-default elementor-section-height-default\" data-id=\"c1e2b10\" data-element_type=\"section\">\n\t\t\t\t\t\t<div class=\"elementor-container elementor-column-gap-no\">\n\t\t\t\t\t<div class=\"elementor-column elementor-col-33 elementor-top-column elementor-element elementor-element-43e1a97 elementor-invisible\" data-id=\"43e1a97\" data-element_type=\"column\" data-settings=\"{&quot;animation&quot;:&quot;fadeInLeft&quot;}\">\n\t\t\t<div class=\"elementor-widget-wrap elementor-element-populated\">\n\t\t\t\t\t\t<div class=\"elementor-element elementor-element-7ede50f elementor-view-default elementor-position-top elementor-mobile-position-top elementor-widget elementor-widget-icon-box\" data-id=\"7ede50f\" data-element_type=\"widget\" data-widget_type=\"icon-box.default\">\n\t\t\t\t<div class=\"elementor-widget-container\">\n\t\t\t\t\t<div class=\"elementor-icon-box-wrapper\">\n\n\t\t\t\t\t\t<div class=\"elementor-icon-box-icon\">\n\t\t\t\t<span  class=\"elementor-icon elementor-animation-\">\n\t\t\t\t<svg aria-hidden=\"true\" class=\"e-font-icon-svg e-fas-user\" viewbox=\"0 0 448 512\" xmlns=\"http:\/\/www.w3.org\/2000\/svg\"><path d=\"M224 256c70.7 0 128-57.3 128-128S294.7 0 224 0 96 57.3 96 128s57.3 128 128 128zm89.6 32h-16.7c-22.2 10.2-46.9 16-72.9 16s-50.6-5.8-72.9-16h-16.7C60.2 288 0 348.2 0 422.4V464c0 26.5 21.5 48 48 48h352c26.5 0 48-21.5 48-48v-41.6c0-74.2-60.2-134.4-134.4-134.4z\"><\/path><\/svg>\t\t\t\t<\/span>\n\t\t\t<\/div>\n\t\t\t\n\t\t\t\t\t\t<div class=\"elementor-icon-box-content\">\n\n\t\t\t\t\t\t\t\t\t<h3 class=\"elementor-icon-box-title\">\n\t\t\t\t\t\t<span  >\n\t\t\t\t\t\t\t7\/24 DESTEK MERKEZ\u0130\t\t\t\t\t\t<\/span>\n\t\t\t\t\t<\/h3>\n\t\t\t\t\n\t\t\t\t\t\t\t\t\t<p class=\"elementor-icon-box-description\">\n\t\t\t\t\t\t7\/24 DESTEK MERKEZ\u0130\t\t\t\t\t<\/p>\n\t\t\t\t\n\t\t\t<\/div>\n\t\t\t\n\t\t<\/div>\n\t\t\t\t<\/div>\n\t\t\t\t<\/div>\n\t\t\t\t\t<\/div>\n\t\t<\/div>\n\t\t\t\t<div class=\"elementor-column elementor-col-33 elementor-top-column elementor-element elementor-element-4cd6299 elementor-invisible\" data-id=\"4cd6299\" data-element_type=\"column\" data-settings=\"{&quot;animation&quot;:&quot;fadeInUp&quot;}\">\n\t\t\t<div class=\"elementor-widget-wrap elementor-element-populated\">\n\t\t\t\t\t\t<div class=\"elementor-element elementor-element-344009a elementor-view-default elementor-position-top elementor-mobile-position-top elementor-widget elementor-widget-icon-box\" data-id=\"344009a\" data-element_type=\"widget\" data-widget_type=\"icon-box.default\">\n\t\t\t\t<div class=\"elementor-widget-container\">\n\t\t\t\t\t<div class=\"elementor-icon-box-wrapper\">\n\n\t\t\t\t\t\t<div class=\"elementor-icon-box-icon\">\n\t\t\t\t<span  class=\"elementor-icon elementor-animation-\">\n\t\t\t\t<svg aria-hidden=\"true\" class=\"e-font-icon-svg e-fas-bullhorn\" viewbox=\"0 0 576 512\" xmlns=\"http:\/\/www.w3.org\/2000\/svg\"><path d=\"M576 240c0-23.63-12.95-44.04-32-55.12V32.01C544 23.26 537.02 0 512 0c-7.12 0-14.19 2.38-19.98 7.02l-85.03 68.03C364.28 109.19 310.66 128 256 128H64c-35.35 0-64 28.65-64 64v96c0 35.35 28.65 64 64 64h33.7c-1.39 10.48-2.18 21.14-2.18 32 0 39.77 9.26 77.35 25.56 110.94 5.19 10.69 16.52 17.06 28.4 17.06h74.28c26.05 0 41.69-29.84 25.9-50.56-16.4-21.52-26.15-48.36-26.15-77.44 0-11.11 1.62-21.79 4.41-32H256c54.66 0 108.28 18.81 150.98 52.95l85.03 68.03a32.023 32.023 0 0 0 19.98 7.02c24.92 0 32-22.78 32-32V295.13C563.05 284.04 576 263.63 576 240zm-96 141.42l-33.05-26.44C392.95 311.78 325.12 288 256 288v-96c69.12 0 136.95-23.78 190.95-66.98L480 98.58v282.84z\"><\/path><\/svg>\t\t\t\t<\/span>\n\t\t\t<\/div>\n\t\t\t\n\t\t\t\t\t\t<div class=\"elementor-icon-box-content\">\n\n\t\t\t\t\t\t\t\t\t<h3 class=\"elementor-icon-box-title\">\n\t\t\t\t\t\t<span  >\n\t\t\t\t\t\t\t\u00d6DEME S\u00dcREC\u0130\t\t\t\t\t\t<\/span>\n\t\t\t\t\t<\/h3>\n\t\t\t\t\n\t\t\t\t\t\t\t\t\t<p class=\"elementor-icon-box-description\">\n\t\t\t\t\t\t\u00d6DEME S\u00dcREC\u0130\t\t\t\t\t<\/p>\n\t\t\t\t\n\t\t\t<\/div>\n\t\t\t\n\t\t<\/div>\n\t\t\t\t<\/div>\n\t\t\t\t<\/div>\n\t\t\t\t\t<\/div>\n\t\t<\/div>\n\t\t\t\t<div class=\"elementor-column elementor-col-33 elementor-top-column elementor-element elementor-element-41aa249 elementor-invisible\" data-id=\"41aa249\" data-element_type=\"column\" data-settings=\"{&quot;animation&quot;:&quot;fadeInRight&quot;}\">\n\t\t\t<div class=\"elementor-widget-wrap elementor-element-populated\">\n\t\t\t\t\t\t<div class=\"elementor-element elementor-element-0198733 elementor-view-default elementor-position-top elementor-mobile-position-top elementor-widget elementor-widget-icon-box\" data-id=\"0198733\" data-element_type=\"widget\" data-widget_type=\"icon-box.default\">\n\t\t\t\t<div class=\"elementor-widget-container\">\n\t\t\t\t\t<div class=\"elementor-icon-box-wrapper\">\n\n\t\t\t\t\t\t<div class=\"elementor-icon-box-icon\">\n\t\t\t\t<span  class=\"elementor-icon elementor-animation-\">\n\t\t\t\t<svg aria-hidden=\"true\" class=\"e-font-icon-svg e-fas-book\" viewbox=\"0 0 448 512\" xmlns=\"http:\/\/www.w3.org\/2000\/svg\"><path d=\"M448 360V24c0-13.3-10.7-24-24-24H96C43 0 0 43 0 96v320c0 53 43 96 96 96h328c13.3 0 24-10.7 24-24v-16c0-7.5-3.5-14.3-8.9-18.7-4.2-15.4-4.2-59.3 0-74.7 5.4-4.3 8.9-11.1 8.9-18.6zM128 134c0-3.3 2.7-6 6-6h212c3.3 0 6 2.7 6 6v20c0 3.3-2.7 6-6 6H134c-3.3 0-6-2.7-6-6v-20zm0 64c0-3.3 2.7-6 6-6h212c3.3 0 6 2.7 6 6v20c0 3.3-2.7 6-6 6H134c-3.3 0-6-2.7-6-6v-20zm253.4 250H96c-17.7 0-32-14.3-32-32 0-17.6 14.4-32 32-32h285.4c-1.9 17.1-1.9 46.9 0 64z\"><\/path><\/svg>\t\t\t\t<\/span>\n\t\t\t<\/div>\n\t\t\t\n\t\t\t\t\t\t<div class=\"elementor-icon-box-content\">\n\n\t\t\t\t\t\t\t\t\t<h3 class=\"elementor-icon-box-title\">\n\t\t\t\t\t\t<span  >\n\t\t\t\t\t\t\t\u00dcCRETS\u0130Z KARGO\t\t\t\t\t\t<\/span>\n\t\t\t\t\t<\/h3>\n\t\t\t\t\n\t\t\t\t\t\t\t\t\t<p class=\"elementor-icon-box-description\">\n\t\t\t\t\t\t\u00dcCRETS\u0130Z KARGO\t\t\t\t\t<\/p>\n\t\t\t\t\n\t\t\t<\/div>\n\t\t\t\n\t\t<\/div>\n\t\t\t\t<\/div>\n\t\t\t\t<\/div>\n\t\t\t\t\t<\/div>\n\t\t<\/div>\n\t\t\t\t\t<\/div>\n\t\t<\/section>\n\t\t\t\t<\/div>","protected":false},"excerpt":{"rendered":"<p>sencileyinitriyat info@sencileyinitriyat.com 7\/24 DESTEK MERKEZ\u0130 7\/24 DESTEK MERKEZ\u0130 \u00d6DEME S\u00dcREC\u0130 \u00d6DEME S\u00dcREC\u0130 \u00dcCRETS\u0130Z KARGO \u00dcCRETS\u0130Z KARGO<\/p>","protected":false},"author":1,"featured_media":0,"parent":0,"menu_order":0,"comment_status":"closed","ping_status":"closed","template":"","meta":{"footnotes":""},"class_list":["post-3825","page","type-page","status-publish","hentry"],"yoast_head":"<!-- This site is optimized with the Yoast SEO plugin v23.4 - https:\/\/yoast.com\/wordpress\/plugins\/seo\/ -->\n<title>About Us - sencileyinitriyat<\/title>\n<meta name=\"robots\" content=\"index, follow, max-snippet:-1, max-image-preview:large, max-video-preview:-1\" \/>\n<link rel=\"canonical\" href=\"https:\/\/sencileyinitriyat.com\/en\/about-us-2\/\" \/>\n<meta property=\"og:locale\" content=\"en_US\" \/>\n<meta property=\"og:type\" content=\"article\" \/>\n<meta property=\"og:title\" content=\"About Us - sencileyinitriyat\" \/>\n<meta property=\"og:description\" content=\"sencileyinitriyat info@sencileyinitriyat.com 7\/24 DESTEK MERKEZ\u0130 7\/24 DESTEK MERKEZ\u0130 \u00d6DEME S\u00dcREC\u0130 \u00d6DEME S\u00dcREC\u0130 \u00dcCRETS\u0130Z KARGO \u00dcCRETS\u0130Z KARGO\" \/>\n<meta property=\"og:url\" content=\"https:\/\/sencileyinitriyat.com\/en\/about-us-2\/\" \/>\n<meta property=\"og:site_name\" content=\"sencileyinitriyat\" \/>\n<meta property=\"article:modified_time\" content=\"2024-12-02T13:35:57+00:00\" \/>\n<meta property=\"og:image\" content=\"https:\/\/sencileyinitriyat.com\/wp-content\/uploads\/2024\/09\/cropped-WhatsApp-Image-2024-08-22-at-12.34.26-PM.jpeg\" \/>\n\t<meta property=\"og:image:width\" content=\"512\" \/>\n\t<meta property=\"og:image:height\" content=\"512\" \/>\n\t<meta property=\"og:image:type\" content=\"image\/jpeg\" \/>\n<meta name=\"twitter:card\" content=\"summary_large_image\" \/>\n<meta name=\"twitter:label1\" content=\"Est. reading time\" \/>\n\t<meta name=\"twitter:data1\" content=\"1 minute\" \/>\n<script type=\"application\/ld+json\" class=\"yoast-schema-graph\">{\"@context\":\"https:\/\/schema.org\",\"@graph\":[{\"@type\":\"WebPage\",\"@id\":\"https:\/\/sencileyinitriyat.com\/about-us-2\/\",\"url\":\"https:\/\/sencileyinitriyat.com\/about-us-2\/\",\"name\":\"About Us - sencileyinitriyat\",\"isPartOf\":{\"@id\":\"https:\/\/sencileyinitriyat.com\/#website\"},\"datePublished\":\"2016-06-19T14:13:22+00:00\",\"dateModified\":\"2024-12-02T13:35:57+00:00\",\"breadcrumb\":{\"@id\":\"https:\/\/sencileyinitriyat.com\/about-us-2\/#breadcrumb\"},\"inLanguage\":\"en-US\",\"potentialAction\":[{\"@type\":\"ReadAction\",\"target\":[\"https:\/\/sencileyinitriyat.com\/about-us-2\/\"]}]},{\"@type\":\"BreadcrumbList\",\"@id\":\"https:\/\/sencileyinitriyat.com\/about-us-2\/#breadcrumb\",\"itemListElement\":[{\"@type\":\"ListItem\",\"position\":1,\"name\":\"Home\",\"item\":\"https:\/\/sencileyinitriyat.com\/\"},{\"@type\":\"ListItem\",\"position\":2,\"name\":\"About Us\"}]},{\"@type\":\"WebSite\",\"@id\":\"https:\/\/sencileyinitriyat.com\/#website\",\"url\":\"https:\/\/sencileyinitriyat.com\/\",\"name\":\"sencileyinitriyat\",\"description\":\"\",\"publisher\":{\"@id\":\"https:\/\/sencileyinitriyat.com\/#organization\"},\"alternateName\":\"sencileyin\",\"potentialAction\":[{\"@type\":\"SearchAction\",\"target\":{\"@type\":\"EntryPoint\",\"urlTemplate\":\"https:\/\/sencileyinitriyat.com\/?s={search_term_string}\"},\"query-input\":{\"@type\":\"PropertyValueSpecification\",\"valueRequired\":true,\"valueName\":\"search_term_string\"}}],\"inLanguage\":\"en-US\"},{\"@type\":\"Organization\",\"@id\":\"https:\/\/sencileyinitriyat.com\/#organization\",\"name\":\"sencileyinitriyat\",\"url\":\"https:\/\/sencileyinitriyat.com\/\",\"logo\":{\"@type\":\"ImageObject\",\"inLanguage\":\"en-US\",\"@id\":\"https:\/\/sencileyinitriyat.com\/#\/schema\/logo\/image\/\",\"url\":\"https:\/\/sencileyinitriyat.com\/wp-content\/uploads\/2024\/09\/WhatsApp-Image-2024-08-22-at-12.34.26-PM.jpeg\",\"contentUrl\":\"https:\/\/sencileyinitriyat.com\/wp-content\/uploads\/2024\/09\/WhatsApp-Image-2024-08-22-at-12.34.26-PM.jpeg\",\"width\":954,\"height\":856,\"caption\":\"sencileyinitriyat\"},\"image\":{\"@id\":\"https:\/\/sencileyinitriyat.com\/#\/schema\/logo\/image\/\"},\"sameAs\":[\"https:\/\/www.instagram.com\/sencileyinitriyat\"]}]}<\/script>\n<!-- \/ Yoast SEO plugin. -->","yoast_head_json":{"title":"About Us - sencileyinitriyat","robots":{"index":"index","follow":"follow","max-snippet":"max-snippet:-1","max-image-preview":"max-image-preview:large","max-video-preview":"max-video-preview:-1"},"canonical":"https:\/\/sencileyinitriyat.com\/en\/about-us-2\/","og_locale":"en_US","og_type":"article","og_title":"About Us - sencileyinitriyat","og_description":"sencileyinitriyat info@sencileyinitriyat.com 7\/24 DESTEK MERKEZ\u0130 7\/24 DESTEK MERKEZ\u0130 \u00d6DEME S\u00dcREC\u0130 \u00d6DEME S\u00dcREC\u0130 \u00dcCRETS\u0130Z KARGO \u00dcCRETS\u0130Z KARGO","og_url":"https:\/\/sencileyinitriyat.com\/en\/about-us-2\/","og_site_name":"sencileyinitriyat","article_modified_time":"2024-12-02T13:35:57+00:00","og_image":[{"width":512,"height":512,"url":"https:\/\/sencileyinitriyat.com\/wp-content\/uploads\/2024\/09\/cropped-WhatsApp-Image-2024-08-22-at-12.34.26-PM.jpeg","type":"image\/jpeg"}],"twitter_card":"summary_large_image","twitter_misc":{"Est. reading time":"1 minute"},"schema":{"@context":"https:\/\/schema.org","@graph":[{"@type":"WebPage","@id":"https:\/\/sencileyinitriyat.com\/about-us-2\/","url":"https:\/\/sencileyinitriyat.com\/about-us-2\/","name":"About Us - sencileyinitriyat","isPartOf":{"@id":"https:\/\/sencileyinitriyat.com\/#website"},"datePublished":"2016-06-19T14:13:22+00:00","dateModified":"2024-12-02T13:35:57+00:00","breadcrumb":{"@id":"https:\/\/sencileyinitriyat.com\/about-us-2\/#breadcrumb"},"inLanguage":"en-US","potentialAction":[{"@type":"ReadAction","target":["https:\/\/sencileyinitriyat.com\/about-us-2\/"]}]},{"@type":"BreadcrumbList","@id":"https:\/\/sencileyinitriyat.com\/about-us-2\/#breadcrumb","itemListElement":[{"@type":"ListItem","position":1,"name":"Home","item":"https:\/\/sencileyinitriyat.com\/"},{"@type":"ListItem","position":2,"name":"About Us"}]},{"@type":"WebSite","@id":"https:\/\/sencileyinitriyat.com\/#website","url":"https:\/\/sencileyinitriyat.com\/","name":"sencileyinitriyat","description":"","publisher":{"@id":"https:\/\/sencileyinitriyat.com\/#organization"},"alternateName":"sencileyin","potentialAction":[{"@type":"SearchAction","target":{"@type":"EntryPoint","urlTemplate":"https:\/\/sencileyinitriyat.com\/?s={search_term_string}"},"query-input":{"@type":"PropertyValueSpecification","valueRequired":true,"valueName":"search_term_string"}}],"inLanguage":"en-US"},{"@type":"Organization","@id":"https:\/\/sencileyinitriyat.com\/#organization","name":"sencileyinitriyat","url":"https:\/\/sencileyinitriyat.com\/","logo":{"@type":"ImageObject","inLanguage":"en-US","@id":"https:\/\/sencileyinitriyat.com\/#\/schema\/logo\/image\/","url":"https:\/\/sencileyinitriyat.com\/wp-content\/uploads\/2024\/09\/WhatsApp-Image-2024-08-22-at-12.34.26-PM.jpeg","contentUrl":"https:\/\/sencileyinitriyat.com\/wp-content\/uploads\/2024\/09\/WhatsApp-Image-2024-08-22-at-12.34.26-PM.jpeg","width":954,"height":856,"caption":"sencileyinitriyat"},"image":{"@id":"https:\/\/sencileyinitriyat.com\/#\/schema\/logo\/image\/"},"sameAs":["https:\/\/www.instagram.com\/sencileyinitriyat"]}]}},"_links":{"self":[{"href":"https:\/\/sencileyinitriyat.com\/en\/wp-json\/wp\/v2\/pages\/3825","targetHints":{"allow":["GET"]}}],"collection":[{"href":"https:\/\/sencileyinitriyat.com\/en\/wp-json\/wp\/v2\/pages"}],"about":[{"href":"https:\/\/sencileyinitriyat.com\/en\/wp-json\/wp\/v2\/types\/page"}],"author":[{"embeddable":true,"href":"https:\/\/sencileyinitriyat.com\/en\/wp-json\/wp\/v2\/users\/1"}],"replies":[{"embeddable":true,"href":"https:\/\/sencileyinitriyat.com\/en\/wp-json\/wp\/v2\/comments?post=3825"}],"version-history":[{"count":0,"href":"https:\/\/sencileyinitriyat.com\/en\/wp-json\/wp\/v2\/pages\/3825\/revisions"}],"wp:attachment":[{"href":"https:\/\/sencileyinitriyat.com\/en\/wp-json\/wp\/v2\/media?parent=3825"}],"curies":[{"name":"wp","href":"https:\/\/api.w.org\/{rel}","templated":true}]}}