{"id":5753,"date":"2024-09-27T08:53:15","date_gmt":"2024-09-27T08:53:15","guid":{"rendered":"https:\/\/sencileyinitriyat.com\/?post_type=product&#038;p=5753"},"modified":"2026-04-27T15:05:19","modified_gmt":"2026-04-27T15:05:19","slug":"sencileyin-sev-seni-seveni-kadin-no-0799-sencileyin-love-the-one-who-loves-you","status":"publish","type":"product","link":"https:\/\/sencileyinitriyat.com\/en\/product\/sencileyin-sev-seni-seveni-kadin-no-0799-sencileyin-love-the-one-who-loves-you\/","title":{"rendered":"Sencileyin Sev Seni Seveni (Kad\u0131n) No: 0799 \/ Sencileyin Love The One Who Loves You"},"content":{"rendered":"<p><span style=\"color: #000000;\"><strong><em>Barkod Nr:\u00a0<\/em><em>8684166130799 (Sencileyin Itriyat)<\/em><\/strong><\/span><\/p>\n<p><span style=\"color: #000000;\"><strong>Sencileyin Sev Seni Seveni (Kad\u0131n) : 0799<br \/>\nSencileyin Love The One Who Loves You (Women) : 0799<\/strong><\/span><\/p>\n<p><span style=\"color: #000000;\"><strong>K\u0131rm\u0131z\u0131 Elma &#8211; \u0130nci &#8211; Akasya &#8211; M\u00fcge \u00c7i\u00e7e\u011fi (\u0130nci \u00c7i\u00e7e\u011fi) &#8211; \u015eeftali &#8211; Ka\u015fmir<\/strong><\/span><br \/>\n<span style=\"color: #000000;\"><strong>Red Apple &#8211; Pearl &#8211; Acacia &#8211; Lily of the valley &#8211; Peach &#8211; Cashmere<\/strong><\/span><\/p>\n<p><span style=\"color: #000000;\"><strong>Parf\u00fcm Ya\u011f\u0131 \u2013 Fragrance \u2013 \u0627\u0644\u0639\u0637\u0631 \u2013 \u0411\u043b\u0430\u0433\u043e\u0443\u0445\u0430\u0301\u043d\u0438\u0435 \u2013 Perfume Oil.<\/strong><\/span><\/p>\n<p>&nbsp;<\/p>\n<p>&nbsp;<\/p>\n<p><span style=\"color: #000000;\"><strong>* Firmam\u0131za ait b\u00fct\u00fcn parf\u00fcm ya\u011flar\u0131; Ifra (international fragrance association),<br \/>\nparf\u00fcm yap\u0131m\u0131nda kullanlan hammaddelerin, uluslararas\u0131 normlara uygunluk standartlar\u0131nda haz\u0131rlanmaktad\u0131r.<\/strong><\/span><\/p>\n<p><span style=\"color: #000000;\"><strong>* All fragrance oils of our company; it is in Ifra (international fragrance association) standards.<\/strong><\/span><\/p>\n<p><span style=\"color: #000000;\"><strong>* Firmam\u0131za ait b\u00fct\u00fcn parf\u00fcm ya\u011flar\u0131; T\u00fcv Rheinland International taraf\u0131ndan sertifikal\u0131 kokulard\u0131r.<\/strong><\/span><\/p>\n<p><span style=\"color: #000000;\"><strong>* All fragrance oils of our company certified by T\u00fcv Rheinland International.<\/strong><\/span><\/p>\n<p><span style=\"color: #000000;\"><strong>* Firmam\u0131za\u00a0ait b\u00fct\u00fcn parf\u00fcm ya\u011flar\u0131; jelatin kullan\u0131lmadan \u00fcretilmektedir.<\/strong><\/span><\/p>\n<p><span style=\"color: #000000;\"><strong>* All fragrance oils of our company is do not contain gelatine.<\/strong><\/span><\/p>\n<p><span style=\"color: #000000;\"><strong>* Ger\u00e7ek ya\u011flardan \u00fcretilmektedir, kimyasal i\u00e7ermez.<\/strong><\/span><\/p>\n<p><span style=\"color: #000000;\"><strong>* Produced from real oils, do not contain chemicals.<\/strong><\/span><\/p>\n<p><span style=\"color: #000000;\"><strong>* Alkol i\u00e7ermez.<\/strong><\/span><\/p>\n<p><span style=\"color: #000000;\"><strong>* Do not contain alcohol.<\/strong><\/span><\/p>","protected":false},"excerpt":{"rendered":"<p><span style=\"color: #000000;\"><strong>K\u0131rm\u0131z\u0131 Elma &#8211; \u0130nci &#8211; Akasya &#8211; M\u00fcge \u00c7i\u00e7e\u011fi (\u0130nci \u00c7i\u00e7e\u011fi) &#8211; \u015eeftali &#8211; Ka\u015fmir<\/strong><\/span><br \/>\n<span style=\"color: #000000;\"><strong>Red Apple &#8211; Pearl &#8211; Acacia &#8211; Lily of the valley &#8211; Peach &#8211; Cashmere<\/strong><\/span><\/p>","protected":false},"featured_media":8439,"comment_status":"open","ping_status":"closed","template":"","meta":[],"etheme_brands":[{"term_id":107,"name":"sencileyinitriyat","slug":"sencileyinitriyat","term_group":0,"term_taxonomy_id":107,"taxonomy":"brand","description":"","parent":0,"count":34,"filter":"raw"}],"product_brand":[],"product_cat":[84],"product_tag":[109],"class_list":{"0":"post-5753","1":"product","2":"type-product","3":"status-publish","4":"has-post-thumbnail","6":"brand-sencileyinitriyat","7":"product_cat-parfum-yagi-fragrance","8":"product_tag-perfume-oil","10":"first","11":"instock","12":"sale","13":"taxable","14":"shipping-taxable","15":"purchasable","16":"product-type-variable"},"yoast_head":"<!-- This site is optimized with the Yoast SEO plugin v23.4 - https:\/\/yoast.com\/wordpress\/plugins\/seo\/ -->\n<title>Sencileyin Sev Seni Seveni (Kad\u0131n) No: 0799 \/ Sencileyin Love The One Who Loves You - sencileyinitriyat<\/title>\n<meta name=\"robots\" content=\"index, follow, max-snippet:-1, max-image-preview:large, max-video-preview:-1\" \/>\n<link rel=\"canonical\" href=\"https:\/\/sencileyinitriyat.com\/en\/product\/sencileyin-sev-seni-seveni-kadin-no-0799-sencileyin-love-the-one-who-loves-you\/\" \/>\n<meta property=\"og:locale\" content=\"en_US\" \/>\n<meta property=\"og:type\" content=\"article\" \/>\n<meta property=\"og:title\" content=\"Sencileyin Sev Seni Seveni (Kad\u0131n) No: 0799 \/ Sencileyin Love The One Who Loves You - sencileyinitriyat\" \/>\n<meta property=\"og:description\" content=\"K\u0131rm\u0131z\u0131 Elma - \u0130nci - Akasya - M\u00fcge \u00c7i\u00e7e\u011fi (\u0130nci \u00c7i\u00e7e\u011fi) - \u015eeftali - Ka\u015fmir Red Apple - Pearl - Acacia - Lily of the valley - Peach - Cashmere\" \/>\n<meta property=\"og:url\" content=\"https:\/\/sencileyinitriyat.com\/en\/product\/sencileyin-sev-seni-seveni-kadin-no-0799-sencileyin-love-the-one-who-loves-you\/\" \/>\n<meta property=\"og:site_name\" content=\"sencileyinitriyat\" \/>\n<meta property=\"article:modified_time\" content=\"2026-04-27T15:05:19+00:00\" \/>\n<meta property=\"og:image\" content=\"https:\/\/sencileyinitriyat.com\/wp-content\/uploads\/2024\/10\/6-gr-seffaf-scaled.jpg\" \/>\n\t<meta property=\"og:image:width\" content=\"2560\" \/>\n\t<meta property=\"og:image:height\" content=\"2560\" \/>\n\t<meta property=\"og:image:type\" content=\"image\/jpeg\" \/>\n<meta name=\"twitter:card\" content=\"summary_large_image\" \/>\n<meta name=\"twitter:label1\" content=\"Est. reading time\" \/>\n\t<meta name=\"twitter:data1\" content=\"1 minute\" \/>\n<script type=\"application\/ld+json\" class=\"yoast-schema-graph\">{\"@context\":\"https:\/\/schema.org\",\"@graph\":[{\"@type\":\"WebPage\",\"@id\":\"https:\/\/sencileyinitriyat.com\/product\/sencileyin-sev-seni-seveni-kadin-no-0799-sencileyin-love-the-one-who-loves-you\/\",\"url\":\"https:\/\/sencileyinitriyat.com\/product\/sencileyin-sev-seni-seveni-kadin-no-0799-sencileyin-love-the-one-who-loves-you\/\",\"name\":\"Sencileyin Sev Seni Seveni (Kad\u0131n) No: 0799 \/ Sencileyin Love The One Who Loves You - sencileyinitriyat\",\"isPartOf\":{\"@id\":\"https:\/\/sencileyinitriyat.com\/#website\"},\"primaryImageOfPage\":{\"@id\":\"https:\/\/sencileyinitriyat.com\/product\/sencileyin-sev-seni-seveni-kadin-no-0799-sencileyin-love-the-one-who-loves-you\/#primaryimage\"},\"image\":{\"@id\":\"https:\/\/sencileyinitriyat.com\/product\/sencileyin-sev-seni-seveni-kadin-no-0799-sencileyin-love-the-one-who-loves-you\/#primaryimage\"},\"thumbnailUrl\":\"https:\/\/sencileyinitriyat.com\/wp-content\/uploads\/2024\/10\/6-gr-seffaf-scaled.jpg\",\"datePublished\":\"2024-09-27T08:53:15+00:00\",\"dateModified\":\"2026-04-27T15:05:19+00:00\",\"breadcrumb\":{\"@id\":\"https:\/\/sencileyinitriyat.com\/product\/sencileyin-sev-seni-seveni-kadin-no-0799-sencileyin-love-the-one-who-loves-you\/#breadcrumb\"},\"inLanguage\":\"en-US\",\"potentialAction\":[{\"@type\":\"ReadAction\",\"target\":[\"https:\/\/sencileyinitriyat.com\/product\/sencileyin-sev-seni-seveni-kadin-no-0799-sencileyin-love-the-one-who-loves-you\/\"]}]},{\"@type\":\"ImageObject\",\"inLanguage\":\"en-US\",\"@id\":\"https:\/\/sencileyinitriyat.com\/product\/sencileyin-sev-seni-seveni-kadin-no-0799-sencileyin-love-the-one-who-loves-you\/#primaryimage\",\"url\":\"https:\/\/sencileyinitriyat.com\/wp-content\/uploads\/2024\/10\/6-gr-seffaf-scaled.jpg\",\"contentUrl\":\"https:\/\/sencileyinitriyat.com\/wp-content\/uploads\/2024\/10\/6-gr-seffaf-scaled.jpg\",\"width\":2560,\"height\":2560},{\"@type\":\"BreadcrumbList\",\"@id\":\"https:\/\/sencileyinitriyat.com\/product\/sencileyin-sev-seni-seveni-kadin-no-0799-sencileyin-love-the-one-who-loves-you\/#breadcrumb\",\"itemListElement\":[{\"@type\":\"ListItem\",\"position\":1,\"name\":\"Home\",\"item\":\"https:\/\/sencileyinitriyat.com\/\"},{\"@type\":\"ListItem\",\"position\":2,\"name\":\"Ma\u011faza\",\"item\":\"https:\/\/sencileyinitriyat.com\/magaza\/\"},{\"@type\":\"ListItem\",\"position\":3,\"name\":\"Sencileyin Sev Seni Seveni (Kad\u0131n) No: 0799 \/ Sencileyin Love The One Who Loves You\"}]},{\"@type\":\"WebSite\",\"@id\":\"https:\/\/sencileyinitriyat.com\/#website\",\"url\":\"https:\/\/sencileyinitriyat.com\/\",\"name\":\"sencileyinitriyat\",\"description\":\"\",\"publisher\":{\"@id\":\"https:\/\/sencileyinitriyat.com\/#organization\"},\"alternateName\":\"sencileyin\",\"potentialAction\":[{\"@type\":\"SearchAction\",\"target\":{\"@type\":\"EntryPoint\",\"urlTemplate\":\"https:\/\/sencileyinitriyat.com\/?s={search_term_string}\"},\"query-input\":{\"@type\":\"PropertyValueSpecification\",\"valueRequired\":true,\"valueName\":\"search_term_string\"}}],\"inLanguage\":\"en-US\"},{\"@type\":\"Organization\",\"@id\":\"https:\/\/sencileyinitriyat.com\/#organization\",\"name\":\"sencileyinitriyat\",\"url\":\"https:\/\/sencileyinitriyat.com\/\",\"logo\":{\"@type\":\"ImageObject\",\"inLanguage\":\"en-US\",\"@id\":\"https:\/\/sencileyinitriyat.com\/#\/schema\/logo\/image\/\",\"url\":\"https:\/\/sencileyinitriyat.com\/wp-content\/uploads\/2024\/09\/WhatsApp-Image-2024-08-22-at-12.34.26-PM.jpeg\",\"contentUrl\":\"https:\/\/sencileyinitriyat.com\/wp-content\/uploads\/2024\/09\/WhatsApp-Image-2024-08-22-at-12.34.26-PM.jpeg\",\"width\":954,\"height\":856,\"caption\":\"sencileyinitriyat\"},\"image\":{\"@id\":\"https:\/\/sencileyinitriyat.com\/#\/schema\/logo\/image\/\"},\"sameAs\":[\"https:\/\/www.instagram.com\/sencileyinitriyat\"]}]}<\/script>\n<!-- \/ Yoast SEO plugin. -->","yoast_head_json":{"title":"Sencileyin Sev Seni Seveni (Kad\u0131n) No: 0799 \/ Sencileyin Love The One Who Loves You - sencileyinitriyat","robots":{"index":"index","follow":"follow","max-snippet":"max-snippet:-1","max-image-preview":"max-image-preview:large","max-video-preview":"max-video-preview:-1"},"canonical":"https:\/\/sencileyinitriyat.com\/en\/product\/sencileyin-sev-seni-seveni-kadin-no-0799-sencileyin-love-the-one-who-loves-you\/","og_locale":"en_US","og_type":"article","og_title":"Sencileyin Sev Seni Seveni (Kad\u0131n) No: 0799 \/ Sencileyin Love The One Who Loves You - sencileyinitriyat","og_description":"K\u0131rm\u0131z\u0131 Elma - \u0130nci - Akasya - M\u00fcge \u00c7i\u00e7e\u011fi (\u0130nci \u00c7i\u00e7e\u011fi) - \u015eeftali - Ka\u015fmir Red Apple - Pearl - Acacia - Lily of the valley - Peach - Cashmere","og_url":"https:\/\/sencileyinitriyat.com\/en\/product\/sencileyin-sev-seni-seveni-kadin-no-0799-sencileyin-love-the-one-who-loves-you\/","og_site_name":"sencileyinitriyat","article_modified_time":"2026-04-27T15:05:19+00:00","og_image":[{"width":2560,"height":2560,"url":"https:\/\/sencileyinitriyat.com\/wp-content\/uploads\/2024\/10\/6-gr-seffaf-scaled.jpg","type":"image\/jpeg"}],"twitter_card":"summary_large_image","twitter_misc":{"Est. reading time":"1 minute"},"schema":{"@context":"https:\/\/schema.org","@graph":[{"@type":"WebPage","@id":"https:\/\/sencileyinitriyat.com\/product\/sencileyin-sev-seni-seveni-kadin-no-0799-sencileyin-love-the-one-who-loves-you\/","url":"https:\/\/sencileyinitriyat.com\/product\/sencileyin-sev-seni-seveni-kadin-no-0799-sencileyin-love-the-one-who-loves-you\/","name":"Sencileyin Sev Seni Seveni (Kad\u0131n) No: 0799 \/ Sencileyin Love The One Who Loves You - sencileyinitriyat","isPartOf":{"@id":"https:\/\/sencileyinitriyat.com\/#website"},"primaryImageOfPage":{"@id":"https:\/\/sencileyinitriyat.com\/product\/sencileyin-sev-seni-seveni-kadin-no-0799-sencileyin-love-the-one-who-loves-you\/#primaryimage"},"image":{"@id":"https:\/\/sencileyinitriyat.com\/product\/sencileyin-sev-seni-seveni-kadin-no-0799-sencileyin-love-the-one-who-loves-you\/#primaryimage"},"thumbnailUrl":"https:\/\/sencileyinitriyat.com\/wp-content\/uploads\/2024\/10\/6-gr-seffaf-scaled.jpg","datePublished":"2024-09-27T08:53:15+00:00","dateModified":"2026-04-27T15:05:19+00:00","breadcrumb":{"@id":"https:\/\/sencileyinitriyat.com\/product\/sencileyin-sev-seni-seveni-kadin-no-0799-sencileyin-love-the-one-who-loves-you\/#breadcrumb"},"inLanguage":"en-US","potentialAction":[{"@type":"ReadAction","target":["https:\/\/sencileyinitriyat.com\/product\/sencileyin-sev-seni-seveni-kadin-no-0799-sencileyin-love-the-one-who-loves-you\/"]}]},{"@type":"ImageObject","inLanguage":"en-US","@id":"https:\/\/sencileyinitriyat.com\/product\/sencileyin-sev-seni-seveni-kadin-no-0799-sencileyin-love-the-one-who-loves-you\/#primaryimage","url":"https:\/\/sencileyinitriyat.com\/wp-content\/uploads\/2024\/10\/6-gr-seffaf-scaled.jpg","contentUrl":"https:\/\/sencileyinitriyat.com\/wp-content\/uploads\/2024\/10\/6-gr-seffaf-scaled.jpg","width":2560,"height":2560},{"@type":"BreadcrumbList","@id":"https:\/\/sencileyinitriyat.com\/product\/sencileyin-sev-seni-seveni-kadin-no-0799-sencileyin-love-the-one-who-loves-you\/#breadcrumb","itemListElement":[{"@type":"ListItem","position":1,"name":"Home","item":"https:\/\/sencileyinitriyat.com\/"},{"@type":"ListItem","position":2,"name":"Ma\u011faza","item":"https:\/\/sencileyinitriyat.com\/magaza\/"},{"@type":"ListItem","position":3,"name":"Sencileyin Sev Seni Seveni (Kad\u0131n) No: 0799 \/ Sencileyin Love The One Who Loves You"}]},{"@type":"WebSite","@id":"https:\/\/sencileyinitriyat.com\/#website","url":"https:\/\/sencileyinitriyat.com\/","name":"sencileyinitriyat","description":"","publisher":{"@id":"https:\/\/sencileyinitriyat.com\/#organization"},"alternateName":"sencileyin","potentialAction":[{"@type":"SearchAction","target":{"@type":"EntryPoint","urlTemplate":"https:\/\/sencileyinitriyat.com\/?s={search_term_string}"},"query-input":{"@type":"PropertyValueSpecification","valueRequired":true,"valueName":"search_term_string"}}],"inLanguage":"en-US"},{"@type":"Organization","@id":"https:\/\/sencileyinitriyat.com\/#organization","name":"sencileyinitriyat","url":"https:\/\/sencileyinitriyat.com\/","logo":{"@type":"ImageObject","inLanguage":"en-US","@id":"https:\/\/sencileyinitriyat.com\/#\/schema\/logo\/image\/","url":"https:\/\/sencileyinitriyat.com\/wp-content\/uploads\/2024\/09\/WhatsApp-Image-2024-08-22-at-12.34.26-PM.jpeg","contentUrl":"https:\/\/sencileyinitriyat.com\/wp-content\/uploads\/2024\/09\/WhatsApp-Image-2024-08-22-at-12.34.26-PM.jpeg","width":954,"height":856,"caption":"sencileyinitriyat"},"image":{"@id":"https:\/\/sencileyinitriyat.com\/#\/schema\/logo\/image\/"},"sameAs":["https:\/\/www.instagram.com\/sencileyinitriyat"]}]}},"_links":{"self":[{"href":"https:\/\/sencileyinitriyat.com\/en\/wp-json\/wp\/v2\/product\/5753","targetHints":{"allow":["GET"]}}],"collection":[{"href":"https:\/\/sencileyinitriyat.com\/en\/wp-json\/wp\/v2\/product"}],"about":[{"href":"https:\/\/sencileyinitriyat.com\/en\/wp-json\/wp\/v2\/types\/product"}],"replies":[{"embeddable":true,"href":"https:\/\/sencileyinitriyat.com\/en\/wp-json\/wp\/v2\/comments?post=5753"}],"version-history":[{"count":6,"href":"https:\/\/sencileyinitriyat.com\/en\/wp-json\/wp\/v2\/product\/5753\/revisions"}],"predecessor-version":[{"id":8613,"href":"https:\/\/sencileyinitriyat.com\/en\/wp-json\/wp\/v2\/product\/5753\/revisions\/8613"}],"wp:featuredmedia":[{"embeddable":true,"href":"https:\/\/sencileyinitriyat.com\/en\/wp-json\/wp\/v2\/media\/8439"}],"wp:attachment":[{"href":"https:\/\/sencileyinitriyat.com\/en\/wp-json\/wp\/v2\/media?parent=5753"}],"wp:term":[{"taxonomy":"brand","embeddable":true,"href":"https:\/\/sencileyinitriyat.com\/en\/wp-json\/wp\/v2\/etheme_brands?post=5753"},{"taxonomy":"product_brand","embeddable":true,"href":"https:\/\/sencileyinitriyat.com\/en\/wp-json\/wp\/v2\/product_brand?post=5753"},{"taxonomy":"product_cat","embeddable":true,"href":"https:\/\/sencileyinitriyat.com\/en\/wp-json\/wp\/v2\/product_cat?post=5753"},{"taxonomy":"product_tag","embeddable":true,"href":"https:\/\/sencileyinitriyat.com\/en\/wp-json\/wp\/v2\/product_tag?post=5753"}],"curies":[{"name":"wp","href":"https:\/\/api.w.org\/{rel}","templated":true}]}}