{"id":5823,"date":"2024-10-08T08:20:01","date_gmt":"2024-10-08T08:20:01","guid":{"rendered":"https:\/\/sencileyinitriyat.com\/?post_type=product&#038;p=5823"},"modified":"2026-04-09T11:18:30","modified_gmt":"2026-04-09T11:18:30","slug":"sencileyin-saf-gul-turkiye-pembe-gul-sencileyin-turkiyes-pure-rose-pink-rose","status":"publish","type":"product","link":"https:\/\/sencileyinitriyat.com\/en\/product\/sencileyin-saf-gul-turkiye-pembe-gul-sencileyin-turkiyes-pure-rose-pink-rose\/","title":{"rendered":"*          Sencileyin Saf G\u00fcl T\u00fcrkiye (Pembe G\u00fcl) \/ Sencileyin T\u00fcrkiye&#8217;s Pure Rose (Pink Rose)"},"content":{"rendered":"<p><span style=\"color: #000000;\"><strong><em>Barkod Nr:\u00a0 8684166130188 (Sencileyin Itriyat)<\/em><\/strong><\/span><\/p>\n<p><span style=\"color: #000000;\"><strong>Sencileyin Saf G\u00fcl T\u00fcrkiye<br \/>\nSencileyin Turkish Pure Rose<br \/>\nSencileyin T\u00fcrkiye&#8217;s Pure Rose<br \/>\nSencileyin \u00c7i\u00e7eklerin Krali\u00e7esi T\u00fcrkiye G\u00fcl\u00fc<br \/>\nSencileyin Queen of Flowers T\u00fcrkiye&#8217;s Rose<br \/>\nSencileyin Mayaland\u0131r\u0131lm\u0131\u015f Pembe G\u00fcl Ya\u011f\u0131<br \/>\nSencileyin Leavened Pink Rose Oil<\/strong><\/span><\/p>\n<p><span style=\"color: #000000;\"><strong>Koku Tipi: Tek \u00c7i\u00e7ek.<\/strong><\/span><br \/>\n<span style=\"color: #000000;\"><strong>Fragrance Type: Soliflore.\u00a0<\/strong><\/span><\/p>\n<ul>\n<li><span style=\"color: #000000;\"><strong>Avrupa standartlar\u0131nda dam\u0131t\u0131lan yerli pembe g\u00fcl \/ Rosa Damascena ham g\u00fcl ya\u011f\u0131ndan elde edilmi\u015f, mayaland\u0131r\u0131lm\u0131\u015f g\u00fcl olarakta ifade edebilece\u011fimiz benzersiz bir \u00fcr\u00fcnd\u00fcr.<\/strong><\/span><\/li>\n<li><span style=\"color: #000000;\"><strong>Sencileyin Saf G\u00fcl T\u00fcrkiye en eski T\u00fcrk G\u00fcl\u00fcd\u00fcr, yap\u0131l\u0131\u015f y\u00f6ntemi tarihi en eski uzak Asya T\u00fcrk geleneklerine dayan\u0131r,<\/strong><\/span><br \/>\n<span style=\"color: #000000;\"><strong>bin y\u0131ldan daha fazla s\u00fcredir kay\u0131tl\u0131 bilinen bir \u00e7al\u0131\u015fmad\u0131r, uzak Asya, santral Asya ve Anadolu topraklar\u0131na aktar\u0131lm\u0131\u015f bu bilgi<\/strong><\/span><br \/>\n<span style=\"color: #000000;\"><strong>T\u00fcrkiye&#8217;de sadece Sencileyin \u0131triyat taraf\u0131ndan uygulanmaktad\u0131r.<\/strong><\/span><\/li>\n<li><span style=\"color: #000000;\"><strong>Sencileyin Saf G\u00fcl T\u00fcrkiye, ham g\u00fcl ya\u011f\u0131n\u0131n asidik \u00f6zelli\u011fi al\u0131nm\u0131\u015f, en fazla kokan halidir, taze g\u00fcl gibi kokar.<\/strong><\/span><\/li>\n<li><span style=\"color: #000000;\"><strong>Ham\/eterik g\u00fcl ya\u011f\u0131 gibi ciltte tahri\u015f, k\u0131zar\u0131kl\u0131k yapmaz.<\/strong><\/span><\/li>\n<li><span style=\"color: #000000;\"><strong>Eterik\/u\u00e7ucu g\u00fcl ya\u011f\u0131ndan daha konsantre olup frekans\u0131 daha y\u00fcksektir.<\/strong><\/span><\/li>\n<li><span style=\"color: #000000;\"><strong>Ham g\u00fcl ya\u011f\u0131 14 m2 alanda kokusu yay\u0131l\u0131rken, Sencileyin Saf G\u00fcl T\u00fcrkiye (T\u00fcrkiye&#8217;s Pure Rose) 70 m2 alanda kokusu yay\u0131lmaktad\u0131r.<\/strong><\/span><\/li>\n<li><span style=\"color: #000000;\"><strong>Sencileyin Saf G\u00fcl T\u00fcrkiye (T\u00fcrkiye&#8217;s Pure Rose), Sencileyin \u0131triyat firmam\u0131za \u00f6zg\u00fcd\u00fcr, hi\u00e7bir yerde bir muadili yoktur.<\/strong><\/span><\/li>\n<li><span style=\"color: #000000;\"><strong>Do\u011fudan &#8211; Bat\u0131ya b\u00fct\u00fcn d\u00fcnyadaki g\u00fcl kokular\u0131 aras\u0131ndaki \u00fcst\u00fcnl\u00fc\u011f\u00fcm\u00fcz,<\/strong><\/span><br \/>\n<span style=\"color: #000000;\"><strong>k\u0131yaslanamaz derecede y\u00fcksektir.<\/strong><\/span><\/li>\n<\/ul>\n<p>&nbsp;<\/p>\n<p>&nbsp;<\/p>\n<p><span style=\"color: #000000;\"><strong>* Firmam\u0131za ait b\u00fct\u00fcn parf\u00fcm ya\u011flar\u0131; Ifra (international fragrance association),<\/strong><\/span><br \/>\n<span style=\"color: #000000;\"><strong>parf\u00fcm yap\u0131m\u0131nda kullanlan hammaddelerin, uluslararas\u0131 normlara uygunluk standartlar\u0131nda haz\u0131rlanmaktad\u0131r.<\/strong><\/span><\/p>\n<p><span style=\"color: #000000;\"><strong>* All fragrance oils of our company; it is in Ifra (international fragrance association) standards.<\/strong><\/span><\/p>\n<p><span style=\"color: #000000;\"><strong>* Firmam\u0131za ait b\u00fct\u00fcn parf\u00fcm ya\u011flar\u0131; T\u00fcv Rheinland International taraf\u0131ndan sertifikal\u0131 kokulard\u0131r.<\/strong><\/span><\/p>\n<p><span style=\"color: #000000;\"><strong>* All fragrance oils of our company certified by T\u00fcv Rheinland International.<\/strong><\/span><\/p>\n<p><span style=\"color: #000000;\"><strong>* Firmam\u0131za\u00a0ait b\u00fct\u00fcn parf\u00fcm ya\u011flar\u0131; jelatin kullan\u0131lmadan \u00fcretilmektedir.<\/strong><\/span><\/p>\n<p><span style=\"color: #000000;\"><strong>* All fragrance oils of our company is do not contain gelatine.<\/strong><\/span><\/p>\n<p><span style=\"color: #000000;\"><strong>* Ger\u00e7ek ya\u011flardan \u00fcretilmektedir, kimyasal i\u00e7ermez.<\/strong><\/span><\/p>\n<p><span style=\"color: #000000;\"><strong>* Produced from real oils, do not contain chemicals.<\/strong><\/span><\/p>\n<p><span style=\"color: #000000;\"><strong>* Alkol i\u00e7ermez.<\/strong><\/span><\/p>\n<p><span style=\"color: #000000;\"><strong>* Do not contain alcohol.<\/strong><\/span><\/p>","protected":false},"excerpt":{"rendered":"<p><span style=\"color: #000000;\"><strong>Sencileyin Saf G\u00fcl T\u00fcrkiye<br \/>\nSencileyin Turkish Pure Rose<br \/>\nSencileyin T\u00fcrkiye&#8217;s Pure Rose<br \/>\nSencileyin \u00c7i\u00e7eklerin Krali\u00e7esi T\u00fcrkiye G\u00fcl\u00fc<br \/>\nSencileyin Queen of Flowers T\u00fcrkiye&#8217;s Rose<br \/>\nSencileyin Mayaland\u0131r\u0131lm\u0131\u015f Pembe G\u00fcl Ya\u011f\u0131<br \/>\nSencileyin Leavened Pink Rose Oil<\/strong><\/span><\/p>","protected":false},"featured_media":8439,"comment_status":"open","ping_status":"closed","template":"","meta":[],"etheme_brands":[{"term_id":107,"name":"sencileyinitriyat","slug":"sencileyinitriyat","term_group":0,"term_taxonomy_id":107,"taxonomy":"brand","description":"","parent":0,"count":34,"filter":"raw"}],"product_brand":[],"product_cat":[89],"product_tag":[213],"class_list":{"0":"post-5823","1":"product","2":"type-product","3":"status-publish","4":"has-post-thumbnail","6":"brand-sencileyinitriyat","7":"product_cat-gul-rose","8":"product_tag-rose","10":"first","11":"instock","12":"taxable","13":"shipping-taxable","14":"purchasable","15":"product-type-variable"},"yoast_head":"<!-- This site is optimized with the Yoast SEO plugin v23.4 - https:\/\/yoast.com\/wordpress\/plugins\/seo\/ -->\n<title>*     Sencileyin Saf G\u00fcl T\u00fcrkiye (Pembe G\u00fcl) \/ Sencileyin T\u00fcrkiye&#039;s Pure Rose (Pink Rose) - sencileyinitriyat<\/title>\n<meta name=\"robots\" content=\"index, follow, max-snippet:-1, max-image-preview:large, max-video-preview:-1\" \/>\n<link rel=\"canonical\" href=\"https:\/\/sencileyinitriyat.com\/en\/product\/sencileyin-saf-gul-turkiye-pembe-gul-sencileyin-turkiyes-pure-rose-pink-rose\/\" \/>\n<meta property=\"og:locale\" content=\"en_US\" \/>\n<meta property=\"og:type\" content=\"article\" \/>\n<meta property=\"og:title\" content=\"*     Sencileyin Saf G\u00fcl T\u00fcrkiye (Pembe G\u00fcl) \/ Sencileyin T\u00fcrkiye&#039;s Pure Rose (Pink Rose) - sencileyinitriyat\" \/>\n<meta property=\"og:description\" content=\"Sencileyin Saf G\u00fcl T\u00fcrkiye Sencileyin Turkish Pure Rose Sencileyin T\u00fcrkiye&#039;s Pure Rose Sencileyin \u00c7i\u00e7eklerin Krali\u00e7esi T\u00fcrkiye G\u00fcl\u00fc Sencileyin Queen of Flowers T\u00fcrkiye&#039;s Rose Sencileyin Mayaland\u0131r\u0131lm\u0131\u015f Pembe G\u00fcl Ya\u011f\u0131 Sencileyin Leavened Pink Rose Oil\" \/>\n<meta property=\"og:url\" content=\"https:\/\/sencileyinitriyat.com\/en\/product\/sencileyin-saf-gul-turkiye-pembe-gul-sencileyin-turkiyes-pure-rose-pink-rose\/\" \/>\n<meta property=\"og:site_name\" content=\"sencileyinitriyat\" \/>\n<meta property=\"article:modified_time\" content=\"2026-04-09T11:18:30+00:00\" \/>\n<meta property=\"og:image\" content=\"https:\/\/sencileyinitriyat.com\/wp-content\/uploads\/2024\/10\/6-gr-seffaf-scaled.jpg\" \/>\n\t<meta property=\"og:image:width\" content=\"2560\" \/>\n\t<meta property=\"og:image:height\" content=\"2560\" \/>\n\t<meta property=\"og:image:type\" content=\"image\/jpeg\" \/>\n<meta name=\"twitter:card\" content=\"summary_large_image\" \/>\n<meta name=\"twitter:label1\" content=\"Est. reading time\" \/>\n\t<meta name=\"twitter:data1\" content=\"2 minutes\" \/>\n<script type=\"application\/ld+json\" class=\"yoast-schema-graph\">{\"@context\":\"https:\/\/schema.org\",\"@graph\":[{\"@type\":\"WebPage\",\"@id\":\"https:\/\/sencileyinitriyat.com\/product\/sencileyin-saf-gul-turkiye-pembe-gul-sencileyin-turkiyes-pure-rose-pink-rose\/\",\"url\":\"https:\/\/sencileyinitriyat.com\/product\/sencileyin-saf-gul-turkiye-pembe-gul-sencileyin-turkiyes-pure-rose-pink-rose\/\",\"name\":\"* Sencileyin Saf G\u00fcl T\u00fcrkiye (Pembe G\u00fcl) \/ Sencileyin T\u00fcrkiye's Pure Rose (Pink Rose) - sencileyinitriyat\",\"isPartOf\":{\"@id\":\"https:\/\/sencileyinitriyat.com\/#website\"},\"primaryImageOfPage\":{\"@id\":\"https:\/\/sencileyinitriyat.com\/product\/sencileyin-saf-gul-turkiye-pembe-gul-sencileyin-turkiyes-pure-rose-pink-rose\/#primaryimage\"},\"image\":{\"@id\":\"https:\/\/sencileyinitriyat.com\/product\/sencileyin-saf-gul-turkiye-pembe-gul-sencileyin-turkiyes-pure-rose-pink-rose\/#primaryimage\"},\"thumbnailUrl\":\"https:\/\/sencileyinitriyat.com\/wp-content\/uploads\/2024\/10\/6-gr-seffaf-scaled.jpg\",\"datePublished\":\"2024-10-08T08:20:01+00:00\",\"dateModified\":\"2026-04-09T11:18:30+00:00\",\"breadcrumb\":{\"@id\":\"https:\/\/sencileyinitriyat.com\/product\/sencileyin-saf-gul-turkiye-pembe-gul-sencileyin-turkiyes-pure-rose-pink-rose\/#breadcrumb\"},\"inLanguage\":\"en-US\",\"potentialAction\":[{\"@type\":\"ReadAction\",\"target\":[\"https:\/\/sencileyinitriyat.com\/product\/sencileyin-saf-gul-turkiye-pembe-gul-sencileyin-turkiyes-pure-rose-pink-rose\/\"]}]},{\"@type\":\"ImageObject\",\"inLanguage\":\"en-US\",\"@id\":\"https:\/\/sencileyinitriyat.com\/product\/sencileyin-saf-gul-turkiye-pembe-gul-sencileyin-turkiyes-pure-rose-pink-rose\/#primaryimage\",\"url\":\"https:\/\/sencileyinitriyat.com\/wp-content\/uploads\/2024\/10\/6-gr-seffaf-scaled.jpg\",\"contentUrl\":\"https:\/\/sencileyinitriyat.com\/wp-content\/uploads\/2024\/10\/6-gr-seffaf-scaled.jpg\",\"width\":2560,\"height\":2560},{\"@type\":\"BreadcrumbList\",\"@id\":\"https:\/\/sencileyinitriyat.com\/product\/sencileyin-saf-gul-turkiye-pembe-gul-sencileyin-turkiyes-pure-rose-pink-rose\/#breadcrumb\",\"itemListElement\":[{\"@type\":\"ListItem\",\"position\":1,\"name\":\"Home\",\"item\":\"https:\/\/sencileyinitriyat.com\/\"},{\"@type\":\"ListItem\",\"position\":2,\"name\":\"Ma\u011faza\",\"item\":\"https:\/\/sencileyinitriyat.com\/magaza\/\"},{\"@type\":\"ListItem\",\"position\":3,\"name\":\"* Sencileyin Saf G\u00fcl T\u00fcrkiye (Pembe G\u00fcl) \/ Sencileyin T\u00fcrkiye&#8217;s Pure Rose (Pink Rose)\"}]},{\"@type\":\"WebSite\",\"@id\":\"https:\/\/sencileyinitriyat.com\/#website\",\"url\":\"https:\/\/sencileyinitriyat.com\/\",\"name\":\"sencileyinitriyat\",\"description\":\"\",\"publisher\":{\"@id\":\"https:\/\/sencileyinitriyat.com\/#organization\"},\"alternateName\":\"sencileyin\",\"potentialAction\":[{\"@type\":\"SearchAction\",\"target\":{\"@type\":\"EntryPoint\",\"urlTemplate\":\"https:\/\/sencileyinitriyat.com\/?s={search_term_string}\"},\"query-input\":{\"@type\":\"PropertyValueSpecification\",\"valueRequired\":true,\"valueName\":\"search_term_string\"}}],\"inLanguage\":\"en-US\"},{\"@type\":\"Organization\",\"@id\":\"https:\/\/sencileyinitriyat.com\/#organization\",\"name\":\"sencileyinitriyat\",\"url\":\"https:\/\/sencileyinitriyat.com\/\",\"logo\":{\"@type\":\"ImageObject\",\"inLanguage\":\"en-US\",\"@id\":\"https:\/\/sencileyinitriyat.com\/#\/schema\/logo\/image\/\",\"url\":\"https:\/\/sencileyinitriyat.com\/wp-content\/uploads\/2024\/09\/WhatsApp-Image-2024-08-22-at-12.34.26-PM.jpeg\",\"contentUrl\":\"https:\/\/sencileyinitriyat.com\/wp-content\/uploads\/2024\/09\/WhatsApp-Image-2024-08-22-at-12.34.26-PM.jpeg\",\"width\":954,\"height\":856,\"caption\":\"sencileyinitriyat\"},\"image\":{\"@id\":\"https:\/\/sencileyinitriyat.com\/#\/schema\/logo\/image\/\"},\"sameAs\":[\"https:\/\/www.instagram.com\/sencileyinitriyat\"]}]}<\/script>\n<!-- \/ Yoast SEO plugin. -->","yoast_head_json":{"title":"*     Sencileyin Saf G\u00fcl T\u00fcrkiye (Pembe G\u00fcl) \/ Sencileyin T\u00fcrkiye's Pure Rose (Pink Rose) - sencileyinitriyat","robots":{"index":"index","follow":"follow","max-snippet":"max-snippet:-1","max-image-preview":"max-image-preview:large","max-video-preview":"max-video-preview:-1"},"canonical":"https:\/\/sencileyinitriyat.com\/en\/product\/sencileyin-saf-gul-turkiye-pembe-gul-sencileyin-turkiyes-pure-rose-pink-rose\/","og_locale":"en_US","og_type":"article","og_title":"*     Sencileyin Saf G\u00fcl T\u00fcrkiye (Pembe G\u00fcl) \/ Sencileyin T\u00fcrkiye's Pure Rose (Pink Rose) - sencileyinitriyat","og_description":"Sencileyin Saf G\u00fcl T\u00fcrkiye Sencileyin Turkish Pure Rose Sencileyin T\u00fcrkiye's Pure Rose Sencileyin \u00c7i\u00e7eklerin Krali\u00e7esi T\u00fcrkiye G\u00fcl\u00fc Sencileyin Queen of Flowers T\u00fcrkiye's Rose Sencileyin Mayaland\u0131r\u0131lm\u0131\u015f Pembe G\u00fcl Ya\u011f\u0131 Sencileyin Leavened Pink Rose Oil","og_url":"https:\/\/sencileyinitriyat.com\/en\/product\/sencileyin-saf-gul-turkiye-pembe-gul-sencileyin-turkiyes-pure-rose-pink-rose\/","og_site_name":"sencileyinitriyat","article_modified_time":"2026-04-09T11:18:30+00:00","og_image":[{"width":2560,"height":2560,"url":"https:\/\/sencileyinitriyat.com\/wp-content\/uploads\/2024\/10\/6-gr-seffaf-scaled.jpg","type":"image\/jpeg"}],"twitter_card":"summary_large_image","twitter_misc":{"Est. reading time":"2 minutes"},"schema":{"@context":"https:\/\/schema.org","@graph":[{"@type":"WebPage","@id":"https:\/\/sencileyinitriyat.com\/product\/sencileyin-saf-gul-turkiye-pembe-gul-sencileyin-turkiyes-pure-rose-pink-rose\/","url":"https:\/\/sencileyinitriyat.com\/product\/sencileyin-saf-gul-turkiye-pembe-gul-sencileyin-turkiyes-pure-rose-pink-rose\/","name":"* Sencileyin Saf G\u00fcl T\u00fcrkiye (Pembe G\u00fcl) \/ Sencileyin T\u00fcrkiye's Pure Rose (Pink Rose) - sencileyinitriyat","isPartOf":{"@id":"https:\/\/sencileyinitriyat.com\/#website"},"primaryImageOfPage":{"@id":"https:\/\/sencileyinitriyat.com\/product\/sencileyin-saf-gul-turkiye-pembe-gul-sencileyin-turkiyes-pure-rose-pink-rose\/#primaryimage"},"image":{"@id":"https:\/\/sencileyinitriyat.com\/product\/sencileyin-saf-gul-turkiye-pembe-gul-sencileyin-turkiyes-pure-rose-pink-rose\/#primaryimage"},"thumbnailUrl":"https:\/\/sencileyinitriyat.com\/wp-content\/uploads\/2024\/10\/6-gr-seffaf-scaled.jpg","datePublished":"2024-10-08T08:20:01+00:00","dateModified":"2026-04-09T11:18:30+00:00","breadcrumb":{"@id":"https:\/\/sencileyinitriyat.com\/product\/sencileyin-saf-gul-turkiye-pembe-gul-sencileyin-turkiyes-pure-rose-pink-rose\/#breadcrumb"},"inLanguage":"en-US","potentialAction":[{"@type":"ReadAction","target":["https:\/\/sencileyinitriyat.com\/product\/sencileyin-saf-gul-turkiye-pembe-gul-sencileyin-turkiyes-pure-rose-pink-rose\/"]}]},{"@type":"ImageObject","inLanguage":"en-US","@id":"https:\/\/sencileyinitriyat.com\/product\/sencileyin-saf-gul-turkiye-pembe-gul-sencileyin-turkiyes-pure-rose-pink-rose\/#primaryimage","url":"https:\/\/sencileyinitriyat.com\/wp-content\/uploads\/2024\/10\/6-gr-seffaf-scaled.jpg","contentUrl":"https:\/\/sencileyinitriyat.com\/wp-content\/uploads\/2024\/10\/6-gr-seffaf-scaled.jpg","width":2560,"height":2560},{"@type":"BreadcrumbList","@id":"https:\/\/sencileyinitriyat.com\/product\/sencileyin-saf-gul-turkiye-pembe-gul-sencileyin-turkiyes-pure-rose-pink-rose\/#breadcrumb","itemListElement":[{"@type":"ListItem","position":1,"name":"Home","item":"https:\/\/sencileyinitriyat.com\/"},{"@type":"ListItem","position":2,"name":"Ma\u011faza","item":"https:\/\/sencileyinitriyat.com\/magaza\/"},{"@type":"ListItem","position":3,"name":"* Sencileyin Saf G\u00fcl T\u00fcrkiye (Pembe G\u00fcl) \/ Sencileyin T\u00fcrkiye&#8217;s Pure Rose (Pink Rose)"}]},{"@type":"WebSite","@id":"https:\/\/sencileyinitriyat.com\/#website","url":"https:\/\/sencileyinitriyat.com\/","name":"sencileyinitriyat","description":"","publisher":{"@id":"https:\/\/sencileyinitriyat.com\/#organization"},"alternateName":"sencileyin","potentialAction":[{"@type":"SearchAction","target":{"@type":"EntryPoint","urlTemplate":"https:\/\/sencileyinitriyat.com\/?s={search_term_string}"},"query-input":{"@type":"PropertyValueSpecification","valueRequired":true,"valueName":"search_term_string"}}],"inLanguage":"en-US"},{"@type":"Organization","@id":"https:\/\/sencileyinitriyat.com\/#organization","name":"sencileyinitriyat","url":"https:\/\/sencileyinitriyat.com\/","logo":{"@type":"ImageObject","inLanguage":"en-US","@id":"https:\/\/sencileyinitriyat.com\/#\/schema\/logo\/image\/","url":"https:\/\/sencileyinitriyat.com\/wp-content\/uploads\/2024\/09\/WhatsApp-Image-2024-08-22-at-12.34.26-PM.jpeg","contentUrl":"https:\/\/sencileyinitriyat.com\/wp-content\/uploads\/2024\/09\/WhatsApp-Image-2024-08-22-at-12.34.26-PM.jpeg","width":954,"height":856,"caption":"sencileyinitriyat"},"image":{"@id":"https:\/\/sencileyinitriyat.com\/#\/schema\/logo\/image\/"},"sameAs":["https:\/\/www.instagram.com\/sencileyinitriyat"]}]}},"_links":{"self":[{"href":"https:\/\/sencileyinitriyat.com\/en\/wp-json\/wp\/v2\/product\/5823","targetHints":{"allow":["GET"]}}],"collection":[{"href":"https:\/\/sencileyinitriyat.com\/en\/wp-json\/wp\/v2\/product"}],"about":[{"href":"https:\/\/sencileyinitriyat.com\/en\/wp-json\/wp\/v2\/types\/product"}],"replies":[{"embeddable":true,"href":"https:\/\/sencileyinitriyat.com\/en\/wp-json\/wp\/v2\/comments?post=5823"}],"version-history":[{"count":24,"href":"https:\/\/sencileyinitriyat.com\/en\/wp-json\/wp\/v2\/product\/5823\/revisions"}],"predecessor-version":[{"id":7564,"href":"https:\/\/sencileyinitriyat.com\/en\/wp-json\/wp\/v2\/product\/5823\/revisions\/7564"}],"wp:featuredmedia":[{"embeddable":true,"href":"https:\/\/sencileyinitriyat.com\/en\/wp-json\/wp\/v2\/media\/8439"}],"wp:attachment":[{"href":"https:\/\/sencileyinitriyat.com\/en\/wp-json\/wp\/v2\/media?parent=5823"}],"wp:term":[{"taxonomy":"brand","embeddable":true,"href":"https:\/\/sencileyinitriyat.com\/en\/wp-json\/wp\/v2\/etheme_brands?post=5823"},{"taxonomy":"product_brand","embeddable":true,"href":"https:\/\/sencileyinitriyat.com\/en\/wp-json\/wp\/v2\/product_brand?post=5823"},{"taxonomy":"product_cat","embeddable":true,"href":"https:\/\/sencileyinitriyat.com\/en\/wp-json\/wp\/v2\/product_cat?post=5823"},{"taxonomy":"product_tag","embeddable":true,"href":"https:\/\/sencileyinitriyat.com\/en\/wp-json\/wp\/v2\/product_tag?post=5823"}],"curies":[{"name":"wp","href":"https:\/\/api.w.org\/{rel}","templated":true}]}}