{"id":6409,"date":"2024-12-02T11:34:42","date_gmt":"2024-12-02T11:34:42","guid":{"rendered":"https:\/\/sencileyinitriyat.com\/?post_type=product&#038;p=6409"},"modified":"2026-04-27T01:11:58","modified_gmt":"2026-04-27T01:11:58","slug":"sencileyin-tarihi-saf-kirmizi-gul-turkiye-sencileyin-turkiyes-old-pure-red-rose","status":"publish","type":"product","link":"https:\/\/sencileyinitriyat.com\/en\/product\/sencileyin-tarihi-saf-kirmizi-gul-turkiye-sencileyin-turkiyes-old-pure-red-rose\/","title":{"rendered":"*        Sencileyin Tarihi Saf K\u0131rm\u0131z\u0131 G\u00fcl T\u00fcrkiye \/ Sencileyin T\u00fcrkiye\u2019s Old Pure Red Rose"},"content":{"rendered":"<p><span style=\"color: #000000;\"><strong><em>Barkod Nr: 8684166131130 (Sencileyin Itriyat)<\/em><\/strong><\/span><\/p>\n<p><span style=\"color: #000000;\"><strong>Sencileyin Tarihi Saf K\u0131rm\u0131z\u0131 G\u00fcl T\u00fcrkiye<br \/>\nSencileyin T\u00fcrkiye\u2019s Thirty Petals Of Red Rose<br \/>\nSencileyin T\u00fcrkiye\u2019s Ancient Pure Red Rose<br \/>\nSencileyin T\u00fcrkiye\u2019s Old Pure Red Rose<br \/>\nSencileyin Mayaland\u0131r\u0131lm\u0131\u015f K\u0131rm\u0131z\u0131 G\u00fcl Ya\u011f\u0131<br \/>\nSencileyin Leavened Red Rose Oil<\/strong><\/span><\/p>\n<p><span style=\"color: #000000;\"><strong>Fragrance Type: Soliflore.<\/strong><\/span><br \/>\n<span style=\"color: #000000;\"><strong>Koku Tipi: Tek \u00c7i\u00e7ek.<\/strong><\/span><\/p>\n<p><span style=\"color: #000000;\"><strong>Avrupa standartlar\u0131nda dam\u0131t\u0131lan yerli otuz yaprakl\u0131 k\u0131rm\u0131z\u0131\u00a0g\u00fcl\u00a0ya\u011f\u0131ndan\u00a0elde edilmi\u015f,\u00a0benzersiz bir \u00fcr\u00fcnd\u00fcr.<\/strong><\/span><\/p>\n<p>&nbsp;<\/p>\n<p><span style=\"color: #000000;\"><strong>* Firmam\u0131za ait b\u00fct\u00fcn parf\u00fcm ya\u011flar\u0131; Ifra (international fragrance association),<\/strong><\/span><br \/>\n<span style=\"color: #000000;\"><strong>parf\u00fcm yap\u0131m\u0131nda kullanlan hammaddelerin, uluslararas\u0131 normlara uygunluk standartlar\u0131nda haz\u0131rlanmaktad\u0131r.<\/strong><\/span><\/p>\n<p><span style=\"color: #000000;\"><strong>* All fragrance oils of our company; it is in Ifra (international fragrance association) standards.<\/strong><\/span><\/p>\n<p><span style=\"color: #000000;\"><strong>* Firmam\u0131za ait b\u00fct\u00fcn parf\u00fcm ya\u011flar\u0131; T\u00fcv Rheinland International taraf\u0131ndan sertifikal\u0131 kokulard\u0131r.<\/strong><\/span><\/p>\n<p><span style=\"color: #000000;\"><strong>* All fragrance oils of our company certified by T\u00fcv Rheinland International.<\/strong><\/span><\/p>\n<p><span style=\"color: #000000;\"><strong>* Firmam\u0131za\u00a0ait b\u00fct\u00fcn parf\u00fcm ya\u011flar\u0131; jelatin kullan\u0131lmadan \u00fcretilmektedir.<\/strong><\/span><\/p>\n<p><span style=\"color: #000000;\"><strong>* All fragrance oils of our company is do not contain gelatine.<\/strong><\/span><\/p>\n<p><span style=\"color: #000000;\"><strong>* Ger\u00e7ek ya\u011flardan \u00fcretilmektedir, kimyasal i\u00e7ermez.<\/strong><\/span><\/p>\n<p><span style=\"color: #000000;\"><strong>* Produced from real oils, do not contain chemicals.<\/strong><\/span><\/p>\n<p><span style=\"color: #000000;\"><strong>* Alkol i\u00e7ermez.<\/strong><\/span><\/p>\n<p><span style=\"color: #000000;\"><strong>* Do not contain alcohol.<\/strong><\/span><\/p>","protected":false},"excerpt":{"rendered":"<p><span style=\"color: #000000;\"><strong>Sencileyin Tarihi Saf K\u0131rm\u0131z\u0131 G\u00fcl T\u00fcrkiye<br \/>\nSencileyin Turkish Ancient Pure Red Rose<br \/>\nSencileyin T\u00fcrkiye\u2019s Ancient Pure Red Rose<br \/>\nSencileyin Turkish Old Pure Red Rose<br \/>\nSencileyin T\u00fcrkiye\u2019s Old Pure Red Rose<br \/>\nSencileyin Mayaland\u0131r\u0131lm\u0131\u015f K\u0131rm\u0131z\u0131 G\u00fcl Ya\u011f\u0131<br \/>\nSencileyin Leavened Red Rose Oil<\/strong><\/span><\/p>","protected":false},"featured_media":8718,"comment_status":"open","ping_status":"closed","template":"","meta":[],"etheme_brands":[{"term_id":107,"name":"sencileyinitriyat","slug":"sencileyinitriyat","term_group":0,"term_taxonomy_id":107,"taxonomy":"brand","description":"","parent":0,"count":34,"filter":"raw"}],"product_brand":[],"product_cat":[89],"product_tag":[221],"class_list":{"0":"post-6409","1":"product","2":"type-product","3":"status-publish","4":"has-post-thumbnail","6":"brand-sencileyinitriyat","7":"product_cat-gul-rose","8":"product_tag-gul","10":"first","11":"instock","12":"sale","13":"taxable","14":"shipping-taxable","15":"purchasable","16":"product-type-variable"},"yoast_head":"<!-- This site is optimized with the Yoast SEO plugin v23.4 - https:\/\/yoast.com\/wordpress\/plugins\/seo\/ -->\n<title>*    Sencileyin Tarihi Saf K\u0131rm\u0131z\u0131 G\u00fcl T\u00fcrkiye \/ Sencileyin T\u00fcrkiye\u2019s Old Pure Red Rose - sencileyinitriyat<\/title>\n<meta name=\"robots\" content=\"index, follow, max-snippet:-1, max-image-preview:large, max-video-preview:-1\" \/>\n<link rel=\"canonical\" href=\"https:\/\/sencileyinitriyat.com\/en\/product\/sencileyin-tarihi-saf-kirmizi-gul-turkiye-sencileyin-turkiyes-old-pure-red-rose\/\" \/>\n<meta property=\"og:locale\" content=\"en_US\" \/>\n<meta property=\"og:type\" content=\"article\" \/>\n<meta property=\"og:title\" content=\"*    Sencileyin Tarihi Saf K\u0131rm\u0131z\u0131 G\u00fcl T\u00fcrkiye \/ Sencileyin T\u00fcrkiye\u2019s Old Pure Red Rose - sencileyinitriyat\" \/>\n<meta property=\"og:description\" content=\"Sencileyin Tarihi Saf K\u0131rm\u0131z\u0131 G\u00fcl T\u00fcrkiye Sencileyin Turkish Ancient Pure Red Rose Sencileyin T\u00fcrkiye\u2019s Ancient Pure Red Rose Sencileyin Turkish Old Pure Red Rose Sencileyin T\u00fcrkiye\u2019s Old Pure Red Rose Sencileyin Mayaland\u0131r\u0131lm\u0131\u015f K\u0131rm\u0131z\u0131 G\u00fcl Ya\u011f\u0131 Sencileyin Leavened Red Rose Oil\" \/>\n<meta property=\"og:url\" content=\"https:\/\/sencileyinitriyat.com\/en\/product\/sencileyin-tarihi-saf-kirmizi-gul-turkiye-sencileyin-turkiyes-old-pure-red-rose\/\" \/>\n<meta property=\"og:site_name\" content=\"sencileyinitriyat\" \/>\n<meta property=\"article:modified_time\" content=\"2026-04-27T01:11:58+00:00\" \/>\n<meta property=\"og:image\" content=\"https:\/\/sencileyinitriyat.com\/wp-content\/uploads\/2024\/12\/6-gr-seffaf-scaled.jpg\" \/>\n\t<meta property=\"og:image:width\" content=\"2560\" \/>\n\t<meta property=\"og:image:height\" content=\"2560\" \/>\n\t<meta property=\"og:image:type\" content=\"image\/jpeg\" \/>\n<meta name=\"twitter:card\" content=\"summary_large_image\" \/>\n<meta name=\"twitter:label1\" content=\"Est. reading time\" \/>\n\t<meta name=\"twitter:data1\" content=\"1 minute\" \/>\n<script type=\"application\/ld+json\" class=\"yoast-schema-graph\">{\"@context\":\"https:\/\/schema.org\",\"@graph\":[{\"@type\":\"WebPage\",\"@id\":\"https:\/\/sencileyinitriyat.com\/product\/sencileyin-tarihi-saf-kirmizi-gul-turkiye-sencileyin-turkiyes-old-pure-red-rose\/\",\"url\":\"https:\/\/sencileyinitriyat.com\/product\/sencileyin-tarihi-saf-kirmizi-gul-turkiye-sencileyin-turkiyes-old-pure-red-rose\/\",\"name\":\"* Sencileyin Tarihi Saf K\u0131rm\u0131z\u0131 G\u00fcl T\u00fcrkiye \/ Sencileyin T\u00fcrkiye\u2019s Old Pure Red Rose - sencileyinitriyat\",\"isPartOf\":{\"@id\":\"https:\/\/sencileyinitriyat.com\/#website\"},\"primaryImageOfPage\":{\"@id\":\"https:\/\/sencileyinitriyat.com\/product\/sencileyin-tarihi-saf-kirmizi-gul-turkiye-sencileyin-turkiyes-old-pure-red-rose\/#primaryimage\"},\"image\":{\"@id\":\"https:\/\/sencileyinitriyat.com\/product\/sencileyin-tarihi-saf-kirmizi-gul-turkiye-sencileyin-turkiyes-old-pure-red-rose\/#primaryimage\"},\"thumbnailUrl\":\"https:\/\/sencileyinitriyat.com\/wp-content\/uploads\/2024\/12\/6-gr-seffaf-scaled.jpg\",\"datePublished\":\"2024-12-02T11:34:42+00:00\",\"dateModified\":\"2026-04-27T01:11:58+00:00\",\"breadcrumb\":{\"@id\":\"https:\/\/sencileyinitriyat.com\/product\/sencileyin-tarihi-saf-kirmizi-gul-turkiye-sencileyin-turkiyes-old-pure-red-rose\/#breadcrumb\"},\"inLanguage\":\"en-US\",\"potentialAction\":[{\"@type\":\"ReadAction\",\"target\":[\"https:\/\/sencileyinitriyat.com\/product\/sencileyin-tarihi-saf-kirmizi-gul-turkiye-sencileyin-turkiyes-old-pure-red-rose\/\"]}]},{\"@type\":\"ImageObject\",\"inLanguage\":\"en-US\",\"@id\":\"https:\/\/sencileyinitriyat.com\/product\/sencileyin-tarihi-saf-kirmizi-gul-turkiye-sencileyin-turkiyes-old-pure-red-rose\/#primaryimage\",\"url\":\"https:\/\/sencileyinitriyat.com\/wp-content\/uploads\/2024\/12\/6-gr-seffaf-scaled.jpg\",\"contentUrl\":\"https:\/\/sencileyinitriyat.com\/wp-content\/uploads\/2024\/12\/6-gr-seffaf-scaled.jpg\",\"width\":2560,\"height\":2560},{\"@type\":\"BreadcrumbList\",\"@id\":\"https:\/\/sencileyinitriyat.com\/product\/sencileyin-tarihi-saf-kirmizi-gul-turkiye-sencileyin-turkiyes-old-pure-red-rose\/#breadcrumb\",\"itemListElement\":[{\"@type\":\"ListItem\",\"position\":1,\"name\":\"Home\",\"item\":\"https:\/\/sencileyinitriyat.com\/\"},{\"@type\":\"ListItem\",\"position\":2,\"name\":\"Ma\u011faza\",\"item\":\"https:\/\/sencileyinitriyat.com\/magaza\/\"},{\"@type\":\"ListItem\",\"position\":3,\"name\":\"* Sencileyin Tarihi Saf K\u0131rm\u0131z\u0131 G\u00fcl T\u00fcrkiye \/ Sencileyin T\u00fcrkiye\u2019s Old Pure Red Rose\"}]},{\"@type\":\"WebSite\",\"@id\":\"https:\/\/sencileyinitriyat.com\/#website\",\"url\":\"https:\/\/sencileyinitriyat.com\/\",\"name\":\"sencileyinitriyat\",\"description\":\"\",\"publisher\":{\"@id\":\"https:\/\/sencileyinitriyat.com\/#organization\"},\"alternateName\":\"sencileyin\",\"potentialAction\":[{\"@type\":\"SearchAction\",\"target\":{\"@type\":\"EntryPoint\",\"urlTemplate\":\"https:\/\/sencileyinitriyat.com\/?s={search_term_string}\"},\"query-input\":{\"@type\":\"PropertyValueSpecification\",\"valueRequired\":true,\"valueName\":\"search_term_string\"}}],\"inLanguage\":\"en-US\"},{\"@type\":\"Organization\",\"@id\":\"https:\/\/sencileyinitriyat.com\/#organization\",\"name\":\"sencileyinitriyat\",\"url\":\"https:\/\/sencileyinitriyat.com\/\",\"logo\":{\"@type\":\"ImageObject\",\"inLanguage\":\"en-US\",\"@id\":\"https:\/\/sencileyinitriyat.com\/#\/schema\/logo\/image\/\",\"url\":\"https:\/\/sencileyinitriyat.com\/wp-content\/uploads\/2024\/09\/WhatsApp-Image-2024-08-22-at-12.34.26-PM.jpeg\",\"contentUrl\":\"https:\/\/sencileyinitriyat.com\/wp-content\/uploads\/2024\/09\/WhatsApp-Image-2024-08-22-at-12.34.26-PM.jpeg\",\"width\":954,\"height\":856,\"caption\":\"sencileyinitriyat\"},\"image\":{\"@id\":\"https:\/\/sencileyinitriyat.com\/#\/schema\/logo\/image\/\"},\"sameAs\":[\"https:\/\/www.instagram.com\/sencileyinitriyat\"]}]}<\/script>\n<!-- \/ Yoast SEO plugin. -->","yoast_head_json":{"title":"*    Sencileyin Tarihi Saf K\u0131rm\u0131z\u0131 G\u00fcl T\u00fcrkiye \/ Sencileyin T\u00fcrkiye\u2019s Old Pure Red Rose - sencileyinitriyat","robots":{"index":"index","follow":"follow","max-snippet":"max-snippet:-1","max-image-preview":"max-image-preview:large","max-video-preview":"max-video-preview:-1"},"canonical":"https:\/\/sencileyinitriyat.com\/en\/product\/sencileyin-tarihi-saf-kirmizi-gul-turkiye-sencileyin-turkiyes-old-pure-red-rose\/","og_locale":"en_US","og_type":"article","og_title":"*    Sencileyin Tarihi Saf K\u0131rm\u0131z\u0131 G\u00fcl T\u00fcrkiye \/ Sencileyin T\u00fcrkiye\u2019s Old Pure Red Rose - sencileyinitriyat","og_description":"Sencileyin Tarihi Saf K\u0131rm\u0131z\u0131 G\u00fcl T\u00fcrkiye Sencileyin Turkish Ancient Pure Red Rose Sencileyin T\u00fcrkiye\u2019s Ancient Pure Red Rose Sencileyin Turkish Old Pure Red Rose Sencileyin T\u00fcrkiye\u2019s Old Pure Red Rose Sencileyin Mayaland\u0131r\u0131lm\u0131\u015f K\u0131rm\u0131z\u0131 G\u00fcl Ya\u011f\u0131 Sencileyin Leavened Red Rose Oil","og_url":"https:\/\/sencileyinitriyat.com\/en\/product\/sencileyin-tarihi-saf-kirmizi-gul-turkiye-sencileyin-turkiyes-old-pure-red-rose\/","og_site_name":"sencileyinitriyat","article_modified_time":"2026-04-27T01:11:58+00:00","og_image":[{"width":2560,"height":2560,"url":"https:\/\/sencileyinitriyat.com\/wp-content\/uploads\/2024\/12\/6-gr-seffaf-scaled.jpg","type":"image\/jpeg"}],"twitter_card":"summary_large_image","twitter_misc":{"Est. reading time":"1 minute"},"schema":{"@context":"https:\/\/schema.org","@graph":[{"@type":"WebPage","@id":"https:\/\/sencileyinitriyat.com\/product\/sencileyin-tarihi-saf-kirmizi-gul-turkiye-sencileyin-turkiyes-old-pure-red-rose\/","url":"https:\/\/sencileyinitriyat.com\/product\/sencileyin-tarihi-saf-kirmizi-gul-turkiye-sencileyin-turkiyes-old-pure-red-rose\/","name":"* Sencileyin Tarihi Saf K\u0131rm\u0131z\u0131 G\u00fcl T\u00fcrkiye \/ Sencileyin T\u00fcrkiye\u2019s Old Pure Red Rose - sencileyinitriyat","isPartOf":{"@id":"https:\/\/sencileyinitriyat.com\/#website"},"primaryImageOfPage":{"@id":"https:\/\/sencileyinitriyat.com\/product\/sencileyin-tarihi-saf-kirmizi-gul-turkiye-sencileyin-turkiyes-old-pure-red-rose\/#primaryimage"},"image":{"@id":"https:\/\/sencileyinitriyat.com\/product\/sencileyin-tarihi-saf-kirmizi-gul-turkiye-sencileyin-turkiyes-old-pure-red-rose\/#primaryimage"},"thumbnailUrl":"https:\/\/sencileyinitriyat.com\/wp-content\/uploads\/2024\/12\/6-gr-seffaf-scaled.jpg","datePublished":"2024-12-02T11:34:42+00:00","dateModified":"2026-04-27T01:11:58+00:00","breadcrumb":{"@id":"https:\/\/sencileyinitriyat.com\/product\/sencileyin-tarihi-saf-kirmizi-gul-turkiye-sencileyin-turkiyes-old-pure-red-rose\/#breadcrumb"},"inLanguage":"en-US","potentialAction":[{"@type":"ReadAction","target":["https:\/\/sencileyinitriyat.com\/product\/sencileyin-tarihi-saf-kirmizi-gul-turkiye-sencileyin-turkiyes-old-pure-red-rose\/"]}]},{"@type":"ImageObject","inLanguage":"en-US","@id":"https:\/\/sencileyinitriyat.com\/product\/sencileyin-tarihi-saf-kirmizi-gul-turkiye-sencileyin-turkiyes-old-pure-red-rose\/#primaryimage","url":"https:\/\/sencileyinitriyat.com\/wp-content\/uploads\/2024\/12\/6-gr-seffaf-scaled.jpg","contentUrl":"https:\/\/sencileyinitriyat.com\/wp-content\/uploads\/2024\/12\/6-gr-seffaf-scaled.jpg","width":2560,"height":2560},{"@type":"BreadcrumbList","@id":"https:\/\/sencileyinitriyat.com\/product\/sencileyin-tarihi-saf-kirmizi-gul-turkiye-sencileyin-turkiyes-old-pure-red-rose\/#breadcrumb","itemListElement":[{"@type":"ListItem","position":1,"name":"Home","item":"https:\/\/sencileyinitriyat.com\/"},{"@type":"ListItem","position":2,"name":"Ma\u011faza","item":"https:\/\/sencileyinitriyat.com\/magaza\/"},{"@type":"ListItem","position":3,"name":"* Sencileyin Tarihi Saf K\u0131rm\u0131z\u0131 G\u00fcl T\u00fcrkiye \/ Sencileyin T\u00fcrkiye\u2019s Old Pure Red Rose"}]},{"@type":"WebSite","@id":"https:\/\/sencileyinitriyat.com\/#website","url":"https:\/\/sencileyinitriyat.com\/","name":"sencileyinitriyat","description":"","publisher":{"@id":"https:\/\/sencileyinitriyat.com\/#organization"},"alternateName":"sencileyin","potentialAction":[{"@type":"SearchAction","target":{"@type":"EntryPoint","urlTemplate":"https:\/\/sencileyinitriyat.com\/?s={search_term_string}"},"query-input":{"@type":"PropertyValueSpecification","valueRequired":true,"valueName":"search_term_string"}}],"inLanguage":"en-US"},{"@type":"Organization","@id":"https:\/\/sencileyinitriyat.com\/#organization","name":"sencileyinitriyat","url":"https:\/\/sencileyinitriyat.com\/","logo":{"@type":"ImageObject","inLanguage":"en-US","@id":"https:\/\/sencileyinitriyat.com\/#\/schema\/logo\/image\/","url":"https:\/\/sencileyinitriyat.com\/wp-content\/uploads\/2024\/09\/WhatsApp-Image-2024-08-22-at-12.34.26-PM.jpeg","contentUrl":"https:\/\/sencileyinitriyat.com\/wp-content\/uploads\/2024\/09\/WhatsApp-Image-2024-08-22-at-12.34.26-PM.jpeg","width":954,"height":856,"caption":"sencileyinitriyat"},"image":{"@id":"https:\/\/sencileyinitriyat.com\/#\/schema\/logo\/image\/"},"sameAs":["https:\/\/www.instagram.com\/sencileyinitriyat"]}]}},"_links":{"self":[{"href":"https:\/\/sencileyinitriyat.com\/en\/wp-json\/wp\/v2\/product\/6409","targetHints":{"allow":["GET"]}}],"collection":[{"href":"https:\/\/sencileyinitriyat.com\/en\/wp-json\/wp\/v2\/product"}],"about":[{"href":"https:\/\/sencileyinitriyat.com\/en\/wp-json\/wp\/v2\/types\/product"}],"replies":[{"embeddable":true,"href":"https:\/\/sencileyinitriyat.com\/en\/wp-json\/wp\/v2\/comments?post=6409"}],"version-history":[{"count":25,"href":"https:\/\/sencileyinitriyat.com\/en\/wp-json\/wp\/v2\/product\/6409\/revisions"}],"predecessor-version":[{"id":7562,"href":"https:\/\/sencileyinitriyat.com\/en\/wp-json\/wp\/v2\/product\/6409\/revisions\/7562"}],"wp:featuredmedia":[{"embeddable":true,"href":"https:\/\/sencileyinitriyat.com\/en\/wp-json\/wp\/v2\/media\/8718"}],"wp:attachment":[{"href":"https:\/\/sencileyinitriyat.com\/en\/wp-json\/wp\/v2\/media?parent=6409"}],"wp:term":[{"taxonomy":"brand","embeddable":true,"href":"https:\/\/sencileyinitriyat.com\/en\/wp-json\/wp\/v2\/etheme_brands?post=6409"},{"taxonomy":"product_brand","embeddable":true,"href":"https:\/\/sencileyinitriyat.com\/en\/wp-json\/wp\/v2\/product_brand?post=6409"},{"taxonomy":"product_cat","embeddable":true,"href":"https:\/\/sencileyinitriyat.com\/en\/wp-json\/wp\/v2\/product_cat?post=6409"},{"taxonomy":"product_tag","embeddable":true,"href":"https:\/\/sencileyinitriyat.com\/en\/wp-json\/wp\/v2\/product_tag?post=6409"}],"curies":[{"name":"wp","href":"https:\/\/api.w.org\/{rel}","templated":true}]}}