{"id":6518,"date":"2024-12-03T08:44:49","date_gmt":"2024-12-03T08:44:49","guid":{"rendered":"https:\/\/sencileyinitriyat.com\/?post_type=product&#038;p=6518"},"modified":"2026-04-11T20:32:30","modified_gmt":"2026-04-11T20:32:30","slug":"sencileyin-hyaluronik-asit-saf-toz-hyaluron-gunduz-gece","status":"publish","type":"product","link":"https:\/\/sencileyinitriyat.com\/en\/product\/sencileyin-hyaluronik-asit-saf-toz-hyaluron-gunduz-gece\/","title":{"rendered":"SENC\u0130LEY\u0130N % 100 HYALURON\u0130K AS\u0130T (SAF TOZ HYALURON) G\u00dcND\u00dcZ \/ GECE"},"content":{"rendered":"<p><span style=\"color: #000000;\"><strong>SENC\u0130LEY\u0130N % 100 HYALURON\u0130K AS\u0130T.<span class=\"selectable-text copyable-text\"><br \/>\n(Saf toz hyaluronik asit \/ pure hyaluronic powder &#8211; original).<br \/>\nG\u00fcnd\u00fcz\/Gece \u2013 Day\/Night.<br \/>\nUltra d\u00fc\u015f\u00fck molek\u00fcl a\u011f\u0131rl\u0131\u011f\u0131na sahip molek\u00fcllerden olu\u015fmaktad\u0131r.<br \/>\n<\/span><span class=\"selectable-text copyable-text\">* Hyaluronik asitin en saf ve en do\u011fal hali ultra d\u00fc\u015f\u00fck molek\u00fcler a\u011f\u0131rl\u0131kl\u0131 oland\u0131r.<br \/>\n<\/span>\u2022 Sencileyin hyaluronik asit ya\u015flanma kar\u015f\u0131t\u0131 \/ anti aging sonu\u00e7lara sahip bir \u00fcr\u00fcnd\u00fcr.<\/strong><\/span><br \/>\n<span style=\"color: #000000;\"><strong>\u2022 Sencileyin hyaluronik asit y\u00fczdeki sarkmalar i\u00e7in kullan\u0131l\u0131r.<\/strong><\/span><br \/>\n<span style=\"color: #000000;\"><strong>\u2022 Cildin s\u0131k\u0131la\u015fmas\u0131, cildin kaliteli ve \u0131\u015f\u0131lt\u0131l\u0131 g\u00f6r\u00fcn\u00fcm\u00fc, p\u00fcr\u00fczs\u00fczle\u015ftirilmesi,\u00a0cilt bariyerinin g\u00fc\u00e7lendirilmesi ve cildin canl\u0131l\u0131\u011f\u0131n\u0131n art\u0131r\u0131lmas\u0131 i\u00e7in kullan\u0131l\u0131r.<\/strong><\/span><br \/>\n<span style=\"color: #000000;\"><strong>\u2022 Sencileyin hyaluronik asit d\u00fcnyan\u0131n en pop\u00fcler ya\u015flanma kar\u015f\u0131t\u0131 \u00fcr\u00fcn\u00fcd\u00fcr.<\/strong><\/span><br \/>\n<span style=\"color: #000000;\"><strong>(B\u00fct\u00fcn d\u00fcnya \u00fczerindeki \u00fcretilen hyaluron piyasas\u0131nda, b\u00fct\u00fcn hyaluronik asitler i\u00e7erisinde\u00a0Sencileyin Hyaluronik asit\u00a0be\u015f y\u0131ld\u0131z (*****) alan en iyi, tek \u00fcr\u00fcnd\u00fcr).<\/strong><\/span><br \/>\n<span style=\"color: #000000;\"><strong>\u2022 Sencileyin %100&#8217;l\u00fck Hyaluronik asit temel olarak su tutma \u00f6zelli\u011fine sahiptir,\u00a0kendi a\u011f\u0131rl\u0131\u011f\u0131n\u0131n bin kat\u0131 su tutma \u00f6zelli\u011fine sahiptir.\u00a0Cildinizin s\u00fcrekli nemli kalmas\u0131n\u0131 sa\u011flay\u0131p,\u00a0k\u0131r\u0131\u015f\u0131klar\u0131n g\u00f6r\u00fcn\u00fcm\u00fcn\u00fc azaltmaya cildin nem dengesini sa\u011flamaya yard\u0131mc\u0131 olur.<\/strong><\/span><br \/>\n<span style=\"color: #000000;\"><strong>\u2022 T\u00fcm cilt tiplerinde kullan\u0131m\u0131 uygundur.<\/strong><\/span><br \/>\n<span style=\"color: #000000;\"><strong>\u2022 Sencileyin hyaluronik asit, t\u00fcm g\u00fcn kullan\u0131m i\u00e7in idealdir.<\/strong><\/span><br \/>\n<span style=\"color: #000000;\"><strong>G\u00fcnd\u00fcz\/gece kullan\u0131labilir.<\/strong><\/span><\/p>\n<p><span style=\"color: #000000;\"><strong>\u00dcretim yeri : Made in DEUTSCHLAND (ALMANYA&#8217;da \u00fcretildi).<\/strong><\/span><br \/>\n<span style=\"color: #000000;\"><strong>Hergestell f\u00fcr : SENCILEYIN ITRIYAT (T\u00dcRKEI\/T\u00dcRK\u0130YE) i\u00e7in \u00fcretim yap\u0131lm\u0131\u015ft\u0131r.<\/strong><\/span><br \/>\n<span style=\"color: #000000;\"><strong>\u0130thalat\u00e7\u0131 firma (Importer) : SENC\u0130LEY\u0130N ITR\u0130YAT\u00a0(Mehmet Fatih Vural\u00a0Tescil: 2019120247)<\/strong><\/span><\/p>\n<p><span style=\"color: #000000;\"><strong>Barkod numaras\u0131 (2 gr) : 8684166130003 (SENC\u0130LEY\u0130N ITR\u0130YAT)<\/strong><\/span><br \/>\n<span style=\"color: #000000;\"><strong>Barkod numaras\u0131 (1 gr) : 8684166130010 (SENC\u0130LEY\u0130N ITR\u0130YAT)<\/strong><\/span><\/p>\n<p><span style=\"color: #000000;\"><strong>Bile\u015fenler (\u0130\u00e7erik) :<\/strong><\/span><br \/>\n<span style=\"color: #000000;\"><strong>Hyaluronic Acid 100 %<\/strong><\/span><br \/>\n<span style=\"color: #000000;\"><strong>900 mg HYALURON\u0130K AS\u0130T (Avrupa Birli\u011fi y\u00f6netmeli\u011fine g\u00f6re)<\/strong><\/span><br \/>\n<span style=\"color: #000000;\"><strong>(100 % HYALURON\u0130K AS\u0130D, 97 % REIN DURCH FERMENTATION\u00a0\/ DAMITMA \u0130LE % 97&#8217;L\u0130K)<\/strong><\/span><\/p>\n<p><span style=\"color: #000000;\"><strong>\u00c7ok fazla bu isimde (hyaluronik asit) lansman \u00fcr\u00fcnleri olmas\u0131na ra\u011fmen analiz sertifikas\u0131 istenildi\u011fi taktirde hi\u00e7bir \u00fcretici firma<\/strong><\/span><br \/>\n<span style=\"color: #000000;\"><strong>analiz ve sertifika vermemektedir\u2026<\/strong><\/span><br \/>\n<span style=\"color: #000000;\"><strong>Sencileyin\u00a0hyaluronik asit, analizli, sertifikal\u0131, Almanya&#8217;da \u00f6zel olarak Sencileyin \u0131triyat ad\u0131na \u00fcretilmi\u015ftir.<\/strong><\/span><\/p>\n<p><span style=\"color: #000000;\"><strong>Kar\u0131\u015ft\u0131rma \u00f6nerisi :<\/strong><\/span><\/p>\n<ul>\n<li><span style=\"color: #000000;\"><strong>1 gr al\u0131\u015fveri\u015f i\u00e7in; taraf\u0131n\u0131za g\u00f6nderilen 50 ml cam \u015fi\u015fe i\u00e7erisinde 1 gr hyaluron vard\u0131r,<\/strong><\/span><br \/>\n<span style=\"color: #000000;\"><strong>Yan\u0131nda ikinci bir 50 ml cam \u015fi\u015fe distile\/saf su g\u00f6nderiyoruz.<\/strong><\/span><br \/>\n<span style=\"color: #000000;\"><strong>2 gr al\u0131\u015fveri\u015f i\u00e7in; taraf\u0131n\u0131za g\u00f6nderilen 100 ml cam \u015fi\u015fe i\u00e7erisinde 2 gr hyaluron vard\u0131r,<\/strong><\/span><br \/>\n<span style=\"color: #000000;\"><strong>Yan\u0131nda ikinci bir 100 ml cam \u015fi\u015fe distile\/saf su g\u00f6nderiyoruz.<\/strong><\/span><\/li>\n<\/ul>\n<p><span style=\"color: #000000;\"><strong>Cilt jeli yapmak i\u00e7in bu distile suyun \u00f6nce yar\u0131s\u0131n\u0131 hyaluronik toz bulunan \u015fi\u015feye ekleyiniz ve \u00e7alkalay\u0131n\u0131z,<\/strong><\/span><br \/>\n<span style=\"color: #000000;\"><strong>\u00e7alkalama esnas\u0131nda \u015fi\u015fe kapa\u011f\u0131n\u0131n tam kapal\u0131 oldu\u011fundan emin olunuz!<\/strong><\/span><br \/>\n<span style=\"color: #000000;\"><strong>\u0130lk kar\u0131\u015f\u0131m\u0131 yapt\u0131ktan sonra distile suyun kalan k\u0131sm\u0131n\u0131 ekleyiniz ve \u00e7alkalay\u0131n\u0131z.<\/strong><\/span><br \/>\n<span style=\"color: #000000;\"><strong>Tam kar\u0131\u015f\u0131m sa\u011fland\u0131ktan sonra haz\u0131r, hemen kullan\u0131labilir bir cilt serumudur.<\/strong><\/span><\/p>\n<p><span style=\"color: #000000;\"><strong>* tam kar\u0131\u015f\u0131m sa\u011flanmas\u0131n\u0131 kolayla\u015ft\u0131rmak i\u00e7in \u00e7alkalad\u0131\u011f\u0131n\u0131z serumu 2 saat buzdolab\u0131nda bekletebilirsiniz,<\/strong><\/span><br \/>\n<span style=\"color: #000000;\"><strong>kar\u0131\u015fmas\u0131n\u0131 kolayla\u015ft\u0131racakt\u0131r.<\/strong><\/span><\/p>\n<p><span style=\"color: #000000;\"><strong>Uygulama \u00f6nerisi :<\/strong><\/span><br \/>\n<span style=\"color: #000000;\"><strong>Haz\u0131rlad\u0131\u011f\u0131n\u0131z hyaluronik asit jelini, y\u0131kanm\u0131\u015f (temiz) nemli cilde sabah ve ak\u015fam ince bir \u015fekilde elinizle masaj yaparak uygulay\u0131n\u0131z,<\/strong><\/span><br \/>\n<span style=\"color: #000000;\"><strong>(uygulama esnas\u0131nda pamukla vb. s\u00fcrmenize gerek yoktur), haz\u0131rlay\u0131p uygulad\u0131\u011f\u0131n\u0131z hyaluronik asit jel biraz bekleyince cilt taraf\u0131ndan emilir,<\/strong><\/span><br \/>\n<span style=\"color: #000000;\"><strong>(dermis tabakas\u0131n\u0131na ge\u00e7er).<\/strong><\/span><\/p>\n<p><span style=\"color: #000000;\"><strong>Emildikten sonra tavsiyemiz; \u00fczerine Sencileyin organik saf % 100 do\u011fal kakt\u00fcs meyvesi \u00e7ekirde\u011fi ya\u011f\u0131 veya<\/strong><\/span><br \/>\n<span style=\"color: #000000;\"><strong>Sencileyin organik do\u011fal saf % 100 argan \u00e7ekirde\u011fi ya\u011f\u0131 kullanabilirsiniz,<\/strong><\/span><br \/>\n<span style=\"color: #000000;\"><strong>dilerseniz hyaluronik asitin ard\u0131ndan kendi cilt bak\u0131m \u00fcr\u00fcn\u00fcn\u00fcz\u00fc de kullanabilirsiniz.<\/strong><\/span><\/p>\n<p><span style=\"color: #000000;\"><strong>(saf hyaluronik asit, etkinli\u011fini desteklemek i\u00e7in kapat\u0131lmas\u0131 \u00f6nerilir, kapat\u0131lmadan da direk uygulad\u0131\u011f\u0131n\u0131z haliyle b\u0131rak\u0131labilir).<\/strong><\/span><\/p>\n<p><span style=\"color: #000000;\"><strong>Not: Hyaluronik asiti kulland\u0131\u011f\u0131n\u0131zda su tutma kapasitesini daha da art\u0131rmak i\u00e7in birka\u00e7 bardak su i\u00e7ebilirsiniz.<\/strong><\/span><br \/>\n<span style=\"color: #000000;\"><strong>Hyaluronik asit cilt taraf\u0131ndan emildik\u00e7e cildinizde kuruyacakt\u0131r, bu s\u00fcre\u00e7te hyaluronik asitin daha uzun s\u00fcre emilimini uzatmak i\u00e7in<\/strong><\/span><br \/>\n<span style=\"color: #000000;\"><strong>cildinize az az su serperek masaj yapabilirsiniz, su serpmek emilim s\u00fcrecini uzatacakt\u0131r, vaktiniz yoksa hemen emilen hyaluronik asitin \u00fczerine<\/strong><\/span><br \/>\n<span style=\"color: #000000;\"><strong>Sencileyin kakt\u00fcs ya\u011f\u0131, Sencileyin argan ya\u011f\u0131 veya kendi cilt bak\u0131m \u00fcr\u00fcn\u00fcn\u00fcz\u00fc kullanabilirsiniz.<\/strong><\/span><br \/>\n<span style=\"color: #000000;\"><strong>* Hyaluronik asitten sonra g\u00fcne\u015fe \u00e7\u0131k\u0131lacaksa, g\u00fcne\u015f koruyucu s\u00fcrerek \u00e7\u0131k\u0131lmas\u0131nda bir mahsur yoktur.<\/strong><\/span><\/p>\n<p><span style=\"color: #000000;\"><strong>Depolama \u00f6nerisi :<\/strong><\/span><br \/>\n<span style=\"color: #000000;\"><strong>Toz halini, serin ve kuru yerde saklay\u0131n\u0131z,<\/strong><\/span><br \/>\n<span style=\"color: #000000;\"><strong>(toz halinin muhafazas\u0131 serin yerde 2 y\u0131ld\u0131r).<\/strong><\/span><br \/>\n<span style=\"color: #000000;\"><strong>Direk g\u00fcne\u015f \u0131\u015f\u0131\u011f\u0131ndan ve s\u0131cak kaynaklardan uzak tutunuz.<\/strong><\/span><br \/>\n<span style=\"color: #000000;\"><strong>Kar\u0131\u015ft\u0131r\u0131ld\u0131ktan sonra buzdolab\u0131nda muhafaza ediniz,<\/strong><\/span><br \/>\n<span style=\"color: #000000;\"><strong>Kar\u0131\u015ft\u0131r\u0131lm\u0131\u015f serumu 1 ay i\u00e7erisinde bitiriniz.<\/strong><\/span><\/p>\n<p><span style=\"color: #000000;\"><strong>* ba\u015fka bir katk\u0131 maddesi yoktur!<\/strong><\/span><br \/>\n<span style=\"color: #000000;\"><strong>* koruyucu veya hayvansal madde i\u00e7ermez.<\/strong><\/span><br \/>\n<span style=\"color: #000000;\"><strong>* hayvanlar ve bitkiler \u00fczerinde yap\u0131lan her t\u00fcrl\u00fc hayvan testi\/deneme uygulamas\u0131n\u0131 reddeder.<\/strong><\/span><\/p>\n<p><span style=\"color: #000000;\"><strong>1. C\u0130LD\u0130N DAHA DER\u0130N KATMANLARINA N\u00dcFUZ ETMES\u0130 \u0130\u00c7\u0130N \u201dD\u00dc\u015e\u00dcK MOLEK\u00dcLER A\u011eIRLIKLI HYALURON\u0130K AS\u0130T\u201d.<\/strong><\/span><br \/>\n<span style=\"color: #000000;\"><strong>C\u0130LTTE, D\u00dc\u015e\u00dcK MOLEK\u00dcLER A\u011eIRLIKLI HYLURON KULLANIMI \u0130LE, V\u00dcCUDUN KEND\u0130 H\u00dcCRE \u00dcRET\u0130M\u0130N\u0130 UYARARAK UZUN S\u00dcREL\u0130 B\u0130R ETK\u0130 ELDE ED\u0130L\u0130R.<\/strong><\/span><br \/>\n<span style=\"color: #000000;\"><strong>2. \u201dORTA MOLEK\u00dcLER A\u011eIRLIKLI HYALURON\u0130K AS\u0130T\u201d. BA\u011e DOKUSUNDAK\u0130 SU MOLEK\u00dcLLER\u0130N\u0130 BA\u011eLAYARAK C\u0130LT YAPISININ DOLGUNLA\u015eMASINI SA\u011eLAR.<\/strong><\/span><br \/>\n<span style=\"color: #000000;\"><strong>3. \u201dY\u00dcKSEK MOLEK\u00dcLER A\u011eIRLIKLI HYALURON\u0130K AS\u0130T\u201d. HEM C\u0130LT ALTINA \u00c7ALI\u015eIR HEM DE C\u0130LT Y\u00dcZEY\u0130NDE KISA S\u00dcREL\u0130 B\u0130R ETK\u0130YE VE<\/strong><\/span><br \/>\n<span style=\"color: #000000;\"><strong>C\u0130LT Y\u00dcZEY\u0130NDE SER\u0130NLET\u0130C\u0130, NEMLEND\u0130R\u0130C\u0130 B\u0130R TABAKA OLU\u015eTURMADA ETK\u0130L\u0130D\u0130R.<\/strong><\/span><\/p>\n<p><span style=\"color: #000000;\"><strong>G\u00fczellik ve \u00e7ekicilik arzusu do\u011fal olarak insanlarda derinlere k\u00f6k salm\u0131\u015ft\u0131r.<\/strong><\/span><br \/>\n<span style=\"color: #000000;\"><strong>\u00c7ekici ve kusursuz bir g\u00f6r\u00fcn\u00fcmde cildin g\u00f6r\u00fcn\u00fcm\u00fcn\u00fcn \u00f6nemli bir pay\u0131 vard\u0131r.<\/strong><\/span><br \/>\n<span style=\"color: #000000;\"><strong>\u201cOlgun cilt\u201d, \u201cgen\u00e7 cilt\u201dten \u00e7e\u015fitli \u015fekillerde farkl\u0131d\u0131r. Kural olarak, d\u00fczensiz keratinizasyon nedeniyle daha kuru ve zay\u0131ft\u0131r.<\/strong><\/span><br \/>\n<span style=\"color: #000000;\"><strong>Dermiste su ba\u011flama kapasitesinin olmamas\u0131, derin k\u0131r\u0131\u015f\u0131kl\u0131klar\u0131n olu\u015fmas\u0131na neden olur ve bu nedenle cilt sarkmas\u0131n\u0131n ana nedenlerinden biridir.<\/strong><\/span><br \/>\n<span style=\"color: #000000;\"><strong>Son y\u0131llarda, optik olarak alg\u0131lanabilir cilt ya\u015flanma s\u00fcrecinin kozmetik olarak yava\u015flat\u0131labilece\u011fi \u00e7ok say\u0131da aktif bile\u015fen geli\u015ftirilmi\u015ftir.<\/strong><\/span><br \/>\n<span style=\"color: #000000;\"><strong>Bununla birlikte, profilaksi (\u00f6nleyici) ve tedavi i\u00e7in bak\u0131m \u00fcr\u00fcnleri, genellikle, gerekli aktif bile\u015fenlerin yetersiz miktarlarda kullan\u0131lmas\u0131 gibi<\/strong><\/span><br \/>\n<span style=\"color: #000000;\"><strong>b\u00fcy\u00fck bir dezavantaja sahiptir, bu sebeple deri katmanlar\u0131n\u0131n gerekli aktif bile\u015fenlerle beslenmesi engellenir.<\/strong><\/span><\/p>\n<p><span style=\"color: #000000;\"><strong>Sencileyin\u00a0 % 100 hyaluronik asit, ya\u015fland\u0131k\u00e7a stresli cildimiz i\u00e7in \u00f6zel olarak geli\u015ftirilmi\u015f yenilik\u00e7i bir \u00fcr\u00fcnd\u00fcr ve gen\u00e7 ciltler i\u00e7in de ideal bir \u00f6nlemdir.<\/strong><\/span><br \/>\n<span style=\"color: #000000;\"><strong>Uzun bir ara\u015ft\u0131rma d\u00f6neminden sonra, Sencileyin % 100 toz hyaluronik asit sayesinde g\u00f6zle g\u00f6r\u00fcl\u00fcr sonu\u00e7lar elde edilebilir.<\/strong><\/span><\/p>","protected":false},"excerpt":{"rendered":"<p><strong><span class=\"selectable-text copyable-text\">Saf toz %100 hyaluronik asit\u00a0<\/span><\/strong><\/p>","protected":false},"featured_media":6522,"comment_status":"open","ping_status":"closed","template":"","meta":[],"etheme_brands":[{"term_id":107,"name":"sencileyinitriyat","slug":"sencileyinitriyat","term_group":0,"term_taxonomy_id":107,"taxonomy":"brand","description":"","parent":0,"count":34,"filter":"raw"}],"product_brand":[],"product_cat":[15],"product_tag":[225],"class_list":{"0":"post-6518","1":"product","2":"type-product","3":"status-publish","4":"has-post-thumbnail","6":"brand-sencileyinitriyat","7":"product_cat-dogal-guzellik","8":"product_tag-guzellik","10":"first","11":"instock","12":"sale","13":"taxable","14":"shipping-taxable","15":"purchasable","16":"product-type-variable"},"yoast_head":"<!-- This site is optimized with the Yoast SEO plugin v23.4 - https:\/\/yoast.com\/wordpress\/plugins\/seo\/ -->\n<title>SENC\u0130LEY\u0130N % 100 HYALURON\u0130K AS\u0130T (SAF TOZ HYALURON) G\u00dcND\u00dcZ \/ GECE - sencileyinitriyat<\/title>\n<meta name=\"robots\" content=\"index, follow, max-snippet:-1, max-image-preview:large, max-video-preview:-1\" \/>\n<link rel=\"canonical\" href=\"https:\/\/sencileyinitriyat.com\/en\/product\/sencileyin-hyaluronik-asit-saf-toz-hyaluron-gunduz-gece\/\" \/>\n<meta property=\"og:locale\" content=\"en_US\" \/>\n<meta property=\"og:type\" content=\"article\" \/>\n<meta property=\"og:title\" content=\"SENC\u0130LEY\u0130N % 100 HYALURON\u0130K AS\u0130T (SAF TOZ HYALURON) G\u00dcND\u00dcZ \/ GECE - sencileyinitriyat\" \/>\n<meta property=\"og:description\" content=\"Saf toz %100 hyaluronik asit\u00a0\" \/>\n<meta property=\"og:url\" content=\"https:\/\/sencileyinitriyat.com\/en\/product\/sencileyin-hyaluronik-asit-saf-toz-hyaluron-gunduz-gece\/\" \/>\n<meta property=\"og:site_name\" content=\"sencileyinitriyat\" \/>\n<meta property=\"article:modified_time\" content=\"2026-04-11T20:32:30+00:00\" \/>\n<meta property=\"og:image\" content=\"https:\/\/sencileyinitriyat.com\/wp-content\/uploads\/2024\/12\/Sade-Modern-Siyah-Beyaz-Yeni-Parfum-Kokuyu-Kesfedin-Instagram-Gonderisi-930-x-1400-\u0628\u064a\u0643\u0633\u0644-300-x-300-\u0628\u064a\u0643\u0633\u0644.png\" \/>\n\t<meta property=\"og:image:width\" content=\"1600\" \/>\n\t<meta property=\"og:image:height\" content=\"1600\" \/>\n\t<meta property=\"og:image:type\" content=\"image\/png\" \/>\n<meta name=\"twitter:card\" content=\"summary_large_image\" \/>\n<meta name=\"twitter:label1\" content=\"Est. reading time\" \/>\n\t<meta name=\"twitter:data1\" content=\"4 minutes\" \/>\n<script type=\"application\/ld+json\" class=\"yoast-schema-graph\">{\"@context\":\"https:\/\/schema.org\",\"@graph\":[{\"@type\":\"WebPage\",\"@id\":\"https:\/\/sencileyinitriyat.com\/product\/sencileyin-hyaluronik-asit-saf-toz-hyaluron-gunduz-gece\/\",\"url\":\"https:\/\/sencileyinitriyat.com\/product\/sencileyin-hyaluronik-asit-saf-toz-hyaluron-gunduz-gece\/\",\"name\":\"SENC\u0130LEY\u0130N % 100 HYALURON\u0130K AS\u0130T (SAF TOZ HYALURON) G\u00dcND\u00dcZ \/ GECE - sencileyinitriyat\",\"isPartOf\":{\"@id\":\"https:\/\/sencileyinitriyat.com\/#website\"},\"primaryImageOfPage\":{\"@id\":\"https:\/\/sencileyinitriyat.com\/product\/sencileyin-hyaluronik-asit-saf-toz-hyaluron-gunduz-gece\/#primaryimage\"},\"image\":{\"@id\":\"https:\/\/sencileyinitriyat.com\/product\/sencileyin-hyaluronik-asit-saf-toz-hyaluron-gunduz-gece\/#primaryimage\"},\"thumbnailUrl\":\"https:\/\/sencileyinitriyat.com\/wp-content\/uploads\/2024\/12\/Sade-Modern-Siyah-Beyaz-Yeni-Parfum-Kokuyu-Kesfedin-Instagram-Gonderisi-930-x-1400-\u0628\u064a\u0643\u0633\u0644-300-x-300-\u0628\u064a\u0643\u0633\u0644.png\",\"datePublished\":\"2024-12-03T08:44:49+00:00\",\"dateModified\":\"2026-04-11T20:32:30+00:00\",\"breadcrumb\":{\"@id\":\"https:\/\/sencileyinitriyat.com\/product\/sencileyin-hyaluronik-asit-saf-toz-hyaluron-gunduz-gece\/#breadcrumb\"},\"inLanguage\":\"en-US\",\"potentialAction\":[{\"@type\":\"ReadAction\",\"target\":[\"https:\/\/sencileyinitriyat.com\/product\/sencileyin-hyaluronik-asit-saf-toz-hyaluron-gunduz-gece\/\"]}]},{\"@type\":\"ImageObject\",\"inLanguage\":\"en-US\",\"@id\":\"https:\/\/sencileyinitriyat.com\/product\/sencileyin-hyaluronik-asit-saf-toz-hyaluron-gunduz-gece\/#primaryimage\",\"url\":\"https:\/\/sencileyinitriyat.com\/wp-content\/uploads\/2024\/12\/Sade-Modern-Siyah-Beyaz-Yeni-Parfum-Kokuyu-Kesfedin-Instagram-Gonderisi-930-x-1400-\u0628\u064a\u0643\u0633\u0644-300-x-300-\u0628\u064a\u0643\u0633\u0644.png\",\"contentUrl\":\"https:\/\/sencileyinitriyat.com\/wp-content\/uploads\/2024\/12\/Sade-Modern-Siyah-Beyaz-Yeni-Parfum-Kokuyu-Kesfedin-Instagram-Gonderisi-930-x-1400-\u0628\u064a\u0643\u0633\u0644-300-x-300-\u0628\u064a\u0643\u0633\u0644.png\",\"width\":1600,\"height\":1600},{\"@type\":\"BreadcrumbList\",\"@id\":\"https:\/\/sencileyinitriyat.com\/product\/sencileyin-hyaluronik-asit-saf-toz-hyaluron-gunduz-gece\/#breadcrumb\",\"itemListElement\":[{\"@type\":\"ListItem\",\"position\":1,\"name\":\"Home\",\"item\":\"https:\/\/sencileyinitriyat.com\/\"},{\"@type\":\"ListItem\",\"position\":2,\"name\":\"Ma\u011faza\",\"item\":\"https:\/\/sencileyinitriyat.com\/magaza\/\"},{\"@type\":\"ListItem\",\"position\":3,\"name\":\"SENC\u0130LEY\u0130N % 100 HYALURON\u0130K AS\u0130T (SAF TOZ HYALURON) G\u00dcND\u00dcZ \/ GECE\"}]},{\"@type\":\"WebSite\",\"@id\":\"https:\/\/sencileyinitriyat.com\/#website\",\"url\":\"https:\/\/sencileyinitriyat.com\/\",\"name\":\"sencileyinitriyat\",\"description\":\"\",\"publisher\":{\"@id\":\"https:\/\/sencileyinitriyat.com\/#organization\"},\"alternateName\":\"sencileyin\",\"potentialAction\":[{\"@type\":\"SearchAction\",\"target\":{\"@type\":\"EntryPoint\",\"urlTemplate\":\"https:\/\/sencileyinitriyat.com\/?s={search_term_string}\"},\"query-input\":{\"@type\":\"PropertyValueSpecification\",\"valueRequired\":true,\"valueName\":\"search_term_string\"}}],\"inLanguage\":\"en-US\"},{\"@type\":\"Organization\",\"@id\":\"https:\/\/sencileyinitriyat.com\/#organization\",\"name\":\"sencileyinitriyat\",\"url\":\"https:\/\/sencileyinitriyat.com\/\",\"logo\":{\"@type\":\"ImageObject\",\"inLanguage\":\"en-US\",\"@id\":\"https:\/\/sencileyinitriyat.com\/#\/schema\/logo\/image\/\",\"url\":\"https:\/\/sencileyinitriyat.com\/wp-content\/uploads\/2024\/09\/WhatsApp-Image-2024-08-22-at-12.34.26-PM.jpeg\",\"contentUrl\":\"https:\/\/sencileyinitriyat.com\/wp-content\/uploads\/2024\/09\/WhatsApp-Image-2024-08-22-at-12.34.26-PM.jpeg\",\"width\":954,\"height\":856,\"caption\":\"sencileyinitriyat\"},\"image\":{\"@id\":\"https:\/\/sencileyinitriyat.com\/#\/schema\/logo\/image\/\"},\"sameAs\":[\"https:\/\/www.instagram.com\/sencileyinitriyat\"]}]}<\/script>\n<!-- \/ Yoast SEO plugin. -->","yoast_head_json":{"title":"SENC\u0130LEY\u0130N % 100 HYALURON\u0130K AS\u0130T (SAF TOZ HYALURON) G\u00dcND\u00dcZ \/ GECE - sencileyinitriyat","robots":{"index":"index","follow":"follow","max-snippet":"max-snippet:-1","max-image-preview":"max-image-preview:large","max-video-preview":"max-video-preview:-1"},"canonical":"https:\/\/sencileyinitriyat.com\/en\/product\/sencileyin-hyaluronik-asit-saf-toz-hyaluron-gunduz-gece\/","og_locale":"en_US","og_type":"article","og_title":"SENC\u0130LEY\u0130N % 100 HYALURON\u0130K AS\u0130T (SAF TOZ HYALURON) G\u00dcND\u00dcZ \/ GECE - sencileyinitriyat","og_description":"Saf toz %100 hyaluronik asit\u00a0","og_url":"https:\/\/sencileyinitriyat.com\/en\/product\/sencileyin-hyaluronik-asit-saf-toz-hyaluron-gunduz-gece\/","og_site_name":"sencileyinitriyat","article_modified_time":"2026-04-11T20:32:30+00:00","og_image":[{"width":1600,"height":1600,"url":"https:\/\/sencileyinitriyat.com\/wp-content\/uploads\/2024\/12\/Sade-Modern-Siyah-Beyaz-Yeni-Parfum-Kokuyu-Kesfedin-Instagram-Gonderisi-930-x-1400-\u0628\u064a\u0643\u0633\u0644-300-x-300-\u0628\u064a\u0643\u0633\u0644.png","type":"image\/png"}],"twitter_card":"summary_large_image","twitter_misc":{"Est. reading time":"4 minutes"},"schema":{"@context":"https:\/\/schema.org","@graph":[{"@type":"WebPage","@id":"https:\/\/sencileyinitriyat.com\/product\/sencileyin-hyaluronik-asit-saf-toz-hyaluron-gunduz-gece\/","url":"https:\/\/sencileyinitriyat.com\/product\/sencileyin-hyaluronik-asit-saf-toz-hyaluron-gunduz-gece\/","name":"SENC\u0130LEY\u0130N % 100 HYALURON\u0130K AS\u0130T (SAF TOZ HYALURON) G\u00dcND\u00dcZ \/ GECE - sencileyinitriyat","isPartOf":{"@id":"https:\/\/sencileyinitriyat.com\/#website"},"primaryImageOfPage":{"@id":"https:\/\/sencileyinitriyat.com\/product\/sencileyin-hyaluronik-asit-saf-toz-hyaluron-gunduz-gece\/#primaryimage"},"image":{"@id":"https:\/\/sencileyinitriyat.com\/product\/sencileyin-hyaluronik-asit-saf-toz-hyaluron-gunduz-gece\/#primaryimage"},"thumbnailUrl":"https:\/\/sencileyinitriyat.com\/wp-content\/uploads\/2024\/12\/Sade-Modern-Siyah-Beyaz-Yeni-Parfum-Kokuyu-Kesfedin-Instagram-Gonderisi-930-x-1400-\u0628\u064a\u0643\u0633\u0644-300-x-300-\u0628\u064a\u0643\u0633\u0644.png","datePublished":"2024-12-03T08:44:49+00:00","dateModified":"2026-04-11T20:32:30+00:00","breadcrumb":{"@id":"https:\/\/sencileyinitriyat.com\/product\/sencileyin-hyaluronik-asit-saf-toz-hyaluron-gunduz-gece\/#breadcrumb"},"inLanguage":"en-US","potentialAction":[{"@type":"ReadAction","target":["https:\/\/sencileyinitriyat.com\/product\/sencileyin-hyaluronik-asit-saf-toz-hyaluron-gunduz-gece\/"]}]},{"@type":"ImageObject","inLanguage":"en-US","@id":"https:\/\/sencileyinitriyat.com\/product\/sencileyin-hyaluronik-asit-saf-toz-hyaluron-gunduz-gece\/#primaryimage","url":"https:\/\/sencileyinitriyat.com\/wp-content\/uploads\/2024\/12\/Sade-Modern-Siyah-Beyaz-Yeni-Parfum-Kokuyu-Kesfedin-Instagram-Gonderisi-930-x-1400-\u0628\u064a\u0643\u0633\u0644-300-x-300-\u0628\u064a\u0643\u0633\u0644.png","contentUrl":"https:\/\/sencileyinitriyat.com\/wp-content\/uploads\/2024\/12\/Sade-Modern-Siyah-Beyaz-Yeni-Parfum-Kokuyu-Kesfedin-Instagram-Gonderisi-930-x-1400-\u0628\u064a\u0643\u0633\u0644-300-x-300-\u0628\u064a\u0643\u0633\u0644.png","width":1600,"height":1600},{"@type":"BreadcrumbList","@id":"https:\/\/sencileyinitriyat.com\/product\/sencileyin-hyaluronik-asit-saf-toz-hyaluron-gunduz-gece\/#breadcrumb","itemListElement":[{"@type":"ListItem","position":1,"name":"Home","item":"https:\/\/sencileyinitriyat.com\/"},{"@type":"ListItem","position":2,"name":"Ma\u011faza","item":"https:\/\/sencileyinitriyat.com\/magaza\/"},{"@type":"ListItem","position":3,"name":"SENC\u0130LEY\u0130N % 100 HYALURON\u0130K AS\u0130T (SAF TOZ HYALURON) G\u00dcND\u00dcZ \/ GECE"}]},{"@type":"WebSite","@id":"https:\/\/sencileyinitriyat.com\/#website","url":"https:\/\/sencileyinitriyat.com\/","name":"sencileyinitriyat","description":"","publisher":{"@id":"https:\/\/sencileyinitriyat.com\/#organization"},"alternateName":"sencileyin","potentialAction":[{"@type":"SearchAction","target":{"@type":"EntryPoint","urlTemplate":"https:\/\/sencileyinitriyat.com\/?s={search_term_string}"},"query-input":{"@type":"PropertyValueSpecification","valueRequired":true,"valueName":"search_term_string"}}],"inLanguage":"en-US"},{"@type":"Organization","@id":"https:\/\/sencileyinitriyat.com\/#organization","name":"sencileyinitriyat","url":"https:\/\/sencileyinitriyat.com\/","logo":{"@type":"ImageObject","inLanguage":"en-US","@id":"https:\/\/sencileyinitriyat.com\/#\/schema\/logo\/image\/","url":"https:\/\/sencileyinitriyat.com\/wp-content\/uploads\/2024\/09\/WhatsApp-Image-2024-08-22-at-12.34.26-PM.jpeg","contentUrl":"https:\/\/sencileyinitriyat.com\/wp-content\/uploads\/2024\/09\/WhatsApp-Image-2024-08-22-at-12.34.26-PM.jpeg","width":954,"height":856,"caption":"sencileyinitriyat"},"image":{"@id":"https:\/\/sencileyinitriyat.com\/#\/schema\/logo\/image\/"},"sameAs":["https:\/\/www.instagram.com\/sencileyinitriyat"]}]}},"_links":{"self":[{"href":"https:\/\/sencileyinitriyat.com\/en\/wp-json\/wp\/v2\/product\/6518","targetHints":{"allow":["GET"]}}],"collection":[{"href":"https:\/\/sencileyinitriyat.com\/en\/wp-json\/wp\/v2\/product"}],"about":[{"href":"https:\/\/sencileyinitriyat.com\/en\/wp-json\/wp\/v2\/types\/product"}],"replies":[{"embeddable":true,"href":"https:\/\/sencileyinitriyat.com\/en\/wp-json\/wp\/v2\/comments?post=6518"}],"version-history":[{"count":4,"href":"https:\/\/sencileyinitriyat.com\/en\/wp-json\/wp\/v2\/product\/6518\/revisions"}],"predecessor-version":[{"id":8104,"href":"https:\/\/sencileyinitriyat.com\/en\/wp-json\/wp\/v2\/product\/6518\/revisions\/8104"}],"wp:featuredmedia":[{"embeddable":true,"href":"https:\/\/sencileyinitriyat.com\/en\/wp-json\/wp\/v2\/media\/6522"}],"wp:attachment":[{"href":"https:\/\/sencileyinitriyat.com\/en\/wp-json\/wp\/v2\/media?parent=6518"}],"wp:term":[{"taxonomy":"brand","embeddable":true,"href":"https:\/\/sencileyinitriyat.com\/en\/wp-json\/wp\/v2\/etheme_brands?post=6518"},{"taxonomy":"product_brand","embeddable":true,"href":"https:\/\/sencileyinitriyat.com\/en\/wp-json\/wp\/v2\/product_brand?post=6518"},{"taxonomy":"product_cat","embeddable":true,"href":"https:\/\/sencileyinitriyat.com\/en\/wp-json\/wp\/v2\/product_cat?post=6518"},{"taxonomy":"product_tag","embeddable":true,"href":"https:\/\/sencileyinitriyat.com\/en\/wp-json\/wp\/v2\/product_tag?post=6518"}],"curies":[{"name":"wp","href":"https:\/\/api.w.org\/{rel}","templated":true}]}}