{"id":6538,"date":"2024-12-03T09:04:39","date_gmt":"2024-12-03T09:04:39","guid":{"rendered":"https:\/\/sencileyinitriyat.com\/?post_type=product&#038;p=6538"},"modified":"2026-04-11T20:45:53","modified_gmt":"2026-04-11T20:45:53","slug":"sencileyin-organik-saf-dogal-argan-cekirdegi-yagi","status":"publish","type":"product","link":"https:\/\/sencileyinitriyat.com\/en\/product\/sencileyin-organik-saf-dogal-argan-cekirdegi-yagi\/","title":{"rendered":"SENC\u0130LEY\u0130N ORGAN\u0130K DO\u011eAL SAF %100 ARGAN \u00c7EK\u0130RDE\u011e\u0130 YA\u011eI"},"content":{"rendered":"<p><span style=\"color: #000000;\"><strong>SENC\u0130LEY\u0130N ARGAN YA\u011eIMIZIN \u00c7EK\u0130RDEKLER\u0130, egzos ve fabrika duman\u0131 g\u00f6rmeyen b\u00f6lgeden temin edilmi\u015ftir, (karbon filtrelidir).<\/strong><\/span><\/p>\n<p><span style=\"color: #000000;\"><strong>Sencileyin firmam\u0131z taraf\u0131ndan, organik ve do\u011fal, (Bio Organik i\u015faretli) argan \u00e7ekirdeklerinin temininden,<br \/>\n(Fas\u2019\u0131n Atlas Okyanusu taraf\u0131ndaki Unesco taraf\u0131ndan kontrol al\u0131nm\u0131\u015f korunakl\u0131 alanlardan,\u00a0Fas\/Marake\u015f\u2019ten al\u0131narak),<br \/>\nOrganik ve saf argan ya\u011f\u0131 \u00fcretimine kadar\u00a0(Almanya\u2019da \u00fcretilmi\u015ftir),<br \/>\nArgan \u00c7ekirde\u011fi ya\u011f\u0131m\u0131z, \u00e7ekirdek al\u0131m\u0131ndan ya\u011f \u00fcretimine kadar firmam\u0131z kontrol\u00fcnde \u00fcrettirilen organik,<br \/>\ndo\u011fal ve saf % 100 argan \u00e7ekirde\u011fi ya\u011f\u0131d\u0131r.<br \/>\n<\/strong><\/span><\/p>\n<p><span style=\"color: #000000;\"><strong>SENC\u0130LEY\u0130N ORGANI\u0307K DO\u011eAL SAF % 100 ARGAN \u00c7EK\u0130RDE\u011e\u0130 YA\u011eI :<br \/>\nORGANIC NATURAL PURE 100 % ARGANE SEED OIL<br \/>\n\u0632\u064a\u062a\u00a0<span class=\"Y2IQFc\" lang=\"ar\">\u0628\u0630\u0648\u0631<\/span>\u0627\u0644\u0623\u0631\u063a\u0627\u0646\u064a\u0627 \u0627\u0644\u0639\u0636\u0648\u064a<br \/>\nARGANIA SPINOSA<\/strong><\/span><\/p>\n<p><span style=\"color: #000000;\"><strong>\u2022 G\u00f6z \u00e7evresi, y\u00fcz, kirpik, ka\u015f, sa\u00e7, sa\u00e7 derisi, el, t\u0131rnak, ayak ve b\u00fct\u00fcn v\u00fccut i\u00e7in kullan\u0131m\u0131 uygundur.<br \/>\n\u2022 Do\u011fal bir cilt k\u0131r\u0131\u015f\u0131kl\u0131\u011f\u0131 ve ya\u015flanma kar\u015f\u0131t\u0131 ya\u011fd\u0131r, d\u00fcnya literat\u00fcr\u00fcnde\u00a0likit alt\u0131n (liquid gold)\u00a0olarak adland\u0131r\u0131l\u0131r<br \/>\nmaalesef t\u00fcm d\u00fcnyada en \u00e7ok \u00e7o\u011falt\u0131lan ya\u011fd\u0131r! Saf\u0131n\u0131 bulmak zordur.<br \/>\nSencileyin organik argan ya\u011f\u0131 saf (pure), gliserin vb. katk\u0131 maddesi i\u00e7ermez ve fermente edilmemi\u015ftir, en iyi kalitedir.<br \/>\n\u2022 \u0130\u00e7erdi\u011fi aktif bile\u015fenler cildin ya\u015flanmas\u0131n\u0131 y\u00fcksek derecede engellemeye yard\u0131mc\u0131 olur.<br \/>\n\u2022 T\u00fcm ciltlere uygun, g\u00fcnl\u00fck bak\u0131m i\u00e7in ideal bir ya\u011fd\u0131r.<br \/>\n\u2022 En etkili seviyede besleyici, yenileyici ve t\u00fcm v\u00fccuda de\u011ferli nem sa\u011flayan esansiyel ya\u011f asitleri a\u00e7\u0131s\u0131ndan zengindir.<br \/>\n\u2022 E vitamini, fenolik asitler ve flavonoidler gibi bir\u00e7ok do\u011fal antioksidan i\u00e7erir.<br \/>\n\u2022 Sencileyin organik do\u011fal saf % 100 argan \u00e7ekirde\u011fi ya\u011f\u0131 ile cildinizi canlanm\u0131\u015f, bak\u0131ml\u0131, kadifemsi hissedersiniz.<br \/>\n\u2022 Y\u00fcz i\u00e7in nemlendirici ve canland\u0131r\u0131c\u0131, sa\u00e7 ve t\u0131rnaklar i\u00e7in sa\u011fl\u0131kl\u0131, g\u00fc\u00e7l\u00fc b\u00fcy\u00fcmeyi\u0307 destekleyicidir.<\/strong><\/span><\/p>\n<p><span style=\"color: #000000;\"><strong>B\u0130LE\u015eENLER: ORGANIC PURE 100 % ARGANIA SPINOSA SEED OIL (NATURAL)<br \/>\n(ORGAN\u0130K DO\u011eAL SAF % 100 ARGAN \u00c7EK\u0130RDE\u011e\u0130 YA\u011eI)<br \/>\nG\u00d6R\u00dcN\u00dcM: Likit<br \/>\nRENK: Karakteristik<br \/>\nKOKU: Karakteristik<br \/>\n\u00c7\u00d6Z\u00dcN\u00dcRL\u00dcK: \u00c7\u00f6z\u00fcnmez<br \/>\nV\u0130SKOZ\u0130TE: &lt; 1000<br \/>\nYO\u011eUNLUK: 0,89 g\/ml<br \/>\nSAFLIK: % 100<\/strong><\/span><\/p>\n<p><span style=\"color: #000000;\"><strong>UYGULAMA \u00d6NER\u0130S\u0130:<br \/>\n\u2022 Normal veya karma ciltler i\u00e7in g\u00fcnde 2-3 damla, kuru veya olgun ciltler i\u00e7in g\u00fcnde 4-5 damla haricen elinizle masaj yaparak uygulay\u0131n\u0131z,<br \/>\n(uygulama esnas\u0131nda pamukla vb. s\u00fcrmenize gerek yoktur),<br \/>\n\u2022 Cilt bak\u0131m\u0131 ama\u00e7l\u0131 g\u00f6z \u00e7evresine, t\u00fcm y\u00fcz b\u00f6lgesine, ellere veya sa\u00e7 i\u00e7in kullan\u0131lan,<br \/>\ndo\u011fal oldu\u011fu i\u00e7in durulanmas\u0131na gerek olmayan bir ya\u011fd\u0131r.<br \/>\n\u2022 Do\u011fal g\u00fcne\u015f koruma fakt\u00f6r\u00fc 3 \u2018 t\u00fcr.<\/strong><\/span><\/p>\n<p><span style=\"color: #000000;\"><strong>DEPOLAMA \u00d6NER\u0130S\u0130 :<br \/>\nDirek g\u00fcne\u015f \u0131\u015f\u0131\u011f\u0131ndan uzak, serin ve kuru yerde muhafaza ediniz.<\/strong><\/span><\/p>\n<p><span style=\"color: #000000;\"><strong>Organik Do\u011fal Saf % 100 Argan \u00e7ekirde\u011fi ya\u011f\u0131 \/ Organic Pure 100 % Argane seed oil (Natural)<br \/>\nOrigin: Morocco (Fas) \/ Manufacture: Germany (Almanya)<br \/>\nHammadde Men\u015fei : Fas (\u00e7ekirdek temini Sencileyin Itriyat taraf\u0131ndan yap\u0131lm\u0131\u015ft\u0131r).<br \/>\n\u00dcretim Yeri: Made In Deutschland (Almanya\u2019da \u00fcretildi).<br \/>\nHergestell F\u00fcr : Sencileyin Itriyat (T\u00fcrkei\/T\u00fcrkiye) i\u00e7in ya\u011f \u00fcretimi yap\u0131lm\u0131\u015ft\u0131r.<br \/>\nTraditional Production (Geleneksel \u00dcretim)<br \/>\nNo Added Preservatives 100% Naturel<br \/>\n(Katk\u0131 maddesi, gliserin ve koruyucu i\u00e7ermez % 100 do\u011fal).<br \/>\n1 L of oil from 50 kg of seeds<br \/>\n(1 lt Sencileyin Argan ya\u011f\u0131 elde etmek i\u00e7in 50 kg \u00e7ekirdek kullan\u0131lm\u0131\u015ft\u0131r,<br \/>\ngeleneksel so\u011fuk presleme de\u011firmen y\u00f6ntemi ile s\u0131k\u0131lm\u0131\u015ft\u0131r).<\/strong><\/span><\/p>\n<p><span style=\"color: #000000;\"><strong>EcoCert Certified (EU) \/ Bio Organic Certified (EU)<\/strong><\/span><br \/>\n<span style=\"color: #000000;\"><strong>Organic certified: TN-BIO-002 (100% Organic)<\/strong><\/span><br \/>\n<span style=\"color: #000000;\"><strong>GMP \u00fcretim onayl\u0131.<\/strong><\/span><br \/>\n<span style=\"color: #000000;\"><strong>Avrupa Birli\u011fi \u00fclkelerinde sat\u0131labilir.<\/strong><\/span><br \/>\n<span style=\"color: #000000;\"><strong>Fas ihracaat Numaras\u0131 (\u00e7ekirdek): MOROCCO: CCPB: MA-BIO-102<\/strong><\/span><br \/>\n<span style=\"color: #000000;\"><strong>Almanya ihracaat Numaras\u0131 (ya\u011f): GERMANY: AbCert: DE-\u00d6KO-006<\/strong><\/span><br \/>\n<span style=\"color: #000000;\"><strong>\u0130thalat\u00e7\u0131 Firma (Importer): Sencileyin Itriyat.<\/strong><\/span><br \/>\n<span style=\"color: #000000;\"><strong>BARKOD NUMARASI : 8684166130089 (SENC\u0130LEY\u0130N ITR\u0130YAT) 10 gr<\/strong><\/span><br \/>\n<span style=\"color: #000000;\"><strong>BARKOD NUMARASI : 8684166130096 (SENC\u0130LEY\u0130N ITR\u0130YAT) 17 gr<\/strong><\/span><\/p>\n<p><span style=\"color: #000000;\"><strong>\u2022 Orjinal \u00fcr\u00fcn (% 100 do\u011fal).<br \/>\n\u2022 Organik sertifikal\u0131 (tohum olarak; organik sertifikas\u0131 bulundu\u011fu yerde temini esnas\u0131nda<br \/>\n(Fas\/Marake\u015f atlas okyanusuna bakan taraf\u0131),<br \/>\nya\u011f olarak; organik sertifikas\u0131 \u00fcretim esnas\u0131nda Avrupa\u2019dan (Almanya) al\u0131nm\u0131\u015ft\u0131r.<br \/>\n\u2022 \u00c7ekirdek bio organik sertifikal\u0131, ya\u011f \u00fcretimi organik sertifikal\u0131.<br \/>\n\u2022 Ecocert sertifikal\u0131 (Avrupa\u2019da organik sertifikal\u0131 sat\u0131labilir belgeli).<br \/>\n\u2022 Gmp \u00fcretim onayl\u0131.<br \/>\n\u2022 Geleneksel so\u011fuk presleme de\u011firmen y\u00f6ntemi ile elde edilmi\u015ftir.<br \/>\nBu y\u00f6ntem \u00e7ok zahmetli ve T\u00fcrkiye\u2019de uygulanmayan bir so\u011fuk pres ya\u011f elde etme y\u00f6ntemidir.<br \/>\n\u2022 Koruyucu, gliserin ve katk\u0131 maddesi i\u00e7ermez.<br \/>\n\u2022 Seyreltilmemi\u015ftir, fermente edilmemi\u015ftir ve saft\u0131r.<br \/>\n\u2022 Organik, do\u011fal (natural), saf (pure) Sencileyin organik argan ya\u011f\u0131 en iyi kalitededir.<br \/>\n\u2022 Sencileyin \u0131triyat olarak; organik do\u011fal saf % 100 argan \u00e7ekirde\u011fi ya\u011f\u0131m\u0131z\u0131n, y\u00fcksek aktif bile\u015fen i\u00e7eri\u011finin tam olarak korundu\u011funu garanti ederiz.<\/strong><\/span><\/p>","protected":false},"excerpt":{"rendered":"<p><span style=\"color: #000000;\"><strong>SENC\u0130LEY\u0130N ORGAN\u0130K DO\u011eAL SAF % 100 ARGAN \u00c7EK\u0130RDE\u011e\u0130 YA\u011eI<\/strong><\/span><\/p>","protected":false},"featured_media":6543,"comment_status":"open","ping_status":"closed","template":"","meta":[],"etheme_brands":[{"term_id":107,"name":"sencileyinitriyat","slug":"sencileyinitriyat","term_group":0,"term_taxonomy_id":107,"taxonomy":"brand","description":"","parent":0,"count":34,"filter":"raw"}],"product_brand":[],"product_cat":[15],"product_tag":[225],"class_list":{"0":"post-6538","1":"product","2":"type-product","3":"status-publish","4":"has-post-thumbnail","6":"brand-sencileyinitriyat","7":"product_cat-dogal-guzellik","8":"product_tag-guzellik","10":"first","11":"instock","12":"sale","13":"taxable","14":"shipping-taxable","15":"purchasable","16":"product-type-variable"},"yoast_head":"<!-- This site is optimized with the Yoast SEO plugin v23.4 - https:\/\/yoast.com\/wordpress\/plugins\/seo\/ -->\n<title>SENC\u0130LEY\u0130N ORGAN\u0130K DO\u011eAL SAF %100 ARGAN \u00c7EK\u0130RDE\u011e\u0130 YA\u011eI - sencileyinitriyat<\/title>\n<meta name=\"robots\" content=\"index, follow, max-snippet:-1, max-image-preview:large, max-video-preview:-1\" \/>\n<link rel=\"canonical\" href=\"https:\/\/sencileyinitriyat.com\/en\/product\/sencileyin-organik-saf-dogal-argan-cekirdegi-yagi\/\" \/>\n<meta property=\"og:locale\" content=\"en_US\" \/>\n<meta property=\"og:type\" content=\"article\" \/>\n<meta property=\"og:title\" content=\"SENC\u0130LEY\u0130N ORGAN\u0130K DO\u011eAL SAF %100 ARGAN \u00c7EK\u0130RDE\u011e\u0130 YA\u011eI - sencileyinitriyat\" \/>\n<meta property=\"og:description\" content=\"SENC\u0130LEY\u0130N ORGAN\u0130K DO\u011eAL SAF % 100 ARGAN \u00c7EK\u0130RDE\u011e\u0130 YA\u011eI\" \/>\n<meta property=\"og:url\" content=\"https:\/\/sencileyinitriyat.com\/en\/product\/sencileyin-organik-saf-dogal-argan-cekirdegi-yagi\/\" \/>\n<meta property=\"og:site_name\" content=\"sencileyinitriyat\" \/>\n<meta property=\"article:modified_time\" content=\"2026-04-11T20:45:53+00:00\" \/>\n<meta property=\"og:image\" content=\"https:\/\/sencileyinitriyat.com\/wp-content\/uploads\/2024\/12\/Sade-Modern-Siyah-Beyaz-Yeni-Parfum-Kokuyu-Kesfedin-Instagram-Gonderisi-930-x-1400-\u0628\u064a\u0643\u0633\u0644-300-x-300-\u0628\u064a\u0643\u0633\u0644-2.jpg\" \/>\n\t<meta property=\"og:image:width\" content=\"1600\" \/>\n\t<meta property=\"og:image:height\" content=\"1600\" \/>\n\t<meta property=\"og:image:type\" content=\"image\/jpeg\" \/>\n<meta name=\"twitter:card\" content=\"summary_large_image\" \/>\n<meta name=\"twitter:label1\" content=\"Est. reading time\" \/>\n\t<meta name=\"twitter:data1\" content=\"3 minutes\" \/>\n<script type=\"application\/ld+json\" class=\"yoast-schema-graph\">{\"@context\":\"https:\/\/schema.org\",\"@graph\":[{\"@type\":\"WebPage\",\"@id\":\"https:\/\/sencileyinitriyat.com\/product\/sencileyin-organik-saf-dogal-argan-cekirdegi-yagi\/\",\"url\":\"https:\/\/sencileyinitriyat.com\/product\/sencileyin-organik-saf-dogal-argan-cekirdegi-yagi\/\",\"name\":\"SENC\u0130LEY\u0130N ORGAN\u0130K DO\u011eAL SAF %100 ARGAN \u00c7EK\u0130RDE\u011e\u0130 YA\u011eI - sencileyinitriyat\",\"isPartOf\":{\"@id\":\"https:\/\/sencileyinitriyat.com\/#website\"},\"primaryImageOfPage\":{\"@id\":\"https:\/\/sencileyinitriyat.com\/product\/sencileyin-organik-saf-dogal-argan-cekirdegi-yagi\/#primaryimage\"},\"image\":{\"@id\":\"https:\/\/sencileyinitriyat.com\/product\/sencileyin-organik-saf-dogal-argan-cekirdegi-yagi\/#primaryimage\"},\"thumbnailUrl\":\"https:\/\/sencileyinitriyat.com\/wp-content\/uploads\/2024\/12\/Sade-Modern-Siyah-Beyaz-Yeni-Parfum-Kokuyu-Kesfedin-Instagram-Gonderisi-930-x-1400-\u0628\u064a\u0643\u0633\u0644-300-x-300-\u0628\u064a\u0643\u0633\u0644-2.jpg\",\"datePublished\":\"2024-12-03T09:04:39+00:00\",\"dateModified\":\"2026-04-11T20:45:53+00:00\",\"breadcrumb\":{\"@id\":\"https:\/\/sencileyinitriyat.com\/product\/sencileyin-organik-saf-dogal-argan-cekirdegi-yagi\/#breadcrumb\"},\"inLanguage\":\"en-US\",\"potentialAction\":[{\"@type\":\"ReadAction\",\"target\":[\"https:\/\/sencileyinitriyat.com\/product\/sencileyin-organik-saf-dogal-argan-cekirdegi-yagi\/\"]}]},{\"@type\":\"ImageObject\",\"inLanguage\":\"en-US\",\"@id\":\"https:\/\/sencileyinitriyat.com\/product\/sencileyin-organik-saf-dogal-argan-cekirdegi-yagi\/#primaryimage\",\"url\":\"https:\/\/sencileyinitriyat.com\/wp-content\/uploads\/2024\/12\/Sade-Modern-Siyah-Beyaz-Yeni-Parfum-Kokuyu-Kesfedin-Instagram-Gonderisi-930-x-1400-\u0628\u064a\u0643\u0633\u0644-300-x-300-\u0628\u064a\u0643\u0633\u0644-2.jpg\",\"contentUrl\":\"https:\/\/sencileyinitriyat.com\/wp-content\/uploads\/2024\/12\/Sade-Modern-Siyah-Beyaz-Yeni-Parfum-Kokuyu-Kesfedin-Instagram-Gonderisi-930-x-1400-\u0628\u064a\u0643\u0633\u0644-300-x-300-\u0628\u064a\u0643\u0633\u0644-2.jpg\",\"width\":1600,\"height\":1600},{\"@type\":\"BreadcrumbList\",\"@id\":\"https:\/\/sencileyinitriyat.com\/product\/sencileyin-organik-saf-dogal-argan-cekirdegi-yagi\/#breadcrumb\",\"itemListElement\":[{\"@type\":\"ListItem\",\"position\":1,\"name\":\"Home\",\"item\":\"https:\/\/sencileyinitriyat.com\/\"},{\"@type\":\"ListItem\",\"position\":2,\"name\":\"Ma\u011faza\",\"item\":\"https:\/\/sencileyinitriyat.com\/magaza\/\"},{\"@type\":\"ListItem\",\"position\":3,\"name\":\"SENC\u0130LEY\u0130N ORGAN\u0130K DO\u011eAL SAF %100 ARGAN \u00c7EK\u0130RDE\u011e\u0130 YA\u011eI\"}]},{\"@type\":\"WebSite\",\"@id\":\"https:\/\/sencileyinitriyat.com\/#website\",\"url\":\"https:\/\/sencileyinitriyat.com\/\",\"name\":\"sencileyinitriyat\",\"description\":\"\",\"publisher\":{\"@id\":\"https:\/\/sencileyinitriyat.com\/#organization\"},\"alternateName\":\"sencileyin\",\"potentialAction\":[{\"@type\":\"SearchAction\",\"target\":{\"@type\":\"EntryPoint\",\"urlTemplate\":\"https:\/\/sencileyinitriyat.com\/?s={search_term_string}\"},\"query-input\":{\"@type\":\"PropertyValueSpecification\",\"valueRequired\":true,\"valueName\":\"search_term_string\"}}],\"inLanguage\":\"en-US\"},{\"@type\":\"Organization\",\"@id\":\"https:\/\/sencileyinitriyat.com\/#organization\",\"name\":\"sencileyinitriyat\",\"url\":\"https:\/\/sencileyinitriyat.com\/\",\"logo\":{\"@type\":\"ImageObject\",\"inLanguage\":\"en-US\",\"@id\":\"https:\/\/sencileyinitriyat.com\/#\/schema\/logo\/image\/\",\"url\":\"https:\/\/sencileyinitriyat.com\/wp-content\/uploads\/2024\/09\/WhatsApp-Image-2024-08-22-at-12.34.26-PM.jpeg\",\"contentUrl\":\"https:\/\/sencileyinitriyat.com\/wp-content\/uploads\/2024\/09\/WhatsApp-Image-2024-08-22-at-12.34.26-PM.jpeg\",\"width\":954,\"height\":856,\"caption\":\"sencileyinitriyat\"},\"image\":{\"@id\":\"https:\/\/sencileyinitriyat.com\/#\/schema\/logo\/image\/\"},\"sameAs\":[\"https:\/\/www.instagram.com\/sencileyinitriyat\"]}]}<\/script>\n<!-- \/ Yoast SEO plugin. -->","yoast_head_json":{"title":"SENC\u0130LEY\u0130N ORGAN\u0130K DO\u011eAL SAF %100 ARGAN \u00c7EK\u0130RDE\u011e\u0130 YA\u011eI - sencileyinitriyat","robots":{"index":"index","follow":"follow","max-snippet":"max-snippet:-1","max-image-preview":"max-image-preview:large","max-video-preview":"max-video-preview:-1"},"canonical":"https:\/\/sencileyinitriyat.com\/en\/product\/sencileyin-organik-saf-dogal-argan-cekirdegi-yagi\/","og_locale":"en_US","og_type":"article","og_title":"SENC\u0130LEY\u0130N ORGAN\u0130K DO\u011eAL SAF %100 ARGAN \u00c7EK\u0130RDE\u011e\u0130 YA\u011eI - sencileyinitriyat","og_description":"SENC\u0130LEY\u0130N ORGAN\u0130K DO\u011eAL SAF % 100 ARGAN \u00c7EK\u0130RDE\u011e\u0130 YA\u011eI","og_url":"https:\/\/sencileyinitriyat.com\/en\/product\/sencileyin-organik-saf-dogal-argan-cekirdegi-yagi\/","og_site_name":"sencileyinitriyat","article_modified_time":"2026-04-11T20:45:53+00:00","og_image":[{"width":1600,"height":1600,"url":"https:\/\/sencileyinitriyat.com\/wp-content\/uploads\/2024\/12\/Sade-Modern-Siyah-Beyaz-Yeni-Parfum-Kokuyu-Kesfedin-Instagram-Gonderisi-930-x-1400-\u0628\u064a\u0643\u0633\u0644-300-x-300-\u0628\u064a\u0643\u0633\u0644-2.jpg","type":"image\/jpeg"}],"twitter_card":"summary_large_image","twitter_misc":{"Est. reading time":"3 minutes"},"schema":{"@context":"https:\/\/schema.org","@graph":[{"@type":"WebPage","@id":"https:\/\/sencileyinitriyat.com\/product\/sencileyin-organik-saf-dogal-argan-cekirdegi-yagi\/","url":"https:\/\/sencileyinitriyat.com\/product\/sencileyin-organik-saf-dogal-argan-cekirdegi-yagi\/","name":"SENC\u0130LEY\u0130N ORGAN\u0130K DO\u011eAL SAF %100 ARGAN \u00c7EK\u0130RDE\u011e\u0130 YA\u011eI - sencileyinitriyat","isPartOf":{"@id":"https:\/\/sencileyinitriyat.com\/#website"},"primaryImageOfPage":{"@id":"https:\/\/sencileyinitriyat.com\/product\/sencileyin-organik-saf-dogal-argan-cekirdegi-yagi\/#primaryimage"},"image":{"@id":"https:\/\/sencileyinitriyat.com\/product\/sencileyin-organik-saf-dogal-argan-cekirdegi-yagi\/#primaryimage"},"thumbnailUrl":"https:\/\/sencileyinitriyat.com\/wp-content\/uploads\/2024\/12\/Sade-Modern-Siyah-Beyaz-Yeni-Parfum-Kokuyu-Kesfedin-Instagram-Gonderisi-930-x-1400-\u0628\u064a\u0643\u0633\u0644-300-x-300-\u0628\u064a\u0643\u0633\u0644-2.jpg","datePublished":"2024-12-03T09:04:39+00:00","dateModified":"2026-04-11T20:45:53+00:00","breadcrumb":{"@id":"https:\/\/sencileyinitriyat.com\/product\/sencileyin-organik-saf-dogal-argan-cekirdegi-yagi\/#breadcrumb"},"inLanguage":"en-US","potentialAction":[{"@type":"ReadAction","target":["https:\/\/sencileyinitriyat.com\/product\/sencileyin-organik-saf-dogal-argan-cekirdegi-yagi\/"]}]},{"@type":"ImageObject","inLanguage":"en-US","@id":"https:\/\/sencileyinitriyat.com\/product\/sencileyin-organik-saf-dogal-argan-cekirdegi-yagi\/#primaryimage","url":"https:\/\/sencileyinitriyat.com\/wp-content\/uploads\/2024\/12\/Sade-Modern-Siyah-Beyaz-Yeni-Parfum-Kokuyu-Kesfedin-Instagram-Gonderisi-930-x-1400-\u0628\u064a\u0643\u0633\u0644-300-x-300-\u0628\u064a\u0643\u0633\u0644-2.jpg","contentUrl":"https:\/\/sencileyinitriyat.com\/wp-content\/uploads\/2024\/12\/Sade-Modern-Siyah-Beyaz-Yeni-Parfum-Kokuyu-Kesfedin-Instagram-Gonderisi-930-x-1400-\u0628\u064a\u0643\u0633\u0644-300-x-300-\u0628\u064a\u0643\u0633\u0644-2.jpg","width":1600,"height":1600},{"@type":"BreadcrumbList","@id":"https:\/\/sencileyinitriyat.com\/product\/sencileyin-organik-saf-dogal-argan-cekirdegi-yagi\/#breadcrumb","itemListElement":[{"@type":"ListItem","position":1,"name":"Home","item":"https:\/\/sencileyinitriyat.com\/"},{"@type":"ListItem","position":2,"name":"Ma\u011faza","item":"https:\/\/sencileyinitriyat.com\/magaza\/"},{"@type":"ListItem","position":3,"name":"SENC\u0130LEY\u0130N ORGAN\u0130K DO\u011eAL SAF %100 ARGAN \u00c7EK\u0130RDE\u011e\u0130 YA\u011eI"}]},{"@type":"WebSite","@id":"https:\/\/sencileyinitriyat.com\/#website","url":"https:\/\/sencileyinitriyat.com\/","name":"sencileyinitriyat","description":"","publisher":{"@id":"https:\/\/sencileyinitriyat.com\/#organization"},"alternateName":"sencileyin","potentialAction":[{"@type":"SearchAction","target":{"@type":"EntryPoint","urlTemplate":"https:\/\/sencileyinitriyat.com\/?s={search_term_string}"},"query-input":{"@type":"PropertyValueSpecification","valueRequired":true,"valueName":"search_term_string"}}],"inLanguage":"en-US"},{"@type":"Organization","@id":"https:\/\/sencileyinitriyat.com\/#organization","name":"sencileyinitriyat","url":"https:\/\/sencileyinitriyat.com\/","logo":{"@type":"ImageObject","inLanguage":"en-US","@id":"https:\/\/sencileyinitriyat.com\/#\/schema\/logo\/image\/","url":"https:\/\/sencileyinitriyat.com\/wp-content\/uploads\/2024\/09\/WhatsApp-Image-2024-08-22-at-12.34.26-PM.jpeg","contentUrl":"https:\/\/sencileyinitriyat.com\/wp-content\/uploads\/2024\/09\/WhatsApp-Image-2024-08-22-at-12.34.26-PM.jpeg","width":954,"height":856,"caption":"sencileyinitriyat"},"image":{"@id":"https:\/\/sencileyinitriyat.com\/#\/schema\/logo\/image\/"},"sameAs":["https:\/\/www.instagram.com\/sencileyinitriyat"]}]}},"_links":{"self":[{"href":"https:\/\/sencileyinitriyat.com\/en\/wp-json\/wp\/v2\/product\/6538","targetHints":{"allow":["GET"]}}],"collection":[{"href":"https:\/\/sencileyinitriyat.com\/en\/wp-json\/wp\/v2\/product"}],"about":[{"href":"https:\/\/sencileyinitriyat.com\/en\/wp-json\/wp\/v2\/types\/product"}],"replies":[{"embeddable":true,"href":"https:\/\/sencileyinitriyat.com\/en\/wp-json\/wp\/v2\/comments?post=6538"}],"version-history":[{"count":2,"href":"https:\/\/sencileyinitriyat.com\/en\/wp-json\/wp\/v2\/product\/6538\/revisions"}],"predecessor-version":[{"id":7995,"href":"https:\/\/sencileyinitriyat.com\/en\/wp-json\/wp\/v2\/product\/6538\/revisions\/7995"}],"wp:featuredmedia":[{"embeddable":true,"href":"https:\/\/sencileyinitriyat.com\/en\/wp-json\/wp\/v2\/media\/6543"}],"wp:attachment":[{"href":"https:\/\/sencileyinitriyat.com\/en\/wp-json\/wp\/v2\/media?parent=6538"}],"wp:term":[{"taxonomy":"brand","embeddable":true,"href":"https:\/\/sencileyinitriyat.com\/en\/wp-json\/wp\/v2\/etheme_brands?post=6538"},{"taxonomy":"product_brand","embeddable":true,"href":"https:\/\/sencileyinitriyat.com\/en\/wp-json\/wp\/v2\/product_brand?post=6538"},{"taxonomy":"product_cat","embeddable":true,"href":"https:\/\/sencileyinitriyat.com\/en\/wp-json\/wp\/v2\/product_cat?post=6538"},{"taxonomy":"product_tag","embeddable":true,"href":"https:\/\/sencileyinitriyat.com\/en\/wp-json\/wp\/v2\/product_tag?post=6538"}],"curies":[{"name":"wp","href":"https:\/\/api.w.org\/{rel}","templated":true}]}}