{"id":8385,"date":"2026-01-05T00:01:31","date_gmt":"2026-01-05T00:01:31","guid":{"rendered":"https:\/\/sencileyinitriyat.com\/?post_type=product&#038;p=8385"},"modified":"2026-02-01T13:34:04","modified_gmt":"2026-02-01T13:34:04","slug":"uclu-guzellik-kampanyasi-hyaluronik-asit1-grkaktus-meyvesi-cekirdegi-yagi10-gr-argan-cekirdegi-yagi10-gr","status":"publish","type":"product","link":"https:\/\/sencileyinitriyat.com\/en\/product\/uclu-guzellik-kampanyasi-hyaluronik-asit1-grkaktus-meyvesi-cekirdegi-yagi10-gr-argan-cekirdegi-yagi10-gr\/","title":{"rendered":"\u00dc\u00c7L\u00dc G\u00dcZELL\u0130K KAMPANYASI; HYALURON\u0130K AS\u0130T(1 GR)+KAKT\u00dcS MEYVES\u0130 \u00c7EK\u0130RDE\u011e\u0130 YA\u011eI(10 GR) + ARGAN \u00c7EK\u0130RDE\u011e\u0130 YA\u011eI(10 GR)"},"content":{"rendered":"<p><span style=\"color: #000000;\"><strong>SENC\u0130LEY\u0130N % 100 SAF HYALURON\u0130K AS\u0130T (SAF TOZ HYALURON) G\u00dcND\u00dcZ \/ GECE (1 GR)<br \/>\nSENC\u0130LEY\u0130N ORGAN\u0130K DO\u011eAL %100 SAF KAKT\u00dcS MEYVES\u0130 \u00c7EK\u0130RDE\u011e\u0130 YA\u011eI (10 GR)<br \/>\nSENC\u0130LEY\u0130N ORGAN\u0130K DO\u011eAL SAF %100 ARGAN \u00c7EK\u0130RDE\u011e\u0130 YA\u011eI (10 GR)<\/strong><\/span><\/p>","protected":false},"excerpt":{"rendered":"<p><span style=\"color: #000000;\"><strong>SENC\u0130LEY\u0130N % 100 SAF HYALURON\u0130K AS\u0130T (SAF TOZ HYALURON) G\u00dcND\u00dcZ \/ GECE (1 GR)<br \/>\nSENC\u0130LEY\u0130N ORGAN\u0130K DO\u011eAL %100 SAF KAKT\u00dcS MEYVES\u0130 \u00c7EK\u0130RDE\u011e\u0130 YA\u011eI (10 GR)<br \/>\nSENC\u0130LEY\u0130N ORGAN\u0130K DO\u011eAL SAF %100 ARGAN \u00c7EK\u0130RDE\u011e\u0130 YA\u011eI (10 GR)<\/strong><\/span><\/p>","protected":false},"featured_media":7169,"comment_status":"open","ping_status":"closed","template":"","meta":[],"etheme_brands":[],"product_brand":[],"product_cat":[15],"product_tag":[],"class_list":{"0":"post-8385","1":"product","2":"type-product","3":"status-publish","4":"has-post-thumbnail","6":"product_cat-dogal-guzellik","8":"first","9":"instock","10":"sale","11":"taxable","12":"shipping-taxable","13":"purchasable","14":"product-type-simple"},"yoast_head":"<!-- This site is optimized with the Yoast SEO plugin v23.4 - https:\/\/yoast.com\/wordpress\/plugins\/seo\/ -->\n<title>\u00dc\u00c7L\u00dc G\u00dcZELL\u0130K KAMPANYASI; HYALURON\u0130K AS\u0130T(1 GR)+KAKT\u00dcS MEYVES\u0130 \u00c7EK\u0130RDE\u011e\u0130 YA\u011eI(10 GR) + ARGAN \u00c7EK\u0130RDE\u011e\u0130 YA\u011eI(10 GR) - sencileyinitriyat<\/title>\n<meta name=\"robots\" content=\"index, follow, max-snippet:-1, max-image-preview:large, max-video-preview:-1\" \/>\n<link rel=\"canonical\" href=\"https:\/\/sencileyinitriyat.com\/en\/product\/uclu-guzellik-kampanyasi-hyaluronik-asit1-grkaktus-meyvesi-cekirdegi-yagi10-gr-argan-cekirdegi-yagi10-gr\/\" \/>\n<meta property=\"og:locale\" content=\"en_US\" \/>\n<meta property=\"og:type\" content=\"article\" \/>\n<meta property=\"og:title\" content=\"\u00dc\u00c7L\u00dc G\u00dcZELL\u0130K KAMPANYASI; HYALURON\u0130K AS\u0130T(1 GR)+KAKT\u00dcS MEYVES\u0130 \u00c7EK\u0130RDE\u011e\u0130 YA\u011eI(10 GR) + ARGAN \u00c7EK\u0130RDE\u011e\u0130 YA\u011eI(10 GR) - sencileyinitriyat\" \/>\n<meta property=\"og:description\" content=\"SENC\u0130LEY\u0130N % 100 SAF HYALURON\u0130K AS\u0130T (SAF TOZ HYALURON) G\u00dcND\u00dcZ \/ GECE (1 GR) SENC\u0130LEY\u0130N ORGAN\u0130K DO\u011eAL %100 SAF KAKT\u00dcS MEYVES\u0130 \u00c7EK\u0130RDE\u011e\u0130 YA\u011eI (10 GR) SENC\u0130LEY\u0130N ORGAN\u0130K DO\u011eAL SAF %100 ARGAN \u00c7EK\u0130RDE\u011e\u0130 YA\u011eI (10 GR)\" \/>\n<meta property=\"og:url\" content=\"https:\/\/sencileyinitriyat.com\/en\/product\/uclu-guzellik-kampanyasi-hyaluronik-asit1-grkaktus-meyvesi-cekirdegi-yagi10-gr-argan-cekirdegi-yagi10-gr\/\" \/>\n<meta property=\"og:site_name\" content=\"sencileyinitriyat\" \/>\n<meta property=\"article:modified_time\" content=\"2026-02-01T13:34:04+00:00\" \/>\n<meta property=\"og:image\" content=\"https:\/\/sencileyinitriyat.com\/wp-content\/uploads\/2025\/03\/\u0645\u0646\u0634\u0648\u0631-\u0627\u0644\u0627\u0646\u0633\u062a\u062c\u0631\u0627\u0645-\u062a\u0631\u0642\u0628\u0648-\u0627\u0644\u0639\u0631\u0648\u0636-\u0628\u0627\u0644\u0644\u0648\u0646-\u0627\u0644\u0623\u062d\u0645\u0631-\u0648-\u0627\u0644\u0623\u0628\u064a\u0636-.jpg\" \/>\n\t<meta property=\"og:image:width\" content=\"1080\" \/>\n\t<meta property=\"og:image:height\" content=\"1080\" \/>\n\t<meta property=\"og:image:type\" content=\"image\/jpeg\" \/>\n<meta name=\"twitter:card\" content=\"summary_large_image\" \/>\n<meta name=\"twitter:label1\" content=\"Est. reading time\" \/>\n\t<meta name=\"twitter:data1\" content=\"1 minute\" \/>\n<script type=\"application\/ld+json\" class=\"yoast-schema-graph\">{\"@context\":\"https:\/\/schema.org\",\"@graph\":[{\"@type\":\"WebPage\",\"@id\":\"https:\/\/sencileyinitriyat.com\/product\/uclu-guzellik-kampanyasi-hyaluronik-asit1-grkaktus-meyvesi-cekirdegi-yagi10-gr-argan-cekirdegi-yagi10-gr\/\",\"url\":\"https:\/\/sencileyinitriyat.com\/product\/uclu-guzellik-kampanyasi-hyaluronik-asit1-grkaktus-meyvesi-cekirdegi-yagi10-gr-argan-cekirdegi-yagi10-gr\/\",\"name\":\"\u00dc\u00c7L\u00dc G\u00dcZELL\u0130K KAMPANYASI; HYALURON\u0130K AS\u0130T(1 GR)+KAKT\u00dcS MEYVES\u0130 \u00c7EK\u0130RDE\u011e\u0130 YA\u011eI(10 GR) + ARGAN \u00c7EK\u0130RDE\u011e\u0130 YA\u011eI(10 GR) - sencileyinitriyat\",\"isPartOf\":{\"@id\":\"https:\/\/sencileyinitriyat.com\/#website\"},\"primaryImageOfPage\":{\"@id\":\"https:\/\/sencileyinitriyat.com\/product\/uclu-guzellik-kampanyasi-hyaluronik-asit1-grkaktus-meyvesi-cekirdegi-yagi10-gr-argan-cekirdegi-yagi10-gr\/#primaryimage\"},\"image\":{\"@id\":\"https:\/\/sencileyinitriyat.com\/product\/uclu-guzellik-kampanyasi-hyaluronik-asit1-grkaktus-meyvesi-cekirdegi-yagi10-gr-argan-cekirdegi-yagi10-gr\/#primaryimage\"},\"thumbnailUrl\":\"https:\/\/sencileyinitriyat.com\/wp-content\/uploads\/2025\/03\/\u0645\u0646\u0634\u0648\u0631-\u0627\u0644\u0627\u0646\u0633\u062a\u062c\u0631\u0627\u0645-\u062a\u0631\u0642\u0628\u0648-\u0627\u0644\u0639\u0631\u0648\u0636-\u0628\u0627\u0644\u0644\u0648\u0646-\u0627\u0644\u0623\u062d\u0645\u0631-\u0648-\u0627\u0644\u0623\u0628\u064a\u0636-.jpg\",\"datePublished\":\"2026-01-05T00:01:31+00:00\",\"dateModified\":\"2026-02-01T13:34:04+00:00\",\"breadcrumb\":{\"@id\":\"https:\/\/sencileyinitriyat.com\/product\/uclu-guzellik-kampanyasi-hyaluronik-asit1-grkaktus-meyvesi-cekirdegi-yagi10-gr-argan-cekirdegi-yagi10-gr\/#breadcrumb\"},\"inLanguage\":\"en-US\",\"potentialAction\":[{\"@type\":\"ReadAction\",\"target\":[\"https:\/\/sencileyinitriyat.com\/product\/uclu-guzellik-kampanyasi-hyaluronik-asit1-grkaktus-meyvesi-cekirdegi-yagi10-gr-argan-cekirdegi-yagi10-gr\/\"]}]},{\"@type\":\"ImageObject\",\"inLanguage\":\"en-US\",\"@id\":\"https:\/\/sencileyinitriyat.com\/product\/uclu-guzellik-kampanyasi-hyaluronik-asit1-grkaktus-meyvesi-cekirdegi-yagi10-gr-argan-cekirdegi-yagi10-gr\/#primaryimage\",\"url\":\"https:\/\/sencileyinitriyat.com\/wp-content\/uploads\/2025\/03\/\u0645\u0646\u0634\u0648\u0631-\u0627\u0644\u0627\u0646\u0633\u062a\u062c\u0631\u0627\u0645-\u062a\u0631\u0642\u0628\u0648-\u0627\u0644\u0639\u0631\u0648\u0636-\u0628\u0627\u0644\u0644\u0648\u0646-\u0627\u0644\u0623\u062d\u0645\u0631-\u0648-\u0627\u0644\u0623\u0628\u064a\u0636-.jpg\",\"contentUrl\":\"https:\/\/sencileyinitriyat.com\/wp-content\/uploads\/2025\/03\/\u0645\u0646\u0634\u0648\u0631-\u0627\u0644\u0627\u0646\u0633\u062a\u062c\u0631\u0627\u0645-\u062a\u0631\u0642\u0628\u0648-\u0627\u0644\u0639\u0631\u0648\u0636-\u0628\u0627\u0644\u0644\u0648\u0646-\u0627\u0644\u0623\u062d\u0645\u0631-\u0648-\u0627\u0644\u0623\u0628\u064a\u0636-.jpg\",\"width\":1080,\"height\":1080},{\"@type\":\"BreadcrumbList\",\"@id\":\"https:\/\/sencileyinitriyat.com\/product\/uclu-guzellik-kampanyasi-hyaluronik-asit1-grkaktus-meyvesi-cekirdegi-yagi10-gr-argan-cekirdegi-yagi10-gr\/#breadcrumb\",\"itemListElement\":[{\"@type\":\"ListItem\",\"position\":1,\"name\":\"Home\",\"item\":\"https:\/\/sencileyinitriyat.com\/\"},{\"@type\":\"ListItem\",\"position\":2,\"name\":\"Ma\u011faza\",\"item\":\"https:\/\/sencileyinitriyat.com\/magaza\/\"},{\"@type\":\"ListItem\",\"position\":3,\"name\":\"\u00dc\u00c7L\u00dc G\u00dcZELL\u0130K KAMPANYASI; HYALURON\u0130K AS\u0130T(1 GR)+KAKT\u00dcS MEYVES\u0130 \u00c7EK\u0130RDE\u011e\u0130 YA\u011eI(10 GR) + ARGAN \u00c7EK\u0130RDE\u011e\u0130 YA\u011eI(10 GR)\"}]},{\"@type\":\"WebSite\",\"@id\":\"https:\/\/sencileyinitriyat.com\/#website\",\"url\":\"https:\/\/sencileyinitriyat.com\/\",\"name\":\"sencileyinitriyat\",\"description\":\"\",\"publisher\":{\"@id\":\"https:\/\/sencileyinitriyat.com\/#organization\"},\"alternateName\":\"sencileyin\",\"potentialAction\":[{\"@type\":\"SearchAction\",\"target\":{\"@type\":\"EntryPoint\",\"urlTemplate\":\"https:\/\/sencileyinitriyat.com\/?s={search_term_string}\"},\"query-input\":{\"@type\":\"PropertyValueSpecification\",\"valueRequired\":true,\"valueName\":\"search_term_string\"}}],\"inLanguage\":\"en-US\"},{\"@type\":\"Organization\",\"@id\":\"https:\/\/sencileyinitriyat.com\/#organization\",\"name\":\"sencileyinitriyat\",\"url\":\"https:\/\/sencileyinitriyat.com\/\",\"logo\":{\"@type\":\"ImageObject\",\"inLanguage\":\"en-US\",\"@id\":\"https:\/\/sencileyinitriyat.com\/#\/schema\/logo\/image\/\",\"url\":\"https:\/\/sencileyinitriyat.com\/wp-content\/uploads\/2024\/09\/WhatsApp-Image-2024-08-22-at-12.34.26-PM.jpeg\",\"contentUrl\":\"https:\/\/sencileyinitriyat.com\/wp-content\/uploads\/2024\/09\/WhatsApp-Image-2024-08-22-at-12.34.26-PM.jpeg\",\"width\":954,\"height\":856,\"caption\":\"sencileyinitriyat\"},\"image\":{\"@id\":\"https:\/\/sencileyinitriyat.com\/#\/schema\/logo\/image\/\"},\"sameAs\":[\"https:\/\/www.instagram.com\/sencileyinitriyat\"]}]}<\/script>\n<!-- \/ Yoast SEO plugin. -->","yoast_head_json":{"title":"\u00dc\u00c7L\u00dc G\u00dcZELL\u0130K KAMPANYASI; HYALURON\u0130K AS\u0130T(1 GR)+KAKT\u00dcS MEYVES\u0130 \u00c7EK\u0130RDE\u011e\u0130 YA\u011eI(10 GR) + ARGAN \u00c7EK\u0130RDE\u011e\u0130 YA\u011eI(10 GR) - sencileyinitriyat","robots":{"index":"index","follow":"follow","max-snippet":"max-snippet:-1","max-image-preview":"max-image-preview:large","max-video-preview":"max-video-preview:-1"},"canonical":"https:\/\/sencileyinitriyat.com\/en\/product\/uclu-guzellik-kampanyasi-hyaluronik-asit1-grkaktus-meyvesi-cekirdegi-yagi10-gr-argan-cekirdegi-yagi10-gr\/","og_locale":"en_US","og_type":"article","og_title":"\u00dc\u00c7L\u00dc G\u00dcZELL\u0130K KAMPANYASI; HYALURON\u0130K AS\u0130T(1 GR)+KAKT\u00dcS MEYVES\u0130 \u00c7EK\u0130RDE\u011e\u0130 YA\u011eI(10 GR) + ARGAN \u00c7EK\u0130RDE\u011e\u0130 YA\u011eI(10 GR) - sencileyinitriyat","og_description":"SENC\u0130LEY\u0130N % 100 SAF HYALURON\u0130K AS\u0130T (SAF TOZ HYALURON) G\u00dcND\u00dcZ \/ GECE (1 GR) SENC\u0130LEY\u0130N ORGAN\u0130K DO\u011eAL %100 SAF KAKT\u00dcS MEYVES\u0130 \u00c7EK\u0130RDE\u011e\u0130 YA\u011eI (10 GR) SENC\u0130LEY\u0130N ORGAN\u0130K DO\u011eAL SAF %100 ARGAN \u00c7EK\u0130RDE\u011e\u0130 YA\u011eI (10 GR)","og_url":"https:\/\/sencileyinitriyat.com\/en\/product\/uclu-guzellik-kampanyasi-hyaluronik-asit1-grkaktus-meyvesi-cekirdegi-yagi10-gr-argan-cekirdegi-yagi10-gr\/","og_site_name":"sencileyinitriyat","article_modified_time":"2026-02-01T13:34:04+00:00","og_image":[{"width":1080,"height":1080,"url":"https:\/\/sencileyinitriyat.com\/wp-content\/uploads\/2025\/03\/\u0645\u0646\u0634\u0648\u0631-\u0627\u0644\u0627\u0646\u0633\u062a\u062c\u0631\u0627\u0645-\u062a\u0631\u0642\u0628\u0648-\u0627\u0644\u0639\u0631\u0648\u0636-\u0628\u0627\u0644\u0644\u0648\u0646-\u0627\u0644\u0623\u062d\u0645\u0631-\u0648-\u0627\u0644\u0623\u0628\u064a\u0636-.jpg","type":"image\/jpeg"}],"twitter_card":"summary_large_image","twitter_misc":{"Est. reading time":"1 minute"},"schema":{"@context":"https:\/\/schema.org","@graph":[{"@type":"WebPage","@id":"https:\/\/sencileyinitriyat.com\/product\/uclu-guzellik-kampanyasi-hyaluronik-asit1-grkaktus-meyvesi-cekirdegi-yagi10-gr-argan-cekirdegi-yagi10-gr\/","url":"https:\/\/sencileyinitriyat.com\/product\/uclu-guzellik-kampanyasi-hyaluronik-asit1-grkaktus-meyvesi-cekirdegi-yagi10-gr-argan-cekirdegi-yagi10-gr\/","name":"\u00dc\u00c7L\u00dc G\u00dcZELL\u0130K KAMPANYASI; HYALURON\u0130K AS\u0130T(1 GR)+KAKT\u00dcS MEYVES\u0130 \u00c7EK\u0130RDE\u011e\u0130 YA\u011eI(10 GR) + ARGAN \u00c7EK\u0130RDE\u011e\u0130 YA\u011eI(10 GR) - sencileyinitriyat","isPartOf":{"@id":"https:\/\/sencileyinitriyat.com\/#website"},"primaryImageOfPage":{"@id":"https:\/\/sencileyinitriyat.com\/product\/uclu-guzellik-kampanyasi-hyaluronik-asit1-grkaktus-meyvesi-cekirdegi-yagi10-gr-argan-cekirdegi-yagi10-gr\/#primaryimage"},"image":{"@id":"https:\/\/sencileyinitriyat.com\/product\/uclu-guzellik-kampanyasi-hyaluronik-asit1-grkaktus-meyvesi-cekirdegi-yagi10-gr-argan-cekirdegi-yagi10-gr\/#primaryimage"},"thumbnailUrl":"https:\/\/sencileyinitriyat.com\/wp-content\/uploads\/2025\/03\/\u0645\u0646\u0634\u0648\u0631-\u0627\u0644\u0627\u0646\u0633\u062a\u062c\u0631\u0627\u0645-\u062a\u0631\u0642\u0628\u0648-\u0627\u0644\u0639\u0631\u0648\u0636-\u0628\u0627\u0644\u0644\u0648\u0646-\u0627\u0644\u0623\u062d\u0645\u0631-\u0648-\u0627\u0644\u0623\u0628\u064a\u0636-.jpg","datePublished":"2026-01-05T00:01:31+00:00","dateModified":"2026-02-01T13:34:04+00:00","breadcrumb":{"@id":"https:\/\/sencileyinitriyat.com\/product\/uclu-guzellik-kampanyasi-hyaluronik-asit1-grkaktus-meyvesi-cekirdegi-yagi10-gr-argan-cekirdegi-yagi10-gr\/#breadcrumb"},"inLanguage":"en-US","potentialAction":[{"@type":"ReadAction","target":["https:\/\/sencileyinitriyat.com\/product\/uclu-guzellik-kampanyasi-hyaluronik-asit1-grkaktus-meyvesi-cekirdegi-yagi10-gr-argan-cekirdegi-yagi10-gr\/"]}]},{"@type":"ImageObject","inLanguage":"en-US","@id":"https:\/\/sencileyinitriyat.com\/product\/uclu-guzellik-kampanyasi-hyaluronik-asit1-grkaktus-meyvesi-cekirdegi-yagi10-gr-argan-cekirdegi-yagi10-gr\/#primaryimage","url":"https:\/\/sencileyinitriyat.com\/wp-content\/uploads\/2025\/03\/\u0645\u0646\u0634\u0648\u0631-\u0627\u0644\u0627\u0646\u0633\u062a\u062c\u0631\u0627\u0645-\u062a\u0631\u0642\u0628\u0648-\u0627\u0644\u0639\u0631\u0648\u0636-\u0628\u0627\u0644\u0644\u0648\u0646-\u0627\u0644\u0623\u062d\u0645\u0631-\u0648-\u0627\u0644\u0623\u0628\u064a\u0636-.jpg","contentUrl":"https:\/\/sencileyinitriyat.com\/wp-content\/uploads\/2025\/03\/\u0645\u0646\u0634\u0648\u0631-\u0627\u0644\u0627\u0646\u0633\u062a\u062c\u0631\u0627\u0645-\u062a\u0631\u0642\u0628\u0648-\u0627\u0644\u0639\u0631\u0648\u0636-\u0628\u0627\u0644\u0644\u0648\u0646-\u0627\u0644\u0623\u062d\u0645\u0631-\u0648-\u0627\u0644\u0623\u0628\u064a\u0636-.jpg","width":1080,"height":1080},{"@type":"BreadcrumbList","@id":"https:\/\/sencileyinitriyat.com\/product\/uclu-guzellik-kampanyasi-hyaluronik-asit1-grkaktus-meyvesi-cekirdegi-yagi10-gr-argan-cekirdegi-yagi10-gr\/#breadcrumb","itemListElement":[{"@type":"ListItem","position":1,"name":"Home","item":"https:\/\/sencileyinitriyat.com\/"},{"@type":"ListItem","position":2,"name":"Ma\u011faza","item":"https:\/\/sencileyinitriyat.com\/magaza\/"},{"@type":"ListItem","position":3,"name":"\u00dc\u00c7L\u00dc G\u00dcZELL\u0130K KAMPANYASI; HYALURON\u0130K AS\u0130T(1 GR)+KAKT\u00dcS MEYVES\u0130 \u00c7EK\u0130RDE\u011e\u0130 YA\u011eI(10 GR) + ARGAN \u00c7EK\u0130RDE\u011e\u0130 YA\u011eI(10 GR)"}]},{"@type":"WebSite","@id":"https:\/\/sencileyinitriyat.com\/#website","url":"https:\/\/sencileyinitriyat.com\/","name":"sencileyinitriyat","description":"","publisher":{"@id":"https:\/\/sencileyinitriyat.com\/#organization"},"alternateName":"sencileyin","potentialAction":[{"@type":"SearchAction","target":{"@type":"EntryPoint","urlTemplate":"https:\/\/sencileyinitriyat.com\/?s={search_term_string}"},"query-input":{"@type":"PropertyValueSpecification","valueRequired":true,"valueName":"search_term_string"}}],"inLanguage":"en-US"},{"@type":"Organization","@id":"https:\/\/sencileyinitriyat.com\/#organization","name":"sencileyinitriyat","url":"https:\/\/sencileyinitriyat.com\/","logo":{"@type":"ImageObject","inLanguage":"en-US","@id":"https:\/\/sencileyinitriyat.com\/#\/schema\/logo\/image\/","url":"https:\/\/sencileyinitriyat.com\/wp-content\/uploads\/2024\/09\/WhatsApp-Image-2024-08-22-at-12.34.26-PM.jpeg","contentUrl":"https:\/\/sencileyinitriyat.com\/wp-content\/uploads\/2024\/09\/WhatsApp-Image-2024-08-22-at-12.34.26-PM.jpeg","width":954,"height":856,"caption":"sencileyinitriyat"},"image":{"@id":"https:\/\/sencileyinitriyat.com\/#\/schema\/logo\/image\/"},"sameAs":["https:\/\/www.instagram.com\/sencileyinitriyat"]}]}},"_links":{"self":[{"href":"https:\/\/sencileyinitriyat.com\/en\/wp-json\/wp\/v2\/product\/8385","targetHints":{"allow":["GET"]}}],"collection":[{"href":"https:\/\/sencileyinitriyat.com\/en\/wp-json\/wp\/v2\/product"}],"about":[{"href":"https:\/\/sencileyinitriyat.com\/en\/wp-json\/wp\/v2\/types\/product"}],"replies":[{"embeddable":true,"href":"https:\/\/sencileyinitriyat.com\/en\/wp-json\/wp\/v2\/comments?post=8385"}],"version-history":[{"count":3,"href":"https:\/\/sencileyinitriyat.com\/en\/wp-json\/wp\/v2\/product\/8385\/revisions"}],"predecessor-version":[{"id":8390,"href":"https:\/\/sencileyinitriyat.com\/en\/wp-json\/wp\/v2\/product\/8385\/revisions\/8390"}],"wp:featuredmedia":[{"embeddable":true,"href":"https:\/\/sencileyinitriyat.com\/en\/wp-json\/wp\/v2\/media\/7169"}],"wp:attachment":[{"href":"https:\/\/sencileyinitriyat.com\/en\/wp-json\/wp\/v2\/media?parent=8385"}],"wp:term":[{"taxonomy":"brand","embeddable":true,"href":"https:\/\/sencileyinitriyat.com\/en\/wp-json\/wp\/v2\/etheme_brands?post=8385"},{"taxonomy":"product_brand","embeddable":true,"href":"https:\/\/sencileyinitriyat.com\/en\/wp-json\/wp\/v2\/product_brand?post=8385"},{"taxonomy":"product_cat","embeddable":true,"href":"https:\/\/sencileyinitriyat.com\/en\/wp-json\/wp\/v2\/product_cat?post=8385"},{"taxonomy":"product_tag","embeddable":true,"href":"https:\/\/sencileyinitriyat.com\/en\/wp-json\/wp\/v2\/product_tag?post=8385"}],"curies":[{"name":"wp","href":"https:\/\/api.w.org\/{rel}","templated":true}]}}