{"id":8707,"date":"2026-02-20T09:21:12","date_gmt":"2026-02-20T09:21:12","guid":{"rendered":"https:\/\/sencileyinitriyat.com\/?post_type=product&#038;p=8707"},"modified":"2026-04-28T19:21:34","modified_gmt":"2026-04-28T19:21:34","slug":"sencileyin-halfeti-el-ruha-kara-gul-siyah-gul-recent-halfeti-turkiyes-black-rose-el-ruha","status":"publish","type":"product","link":"https:\/\/sencileyinitriyat.com\/en\/product\/sencileyin-halfeti-el-ruha-kara-gul-siyah-gul-recent-halfeti-turkiyes-black-rose-el-ruha\/","title":{"rendered":"*   Sencileyin Halfeti (EL Ruha) (Kara G\u00fcl &#038; Siyah G\u00fcl) \/ Recent Halfeti (T\u00fcrkiye\u2019s Black Rose) (EL Ruha)"},"content":{"rendered":"<p><span style=\"color: #000000;\"><strong><em>Barkod Nr:\u00a0<\/em><em>8684166130997 (Sencileyin Itriyat)<\/em><\/strong><\/span><\/p>\n<p><span style=\"color: #000000;\"><strong>Sencileyin Halfeti (EL Ruha)<\/strong><\/span><br \/>\n<span style=\"color: #000000;\"><strong>Sencileyin Kara G\u00fcl &amp; Siyah G\u00fcl<\/strong><\/span><br \/>\n<span style=\"color: #000000;\"><strong>Sencileyin Recent Halfeti Rose<br \/>\nSencileyin T\u00fcrkiye\u2019s Black Rose (EL Ruha)<\/strong><\/span><\/p>\n<p><span style=\"color: #000000;\"><strong>Not: T\u00fcrkiye&#8217;de Halfeti g\u00fcl\u00fc ekim alan\u0131 yoktur, end\u00fcstriyel manada koku sekt\u00f6r\u00fcnde kullan\u0131lacak bir Halfeti g\u00fcl\u00fc ya\u011f\u0131 elde edilememektedir, sadece g\u00fcl\u00fc ya\u015fatmak ad\u0131na \u00e7ok \u00f6zel \u00e7al\u0131\u015fmalar yap\u0131larak seralarda k\u00fc\u00e7\u00fck ekimler yap\u0131lmaktad\u0131r, Halfeti g\u00fcl\u00fc y\u00f6renin topra\u011f\u0131na uyum sa\u011flam\u0131\u015f rengi siyah \/ koyu mor bir g\u00fcld\u00fcr.<br \/>\nUluslararas\u0131 pazarda ve \u00fclkemizde; Halfeti g\u00fcl\u00fc, kara g\u00fcl, siyah g\u00fcl, black rose veya koyu mor g\u00fcl ad\u0131yla sat\u0131lan &#8221;Halfeti G\u00fcl\u00fc&#8221; kokusu bir k\u00fclt\u00fcr\u00fcn yans\u0131mas\u0131d\u0131r, baharatl\u0131 ve odunsu, hafif g\u00fcl notal\u0131 bir kokudur, tek \u00e7i\u00e7ek de\u011fildir!<br \/>\n<\/strong><\/span><br \/>\n<span style=\"color: #000000;\"><strong>Not: Sencileyin Yeni Halfeti G\u00fcl\u00fc (EL Ruha) re\u00e7etesi b\u00fct\u00fcn T\u00fcrkiye\u2019de ve uluslararas\u0131nda kokusu bilinen kara g\u00fcl \u00e7al\u0131\u015fmas\u0131d\u0131r, Sencileyin kalitesi ile sunulmaktad\u0131r.<\/strong><\/span><\/p>\n<p>&nbsp;<\/p>\n<p>&nbsp;<\/p>\n<p><span style=\"color: #000000;\"><strong>* Firmam\u0131za ait b\u00fct\u00fcn parf\u00fcm ya\u011flar\u0131; Ifra (international fragrance association),<\/strong><\/span><br \/>\n<span style=\"color: #000000;\"><strong>parf\u00fcm yap\u0131m\u0131nda kullanlan hammaddelerin, uluslararas\u0131 normlara uygunluk standartlar\u0131nda haz\u0131rlanmaktad\u0131r.<\/strong><\/span><\/p>\n<p><span style=\"color: #000000;\"><strong>* All fragrance oils of our company; it is in Ifra (international fragrance association) standards.<\/strong><\/span><\/p>\n<p><span style=\"color: #000000;\"><strong>* Firmam\u0131za ait b\u00fct\u00fcn parf\u00fcm ya\u011flar\u0131; T\u00fcv Rheinland International taraf\u0131ndan sertifikal\u0131 kokulard\u0131r.<\/strong><\/span><\/p>\n<p><span style=\"color: #000000;\"><strong>* All fragrance oils of our company certified by T\u00fcv Rheinland International.<\/strong><\/span><\/p>\n<p><span style=\"color: #000000;\"><strong>* Firmam\u0131za\u00a0ait b\u00fct\u00fcn parf\u00fcm ya\u011flar\u0131; jelatin kullan\u0131lmadan \u00fcretilmektedir.<\/strong><\/span><\/p>\n<p><span style=\"color: #000000;\"><strong>* All fragrance oils of our company is do not contain gelatine.<\/strong><\/span><\/p>\n<p><span style=\"color: #000000;\"><strong>* Ger\u00e7ek ya\u011flardan \u00fcretilmektedir, kimyasal i\u00e7ermez.<\/strong><\/span><\/p>\n<p><span style=\"color: #000000;\"><strong>* Produced from real oils, do not contain chemicals.<\/strong><\/span><\/p>\n<p><span style=\"color: #000000;\"><strong>* Alkol i\u00e7ermez.<\/strong><\/span><\/p>\n<p><span style=\"color: #000000;\"><strong>* Do not contain alcohol.<\/strong><\/span><\/p>","protected":false},"excerpt":{"rendered":"<p><span style=\"color: #000000;\"><strong>Sencileyin Halfeti (EL Ruha)<\/strong><\/span><br \/>\n<span style=\"color: #000000;\"><strong>Sencileyin Kara G\u00fcl &amp; Siyah G\u00fcl<\/strong><\/span><br \/>\n<span style=\"color: #000000;\"><strong>Sencileyin Recent Halfeti Rose<br \/>\nSencileyin T\u00fcrkiye\u2019s Black Rose (EL Ruha)<\/strong><\/span><\/p>\n<div id=\"gtx-trans\" style=\"position: absolute; left: 256px; top: 37.8px;\">\n<div class=\"gtx-trans-icon\"><\/div>\n<\/div>","protected":false},"featured_media":8439,"comment_status":"open","ping_status":"closed","template":"","meta":[],"etheme_brands":[],"product_brand":[],"product_cat":[89],"product_tag":[213],"class_list":{"0":"post-8707","1":"product","2":"type-product","3":"status-publish","4":"has-post-thumbnail","6":"product_cat-gul-rose","7":"product_tag-rose","9":"first","10":"instock","11":"sale","12":"taxable","13":"shipping-taxable","14":"purchasable","15":"product-type-variable"},"yoast_head":"<!-- This site is optimized with the Yoast SEO plugin v23.4 - https:\/\/yoast.com\/wordpress\/plugins\/seo\/ -->\n<title>*  Sencileyin Halfeti (EL Ruha) (Kara G\u00fcl &amp; Siyah G\u00fcl) \/ Recent Halfeti (T\u00fcrkiye\u2019s Black Rose) (EL Ruha) - sencileyinitriyat<\/title>\n<meta name=\"robots\" content=\"index, follow, max-snippet:-1, max-image-preview:large, max-video-preview:-1\" \/>\n<link rel=\"canonical\" href=\"https:\/\/sencileyinitriyat.com\/en\/product\/sencileyin-halfeti-el-ruha-kara-gul-siyah-gul-recent-halfeti-turkiyes-black-rose-el-ruha\/\" \/>\n<meta property=\"og:locale\" content=\"en_US\" \/>\n<meta property=\"og:type\" content=\"article\" \/>\n<meta property=\"og:title\" content=\"*  Sencileyin Halfeti (EL Ruha) (Kara G\u00fcl &amp; Siyah G\u00fcl) \/ Recent Halfeti (T\u00fcrkiye\u2019s Black Rose) (EL Ruha) - sencileyinitriyat\" \/>\n<meta property=\"og:description\" content=\"Sencileyin Halfeti (EL Ruha) Sencileyin Kara G\u00fcl &amp; Siyah G\u00fcl Sencileyin Recent Halfeti Rose Sencileyin T\u00fcrkiye\u2019s Black Rose (EL Ruha)\" \/>\n<meta property=\"og:url\" content=\"https:\/\/sencileyinitriyat.com\/en\/product\/sencileyin-halfeti-el-ruha-kara-gul-siyah-gul-recent-halfeti-turkiyes-black-rose-el-ruha\/\" \/>\n<meta property=\"og:site_name\" content=\"sencileyinitriyat\" \/>\n<meta property=\"article:modified_time\" content=\"2026-04-28T19:21:34+00:00\" \/>\n<meta property=\"og:image\" content=\"https:\/\/sencileyinitriyat.com\/wp-content\/uploads\/2024\/10\/6-gr-seffaf-scaled.jpg\" \/>\n\t<meta property=\"og:image:width\" content=\"2560\" \/>\n\t<meta property=\"og:image:height\" content=\"2560\" \/>\n\t<meta property=\"og:image:type\" content=\"image\/jpeg\" \/>\n<meta name=\"twitter:card\" content=\"summary_large_image\" \/>\n<meta name=\"twitter:label1\" content=\"Est. reading time\" \/>\n\t<meta name=\"twitter:data1\" content=\"2 minutes\" \/>\n<script type=\"application\/ld+json\" class=\"yoast-schema-graph\">{\"@context\":\"https:\/\/schema.org\",\"@graph\":[{\"@type\":\"WebPage\",\"@id\":\"https:\/\/sencileyinitriyat.com\/product\/sencileyin-halfeti-el-ruha-kara-gul-siyah-gul-recent-halfeti-turkiyes-black-rose-el-ruha\/\",\"url\":\"https:\/\/sencileyinitriyat.com\/product\/sencileyin-halfeti-el-ruha-kara-gul-siyah-gul-recent-halfeti-turkiyes-black-rose-el-ruha\/\",\"name\":\"* Sencileyin Halfeti (EL Ruha) (Kara G\u00fcl & Siyah G\u00fcl) \/ Recent Halfeti (T\u00fcrkiye\u2019s Black Rose) (EL Ruha) - sencileyinitriyat\",\"isPartOf\":{\"@id\":\"https:\/\/sencileyinitriyat.com\/#website\"},\"primaryImageOfPage\":{\"@id\":\"https:\/\/sencileyinitriyat.com\/product\/sencileyin-halfeti-el-ruha-kara-gul-siyah-gul-recent-halfeti-turkiyes-black-rose-el-ruha\/#primaryimage\"},\"image\":{\"@id\":\"https:\/\/sencileyinitriyat.com\/product\/sencileyin-halfeti-el-ruha-kara-gul-siyah-gul-recent-halfeti-turkiyes-black-rose-el-ruha\/#primaryimage\"},\"thumbnailUrl\":\"https:\/\/sencileyinitriyat.com\/wp-content\/uploads\/2024\/10\/6-gr-seffaf-scaled.jpg\",\"datePublished\":\"2026-02-20T09:21:12+00:00\",\"dateModified\":\"2026-04-28T19:21:34+00:00\",\"breadcrumb\":{\"@id\":\"https:\/\/sencileyinitriyat.com\/product\/sencileyin-halfeti-el-ruha-kara-gul-siyah-gul-recent-halfeti-turkiyes-black-rose-el-ruha\/#breadcrumb\"},\"inLanguage\":\"en-US\",\"potentialAction\":[{\"@type\":\"ReadAction\",\"target\":[\"https:\/\/sencileyinitriyat.com\/product\/sencileyin-halfeti-el-ruha-kara-gul-siyah-gul-recent-halfeti-turkiyes-black-rose-el-ruha\/\"]}]},{\"@type\":\"ImageObject\",\"inLanguage\":\"en-US\",\"@id\":\"https:\/\/sencileyinitriyat.com\/product\/sencileyin-halfeti-el-ruha-kara-gul-siyah-gul-recent-halfeti-turkiyes-black-rose-el-ruha\/#primaryimage\",\"url\":\"https:\/\/sencileyinitriyat.com\/wp-content\/uploads\/2024\/10\/6-gr-seffaf-scaled.jpg\",\"contentUrl\":\"https:\/\/sencileyinitriyat.com\/wp-content\/uploads\/2024\/10\/6-gr-seffaf-scaled.jpg\",\"width\":2560,\"height\":2560},{\"@type\":\"BreadcrumbList\",\"@id\":\"https:\/\/sencileyinitriyat.com\/product\/sencileyin-halfeti-el-ruha-kara-gul-siyah-gul-recent-halfeti-turkiyes-black-rose-el-ruha\/#breadcrumb\",\"itemListElement\":[{\"@type\":\"ListItem\",\"position\":1,\"name\":\"Home\",\"item\":\"https:\/\/sencileyinitriyat.com\/\"},{\"@type\":\"ListItem\",\"position\":2,\"name\":\"Ma\u011faza\",\"item\":\"https:\/\/sencileyinitriyat.com\/magaza\/\"},{\"@type\":\"ListItem\",\"position\":3,\"name\":\"* Sencileyin Halfeti (EL Ruha) (Kara G\u00fcl &#038; Siyah G\u00fcl) \/ Recent Halfeti (T\u00fcrkiye\u2019s Black Rose) (EL Ruha)\"}]},{\"@type\":\"WebSite\",\"@id\":\"https:\/\/sencileyinitriyat.com\/#website\",\"url\":\"https:\/\/sencileyinitriyat.com\/\",\"name\":\"sencileyinitriyat\",\"description\":\"\",\"publisher\":{\"@id\":\"https:\/\/sencileyinitriyat.com\/#organization\"},\"alternateName\":\"sencileyin\",\"potentialAction\":[{\"@type\":\"SearchAction\",\"target\":{\"@type\":\"EntryPoint\",\"urlTemplate\":\"https:\/\/sencileyinitriyat.com\/?s={search_term_string}\"},\"query-input\":{\"@type\":\"PropertyValueSpecification\",\"valueRequired\":true,\"valueName\":\"search_term_string\"}}],\"inLanguage\":\"en-US\"},{\"@type\":\"Organization\",\"@id\":\"https:\/\/sencileyinitriyat.com\/#organization\",\"name\":\"sencileyinitriyat\",\"url\":\"https:\/\/sencileyinitriyat.com\/\",\"logo\":{\"@type\":\"ImageObject\",\"inLanguage\":\"en-US\",\"@id\":\"https:\/\/sencileyinitriyat.com\/#\/schema\/logo\/image\/\",\"url\":\"https:\/\/sencileyinitriyat.com\/wp-content\/uploads\/2024\/09\/WhatsApp-Image-2024-08-22-at-12.34.26-PM.jpeg\",\"contentUrl\":\"https:\/\/sencileyinitriyat.com\/wp-content\/uploads\/2024\/09\/WhatsApp-Image-2024-08-22-at-12.34.26-PM.jpeg\",\"width\":954,\"height\":856,\"caption\":\"sencileyinitriyat\"},\"image\":{\"@id\":\"https:\/\/sencileyinitriyat.com\/#\/schema\/logo\/image\/\"},\"sameAs\":[\"https:\/\/www.instagram.com\/sencileyinitriyat\"]}]}<\/script>\n<!-- \/ Yoast SEO plugin. -->","yoast_head_json":{"title":"*  Sencileyin Halfeti (EL Ruha) (Kara G\u00fcl & Siyah G\u00fcl) \/ Recent Halfeti (T\u00fcrkiye\u2019s Black Rose) (EL Ruha) - sencileyinitriyat","robots":{"index":"index","follow":"follow","max-snippet":"max-snippet:-1","max-image-preview":"max-image-preview:large","max-video-preview":"max-video-preview:-1"},"canonical":"https:\/\/sencileyinitriyat.com\/en\/product\/sencileyin-halfeti-el-ruha-kara-gul-siyah-gul-recent-halfeti-turkiyes-black-rose-el-ruha\/","og_locale":"en_US","og_type":"article","og_title":"*  Sencileyin Halfeti (EL Ruha) (Kara G\u00fcl & Siyah G\u00fcl) \/ Recent Halfeti (T\u00fcrkiye\u2019s Black Rose) (EL Ruha) - sencileyinitriyat","og_description":"Sencileyin Halfeti (EL Ruha) Sencileyin Kara G\u00fcl &amp; Siyah G\u00fcl Sencileyin Recent Halfeti Rose Sencileyin T\u00fcrkiye\u2019s Black Rose (EL Ruha)","og_url":"https:\/\/sencileyinitriyat.com\/en\/product\/sencileyin-halfeti-el-ruha-kara-gul-siyah-gul-recent-halfeti-turkiyes-black-rose-el-ruha\/","og_site_name":"sencileyinitriyat","article_modified_time":"2026-04-28T19:21:34+00:00","og_image":[{"width":2560,"height":2560,"url":"https:\/\/sencileyinitriyat.com\/wp-content\/uploads\/2024\/10\/6-gr-seffaf-scaled.jpg","type":"image\/jpeg"}],"twitter_card":"summary_large_image","twitter_misc":{"Est. reading time":"2 minutes"},"schema":{"@context":"https:\/\/schema.org","@graph":[{"@type":"WebPage","@id":"https:\/\/sencileyinitriyat.com\/product\/sencileyin-halfeti-el-ruha-kara-gul-siyah-gul-recent-halfeti-turkiyes-black-rose-el-ruha\/","url":"https:\/\/sencileyinitriyat.com\/product\/sencileyin-halfeti-el-ruha-kara-gul-siyah-gul-recent-halfeti-turkiyes-black-rose-el-ruha\/","name":"* Sencileyin Halfeti (EL Ruha) (Kara G\u00fcl & Siyah G\u00fcl) \/ Recent Halfeti (T\u00fcrkiye\u2019s Black Rose) (EL Ruha) - sencileyinitriyat","isPartOf":{"@id":"https:\/\/sencileyinitriyat.com\/#website"},"primaryImageOfPage":{"@id":"https:\/\/sencileyinitriyat.com\/product\/sencileyin-halfeti-el-ruha-kara-gul-siyah-gul-recent-halfeti-turkiyes-black-rose-el-ruha\/#primaryimage"},"image":{"@id":"https:\/\/sencileyinitriyat.com\/product\/sencileyin-halfeti-el-ruha-kara-gul-siyah-gul-recent-halfeti-turkiyes-black-rose-el-ruha\/#primaryimage"},"thumbnailUrl":"https:\/\/sencileyinitriyat.com\/wp-content\/uploads\/2024\/10\/6-gr-seffaf-scaled.jpg","datePublished":"2026-02-20T09:21:12+00:00","dateModified":"2026-04-28T19:21:34+00:00","breadcrumb":{"@id":"https:\/\/sencileyinitriyat.com\/product\/sencileyin-halfeti-el-ruha-kara-gul-siyah-gul-recent-halfeti-turkiyes-black-rose-el-ruha\/#breadcrumb"},"inLanguage":"en-US","potentialAction":[{"@type":"ReadAction","target":["https:\/\/sencileyinitriyat.com\/product\/sencileyin-halfeti-el-ruha-kara-gul-siyah-gul-recent-halfeti-turkiyes-black-rose-el-ruha\/"]}]},{"@type":"ImageObject","inLanguage":"en-US","@id":"https:\/\/sencileyinitriyat.com\/product\/sencileyin-halfeti-el-ruha-kara-gul-siyah-gul-recent-halfeti-turkiyes-black-rose-el-ruha\/#primaryimage","url":"https:\/\/sencileyinitriyat.com\/wp-content\/uploads\/2024\/10\/6-gr-seffaf-scaled.jpg","contentUrl":"https:\/\/sencileyinitriyat.com\/wp-content\/uploads\/2024\/10\/6-gr-seffaf-scaled.jpg","width":2560,"height":2560},{"@type":"BreadcrumbList","@id":"https:\/\/sencileyinitriyat.com\/product\/sencileyin-halfeti-el-ruha-kara-gul-siyah-gul-recent-halfeti-turkiyes-black-rose-el-ruha\/#breadcrumb","itemListElement":[{"@type":"ListItem","position":1,"name":"Home","item":"https:\/\/sencileyinitriyat.com\/"},{"@type":"ListItem","position":2,"name":"Ma\u011faza","item":"https:\/\/sencileyinitriyat.com\/magaza\/"},{"@type":"ListItem","position":3,"name":"* Sencileyin Halfeti (EL Ruha) (Kara G\u00fcl &#038; Siyah G\u00fcl) \/ Recent Halfeti (T\u00fcrkiye\u2019s Black Rose) (EL Ruha)"}]},{"@type":"WebSite","@id":"https:\/\/sencileyinitriyat.com\/#website","url":"https:\/\/sencileyinitriyat.com\/","name":"sencileyinitriyat","description":"","publisher":{"@id":"https:\/\/sencileyinitriyat.com\/#organization"},"alternateName":"sencileyin","potentialAction":[{"@type":"SearchAction","target":{"@type":"EntryPoint","urlTemplate":"https:\/\/sencileyinitriyat.com\/?s={search_term_string}"},"query-input":{"@type":"PropertyValueSpecification","valueRequired":true,"valueName":"search_term_string"}}],"inLanguage":"en-US"},{"@type":"Organization","@id":"https:\/\/sencileyinitriyat.com\/#organization","name":"sencileyinitriyat","url":"https:\/\/sencileyinitriyat.com\/","logo":{"@type":"ImageObject","inLanguage":"en-US","@id":"https:\/\/sencileyinitriyat.com\/#\/schema\/logo\/image\/","url":"https:\/\/sencileyinitriyat.com\/wp-content\/uploads\/2024\/09\/WhatsApp-Image-2024-08-22-at-12.34.26-PM.jpeg","contentUrl":"https:\/\/sencileyinitriyat.com\/wp-content\/uploads\/2024\/09\/WhatsApp-Image-2024-08-22-at-12.34.26-PM.jpeg","width":954,"height":856,"caption":"sencileyinitriyat"},"image":{"@id":"https:\/\/sencileyinitriyat.com\/#\/schema\/logo\/image\/"},"sameAs":["https:\/\/www.instagram.com\/sencileyinitriyat"]}]}},"_links":{"self":[{"href":"https:\/\/sencileyinitriyat.com\/en\/wp-json\/wp\/v2\/product\/8707","targetHints":{"allow":["GET"]}}],"collection":[{"href":"https:\/\/sencileyinitriyat.com\/en\/wp-json\/wp\/v2\/product"}],"about":[{"href":"https:\/\/sencileyinitriyat.com\/en\/wp-json\/wp\/v2\/types\/product"}],"replies":[{"embeddable":true,"href":"https:\/\/sencileyinitriyat.com\/en\/wp-json\/wp\/v2\/comments?post=8707"}],"version-history":[{"count":1,"href":"https:\/\/sencileyinitriyat.com\/en\/wp-json\/wp\/v2\/product\/8707\/revisions"}],"predecessor-version":[{"id":8711,"href":"https:\/\/sencileyinitriyat.com\/en\/wp-json\/wp\/v2\/product\/8707\/revisions\/8711"}],"wp:featuredmedia":[{"embeddable":true,"href":"https:\/\/sencileyinitriyat.com\/en\/wp-json\/wp\/v2\/media\/8439"}],"wp:attachment":[{"href":"https:\/\/sencileyinitriyat.com\/en\/wp-json\/wp\/v2\/media?parent=8707"}],"wp:term":[{"taxonomy":"brand","embeddable":true,"href":"https:\/\/sencileyinitriyat.com\/en\/wp-json\/wp\/v2\/etheme_brands?post=8707"},{"taxonomy":"product_brand","embeddable":true,"href":"https:\/\/sencileyinitriyat.com\/en\/wp-json\/wp\/v2\/product_brand?post=8707"},{"taxonomy":"product_cat","embeddable":true,"href":"https:\/\/sencileyinitriyat.com\/en\/wp-json\/wp\/v2\/product_cat?post=8707"},{"taxonomy":"product_tag","embeddable":true,"href":"https:\/\/sencileyinitriyat.com\/en\/wp-json\/wp\/v2\/product_tag?post=8707"}],"curies":[{"name":"wp","href":"https:\/\/api.w.org\/{rel}","templated":true}]}}