{"id":8808,"date":"2026-03-23T22:31:14","date_gmt":"2026-03-23T22:31:14","guid":{"rendered":"https:\/\/sencileyinitriyat.com\/?post_type=product&#038;p=8808"},"modified":"2026-04-28T15:38:33","modified_gmt":"2026-04-28T15:38:33","slug":"gul-kolonyasi-pembe-gul","status":"publish","type":"product","link":"https:\/\/sencileyinitriyat.com\/en\/product\/gul-kolonyasi-pembe-gul\/","title":{"rendered":"G\u00fcl Kolonyas\u0131 (Pembe G\u00fcl)"},"content":{"rendered":"<p><span style=\"color: #000000;\"><strong>Sencileyin kolonyalar\u0131; do\u011fal ya\u011flardan \u00fcretilmi\u015ftir, jelatinsiz, kimyasals\u0131z, ba\u011flay\u0131c\u0131s\u0131z, temiz i\u00e7eriklidir.<\/strong><\/span><\/p>\n<p><span style=\"color: #000000;\"><strong>Saf Pembe G\u00fcl Kolonyas\u0131<strong style=\"color: #000000;\"><br \/>\n<\/strong><\/strong><\/span><span style=\"color: #000000;\"><strong>Original Pink Rose Cologne<\/strong><\/span><\/p>","protected":false},"excerpt":{"rendered":"<p><span style=\"color: #000000;\"><strong>Saf Pembe G\u00fcl Kolonyas\u0131<strong style=\"color: #000000;\"><br \/>\n<\/strong><\/strong><\/span><span style=\"color: #000000;\"><strong>Original Pink Rose Cologne<\/strong><\/span><\/p>","protected":false},"featured_media":8216,"comment_status":"open","ping_status":"closed","template":"","meta":[],"etheme_brands":[],"product_brand":[],"product_cat":[238],"product_tag":[],"class_list":{"0":"post-8808","1":"product","2":"type-product","3":"status-publish","4":"has-post-thumbnail","6":"product_cat-kolonya","8":"first","9":"instock","10":"taxable","11":"shipping-taxable","12":"purchasable","13":"product-type-variable"},"yoast_head":"<!-- This site is optimized with the Yoast SEO plugin v23.4 - https:\/\/yoast.com\/wordpress\/plugins\/seo\/ -->\n<title>G\u00fcl Kolonyas\u0131 (Pembe G\u00fcl) - sencileyinitriyat<\/title>\n<meta name=\"robots\" content=\"index, follow, max-snippet:-1, max-image-preview:large, max-video-preview:-1\" \/>\n<link rel=\"canonical\" href=\"https:\/\/sencileyinitriyat.com\/en\/product\/gul-kolonyasi-pembe-gul\/\" \/>\n<meta property=\"og:locale\" content=\"en_US\" \/>\n<meta property=\"og:type\" content=\"article\" \/>\n<meta property=\"og:title\" content=\"G\u00fcl Kolonyas\u0131 (Pembe G\u00fcl) - sencileyinitriyat\" \/>\n<meta property=\"og:description\" content=\"Saf Pembe G\u00fcl Kolonyas\u0131 Original Pink Rose Cologne\" \/>\n<meta property=\"og:url\" content=\"https:\/\/sencileyinitriyat.com\/en\/product\/gul-kolonyasi-pembe-gul\/\" \/>\n<meta property=\"og:site_name\" content=\"sencileyinitriyat\" \/>\n<meta property=\"article:modified_time\" content=\"2026-04-28T15:38:33+00:00\" \/>\n<meta property=\"og:image\" content=\"https:\/\/sencileyinitriyat.com\/wp-content\/uploads\/2025\/11\/logo.jpeg\" \/>\n\t<meta property=\"og:image:width\" content=\"300\" \/>\n\t<meta property=\"og:image:height\" content=\"279\" \/>\n\t<meta property=\"og:image:type\" content=\"image\/jpeg\" \/>\n<meta name=\"twitter:card\" content=\"summary_large_image\" \/>\n<meta name=\"twitter:label1\" content=\"Est. reading time\" \/>\n\t<meta name=\"twitter:data1\" content=\"1 minute\" \/>\n<script type=\"application\/ld+json\" class=\"yoast-schema-graph\">{\"@context\":\"https:\/\/schema.org\",\"@graph\":[{\"@type\":\"WebPage\",\"@id\":\"https:\/\/sencileyinitriyat.com\/product\/gul-kolonyasi-pembe-gul\/\",\"url\":\"https:\/\/sencileyinitriyat.com\/product\/gul-kolonyasi-pembe-gul\/\",\"name\":\"G\u00fcl Kolonyas\u0131 (Pembe G\u00fcl) - sencileyinitriyat\",\"isPartOf\":{\"@id\":\"https:\/\/sencileyinitriyat.com\/#website\"},\"primaryImageOfPage\":{\"@id\":\"https:\/\/sencileyinitriyat.com\/product\/gul-kolonyasi-pembe-gul\/#primaryimage\"},\"image\":{\"@id\":\"https:\/\/sencileyinitriyat.com\/product\/gul-kolonyasi-pembe-gul\/#primaryimage\"},\"thumbnailUrl\":\"https:\/\/sencileyinitriyat.com\/wp-content\/uploads\/2025\/11\/logo.jpeg\",\"datePublished\":\"2026-03-23T22:31:14+00:00\",\"dateModified\":\"2026-04-28T15:38:33+00:00\",\"breadcrumb\":{\"@id\":\"https:\/\/sencileyinitriyat.com\/product\/gul-kolonyasi-pembe-gul\/#breadcrumb\"},\"inLanguage\":\"en-US\",\"potentialAction\":[{\"@type\":\"ReadAction\",\"target\":[\"https:\/\/sencileyinitriyat.com\/product\/gul-kolonyasi-pembe-gul\/\"]}]},{\"@type\":\"ImageObject\",\"inLanguage\":\"en-US\",\"@id\":\"https:\/\/sencileyinitriyat.com\/product\/gul-kolonyasi-pembe-gul\/#primaryimage\",\"url\":\"https:\/\/sencileyinitriyat.com\/wp-content\/uploads\/2025\/11\/logo.jpeg\",\"contentUrl\":\"https:\/\/sencileyinitriyat.com\/wp-content\/uploads\/2025\/11\/logo.jpeg\",\"width\":300,\"height\":279},{\"@type\":\"BreadcrumbList\",\"@id\":\"https:\/\/sencileyinitriyat.com\/product\/gul-kolonyasi-pembe-gul\/#breadcrumb\",\"itemListElement\":[{\"@type\":\"ListItem\",\"position\":1,\"name\":\"Home\",\"item\":\"https:\/\/sencileyinitriyat.com\/\"},{\"@type\":\"ListItem\",\"position\":2,\"name\":\"Ma\u011faza\",\"item\":\"https:\/\/sencileyinitriyat.com\/magaza\/\"},{\"@type\":\"ListItem\",\"position\":3,\"name\":\"G\u00fcl Kolonyas\u0131 (Pembe G\u00fcl)\"}]},{\"@type\":\"WebSite\",\"@id\":\"https:\/\/sencileyinitriyat.com\/#website\",\"url\":\"https:\/\/sencileyinitriyat.com\/\",\"name\":\"sencileyinitriyat\",\"description\":\"\",\"publisher\":{\"@id\":\"https:\/\/sencileyinitriyat.com\/#organization\"},\"alternateName\":\"sencileyin\",\"potentialAction\":[{\"@type\":\"SearchAction\",\"target\":{\"@type\":\"EntryPoint\",\"urlTemplate\":\"https:\/\/sencileyinitriyat.com\/?s={search_term_string}\"},\"query-input\":{\"@type\":\"PropertyValueSpecification\",\"valueRequired\":true,\"valueName\":\"search_term_string\"}}],\"inLanguage\":\"en-US\"},{\"@type\":\"Organization\",\"@id\":\"https:\/\/sencileyinitriyat.com\/#organization\",\"name\":\"sencileyinitriyat\",\"url\":\"https:\/\/sencileyinitriyat.com\/\",\"logo\":{\"@type\":\"ImageObject\",\"inLanguage\":\"en-US\",\"@id\":\"https:\/\/sencileyinitriyat.com\/#\/schema\/logo\/image\/\",\"url\":\"https:\/\/sencileyinitriyat.com\/wp-content\/uploads\/2024\/09\/WhatsApp-Image-2024-08-22-at-12.34.26-PM.jpeg\",\"contentUrl\":\"https:\/\/sencileyinitriyat.com\/wp-content\/uploads\/2024\/09\/WhatsApp-Image-2024-08-22-at-12.34.26-PM.jpeg\",\"width\":954,\"height\":856,\"caption\":\"sencileyinitriyat\"},\"image\":{\"@id\":\"https:\/\/sencileyinitriyat.com\/#\/schema\/logo\/image\/\"},\"sameAs\":[\"https:\/\/www.instagram.com\/sencileyinitriyat\"]}]}<\/script>\n<!-- \/ Yoast SEO plugin. -->","yoast_head_json":{"title":"G\u00fcl Kolonyas\u0131 (Pembe G\u00fcl) - sencileyinitriyat","robots":{"index":"index","follow":"follow","max-snippet":"max-snippet:-1","max-image-preview":"max-image-preview:large","max-video-preview":"max-video-preview:-1"},"canonical":"https:\/\/sencileyinitriyat.com\/en\/product\/gul-kolonyasi-pembe-gul\/","og_locale":"en_US","og_type":"article","og_title":"G\u00fcl Kolonyas\u0131 (Pembe G\u00fcl) - sencileyinitriyat","og_description":"Saf Pembe G\u00fcl Kolonyas\u0131 Original Pink Rose Cologne","og_url":"https:\/\/sencileyinitriyat.com\/en\/product\/gul-kolonyasi-pembe-gul\/","og_site_name":"sencileyinitriyat","article_modified_time":"2026-04-28T15:38:33+00:00","og_image":[{"width":300,"height":279,"url":"https:\/\/sencileyinitriyat.com\/wp-content\/uploads\/2025\/11\/logo.jpeg","type":"image\/jpeg"}],"twitter_card":"summary_large_image","twitter_misc":{"Est. reading time":"1 minute"},"schema":{"@context":"https:\/\/schema.org","@graph":[{"@type":"WebPage","@id":"https:\/\/sencileyinitriyat.com\/product\/gul-kolonyasi-pembe-gul\/","url":"https:\/\/sencileyinitriyat.com\/product\/gul-kolonyasi-pembe-gul\/","name":"G\u00fcl Kolonyas\u0131 (Pembe G\u00fcl) - sencileyinitriyat","isPartOf":{"@id":"https:\/\/sencileyinitriyat.com\/#website"},"primaryImageOfPage":{"@id":"https:\/\/sencileyinitriyat.com\/product\/gul-kolonyasi-pembe-gul\/#primaryimage"},"image":{"@id":"https:\/\/sencileyinitriyat.com\/product\/gul-kolonyasi-pembe-gul\/#primaryimage"},"thumbnailUrl":"https:\/\/sencileyinitriyat.com\/wp-content\/uploads\/2025\/11\/logo.jpeg","datePublished":"2026-03-23T22:31:14+00:00","dateModified":"2026-04-28T15:38:33+00:00","breadcrumb":{"@id":"https:\/\/sencileyinitriyat.com\/product\/gul-kolonyasi-pembe-gul\/#breadcrumb"},"inLanguage":"en-US","potentialAction":[{"@type":"ReadAction","target":["https:\/\/sencileyinitriyat.com\/product\/gul-kolonyasi-pembe-gul\/"]}]},{"@type":"ImageObject","inLanguage":"en-US","@id":"https:\/\/sencileyinitriyat.com\/product\/gul-kolonyasi-pembe-gul\/#primaryimage","url":"https:\/\/sencileyinitriyat.com\/wp-content\/uploads\/2025\/11\/logo.jpeg","contentUrl":"https:\/\/sencileyinitriyat.com\/wp-content\/uploads\/2025\/11\/logo.jpeg","width":300,"height":279},{"@type":"BreadcrumbList","@id":"https:\/\/sencileyinitriyat.com\/product\/gul-kolonyasi-pembe-gul\/#breadcrumb","itemListElement":[{"@type":"ListItem","position":1,"name":"Home","item":"https:\/\/sencileyinitriyat.com\/"},{"@type":"ListItem","position":2,"name":"Ma\u011faza","item":"https:\/\/sencileyinitriyat.com\/magaza\/"},{"@type":"ListItem","position":3,"name":"G\u00fcl Kolonyas\u0131 (Pembe G\u00fcl)"}]},{"@type":"WebSite","@id":"https:\/\/sencileyinitriyat.com\/#website","url":"https:\/\/sencileyinitriyat.com\/","name":"sencileyinitriyat","description":"","publisher":{"@id":"https:\/\/sencileyinitriyat.com\/#organization"},"alternateName":"sencileyin","potentialAction":[{"@type":"SearchAction","target":{"@type":"EntryPoint","urlTemplate":"https:\/\/sencileyinitriyat.com\/?s={search_term_string}"},"query-input":{"@type":"PropertyValueSpecification","valueRequired":true,"valueName":"search_term_string"}}],"inLanguage":"en-US"},{"@type":"Organization","@id":"https:\/\/sencileyinitriyat.com\/#organization","name":"sencileyinitriyat","url":"https:\/\/sencileyinitriyat.com\/","logo":{"@type":"ImageObject","inLanguage":"en-US","@id":"https:\/\/sencileyinitriyat.com\/#\/schema\/logo\/image\/","url":"https:\/\/sencileyinitriyat.com\/wp-content\/uploads\/2024\/09\/WhatsApp-Image-2024-08-22-at-12.34.26-PM.jpeg","contentUrl":"https:\/\/sencileyinitriyat.com\/wp-content\/uploads\/2024\/09\/WhatsApp-Image-2024-08-22-at-12.34.26-PM.jpeg","width":954,"height":856,"caption":"sencileyinitriyat"},"image":{"@id":"https:\/\/sencileyinitriyat.com\/#\/schema\/logo\/image\/"},"sameAs":["https:\/\/www.instagram.com\/sencileyinitriyat"]}]}},"_links":{"self":[{"href":"https:\/\/sencileyinitriyat.com\/en\/wp-json\/wp\/v2\/product\/8808","targetHints":{"allow":["GET"]}}],"collection":[{"href":"https:\/\/sencileyinitriyat.com\/en\/wp-json\/wp\/v2\/product"}],"about":[{"href":"https:\/\/sencileyinitriyat.com\/en\/wp-json\/wp\/v2\/types\/product"}],"replies":[{"embeddable":true,"href":"https:\/\/sencileyinitriyat.com\/en\/wp-json\/wp\/v2\/comments?post=8808"}],"version-history":[{"count":4,"href":"https:\/\/sencileyinitriyat.com\/en\/wp-json\/wp\/v2\/product\/8808\/revisions"}],"predecessor-version":[{"id":8977,"href":"https:\/\/sencileyinitriyat.com\/en\/wp-json\/wp\/v2\/product\/8808\/revisions\/8977"}],"wp:featuredmedia":[{"embeddable":true,"href":"https:\/\/sencileyinitriyat.com\/en\/wp-json\/wp\/v2\/media\/8216"}],"wp:attachment":[{"href":"https:\/\/sencileyinitriyat.com\/en\/wp-json\/wp\/v2\/media?parent=8808"}],"wp:term":[{"taxonomy":"brand","embeddable":true,"href":"https:\/\/sencileyinitriyat.com\/en\/wp-json\/wp\/v2\/etheme_brands?post=8808"},{"taxonomy":"product_brand","embeddable":true,"href":"https:\/\/sencileyinitriyat.com\/en\/wp-json\/wp\/v2\/product_brand?post=8808"},{"taxonomy":"product_cat","embeddable":true,"href":"https:\/\/sencileyinitriyat.com\/en\/wp-json\/wp\/v2\/product_cat?post=8808"},{"taxonomy":"product_tag","embeddable":true,"href":"https:\/\/sencileyinitriyat.com\/en\/wp-json\/wp\/v2\/product_tag?post=8808"}],"curies":[{"name":"wp","href":"https:\/\/api.w.org\/{rel}","templated":true}]}}