{"id":8849,"date":"2026-04-04T05:39:04","date_gmt":"2026-04-04T05:39:04","guid":{"rendered":"https:\/\/sencileyinitriyat.com\/?post_type=product&#038;p=8849"},"modified":"2026-04-04T08:43:06","modified_gmt":"2026-04-04T08:43:06","slug":"halfeti-bengikar-luks-parfum-1-halfeti-bengikar-luks-parfum-1","status":"publish","type":"product","link":"https:\/\/sencileyinitriyat.com\/en\/product\/halfeti-bengikar-luks-parfum-1-halfeti-bengikar-luks-parfum-1\/","title":{"rendered":"* Halfet\u00ee (Bengik\u00e2r L\u00fcks Parf\u00fcm) 1 \/ Halfeti (Bengikar Luks Parfum) 1"},"content":{"rendered":"<p><span style=\"color: #000000;\"><strong>Bengik\u00e2r L\u00fcks Parf\u00fcmleri; jelatinsiz, kimyasals\u0131z, ba\u011flay\u0131c\u0131s\u0131z, temiz i\u00e7eriklidir.<\/strong><\/span><br \/>\n<span style=\"color: #000000;\"><strong>En eski geleneksel demleme\/dinlendirme y\u00f6ntemi ile (6 ay s\u00fcrede herhangi bir m\u00fcdahale olmadan koku mahzeninde demlenmi\u015ftir).<\/strong><\/span><br \/>\n<span style=\"color: #000000;\"><strong>Parf\u00fcm kategorisinde sunuluyor olsada orjinal parf\u00fcmlere veya replika (a\u00e7\u0131k parf\u00fcmlere) benzemez, kendine \u00f6zg\u00fc bir kategorisi olan benzersiz bir \u015faheserdir.<\/strong><\/span><br \/>\n<span style=\"color: #000000;\"><strong>Do\u011fal ya\u011flar kullan\u0131larak \u00fcretilmi\u015ftir.<\/strong><\/span><\/p>\n<p><span style=\"color: #000000;\"><strong>Bengik\u00e2r Halfet\u00ee (Bengik\u00e2r L\u00fcks Parf\u00fcm)<\/strong><\/span><br \/>\n<span style=\"color: #000000;\"><strong>Bengik\u00e2r Kara G\u00fcl &amp; Siyah G\u00fcl (Bengikar Luks Parfum)<\/strong><\/span><br \/>\n<span style=\"color: #000000;\"><strong>Bengik\u00e2r Halfeti<\/strong><\/span><br \/>\n<span style=\"color: #000000;\"><strong>Bengik\u00e2r T\u00fcrkiye\u2019s Black Rose<\/strong><\/span><\/p>","protected":false},"excerpt":{"rendered":"<p><span style=\"color: #000000;\"><strong>Bengik\u00e2r Halfet\u00ee (Bengik\u00e2r L\u00fcks Parf\u00fcm)<\/strong><\/span><br \/>\n<span style=\"color: #000000;\"><strong>Bengik\u00e2r Kara G\u00fcl &amp; Siyah G\u00fcl (Bengikar Luks Parfum)<\/strong><\/span><br \/>\n<span style=\"color: #000000;\"><strong>Bengik\u00e2r Halfeti<\/strong><\/span><br \/>\n<span style=\"color: #000000;\"><strong>Bengik\u00e2r T\u00fcrkiye\u2019s Black Rose<\/strong><\/span><\/p>","protected":false},"featured_media":8217,"comment_status":"open","ping_status":"closed","template":"","meta":[],"etheme_brands":[],"product_brand":[],"product_cat":[237],"product_tag":[],"class_list":{"0":"post-8849","1":"product","2":"type-product","3":"status-publish","4":"has-post-thumbnail","6":"product_cat-parfum","8":"first","9":"instock","10":"sale","11":"taxable","12":"shipping-taxable","13":"purchasable","14":"product-type-variable"},"yoast_head":"<!-- This site is optimized with the Yoast SEO plugin v23.4 - https:\/\/yoast.com\/wordpress\/plugins\/seo\/ -->\n<title>* Halfet\u00ee (Bengik\u00e2r L\u00fcks Parf\u00fcm) 1 \/ Halfeti (Bengikar Luks Parfum) 1 - sencileyinitriyat<\/title>\n<meta name=\"robots\" content=\"index, follow, max-snippet:-1, max-image-preview:large, max-video-preview:-1\" \/>\n<link rel=\"canonical\" href=\"https:\/\/sencileyinitriyat.com\/en\/product\/halfeti-bengikar-luks-parfum-1-halfeti-bengikar-luks-parfum-1\/\" \/>\n<meta property=\"og:locale\" content=\"en_US\" \/>\n<meta property=\"og:type\" content=\"article\" \/>\n<meta property=\"og:title\" content=\"* Halfet\u00ee (Bengik\u00e2r L\u00fcks Parf\u00fcm) 1 \/ Halfeti (Bengikar Luks Parfum) 1 - sencileyinitriyat\" \/>\n<meta property=\"og:description\" content=\"Bengik\u00e2r Halfet\u00ee (Bengik\u00e2r L\u00fcks Parf\u00fcm) Bengik\u00e2r Kara G\u00fcl &amp; Siyah G\u00fcl (Bengikar Luks Parfum) Bengik\u00e2r Halfeti Bengik\u00e2r T\u00fcrkiye\u2019s Black Rose\" \/>\n<meta property=\"og:url\" content=\"https:\/\/sencileyinitriyat.com\/en\/product\/halfeti-bengikar-luks-parfum-1-halfeti-bengikar-luks-parfum-1\/\" \/>\n<meta property=\"og:site_name\" content=\"sencileyinitriyat\" \/>\n<meta property=\"article:modified_time\" content=\"2026-04-04T08:43:06+00:00\" \/>\n<meta property=\"og:image\" content=\"https:\/\/sencileyinitriyat.com\/wp-content\/uploads\/2025\/11\/logo-2.jpeg\" \/>\n\t<meta property=\"og:image:width\" content=\"741\" \/>\n\t<meta property=\"og:image:height\" content=\"690\" \/>\n\t<meta property=\"og:image:type\" content=\"image\/jpeg\" \/>\n<meta name=\"twitter:card\" content=\"summary_large_image\" \/>\n<meta name=\"twitter:label1\" content=\"Est. reading time\" \/>\n\t<meta name=\"twitter:data1\" content=\"1 minute\" \/>\n<script type=\"application\/ld+json\" class=\"yoast-schema-graph\">{\"@context\":\"https:\/\/schema.org\",\"@graph\":[{\"@type\":\"WebPage\",\"@id\":\"https:\/\/sencileyinitriyat.com\/product\/halfeti-bengikar-luks-parfum-1-halfeti-bengikar-luks-parfum-1\/\",\"url\":\"https:\/\/sencileyinitriyat.com\/product\/halfeti-bengikar-luks-parfum-1-halfeti-bengikar-luks-parfum-1\/\",\"name\":\"* Halfet\u00ee (Bengik\u00e2r L\u00fcks Parf\u00fcm) 1 \/ Halfeti (Bengikar Luks Parfum) 1 - sencileyinitriyat\",\"isPartOf\":{\"@id\":\"https:\/\/sencileyinitriyat.com\/#website\"},\"primaryImageOfPage\":{\"@id\":\"https:\/\/sencileyinitriyat.com\/product\/halfeti-bengikar-luks-parfum-1-halfeti-bengikar-luks-parfum-1\/#primaryimage\"},\"image\":{\"@id\":\"https:\/\/sencileyinitriyat.com\/product\/halfeti-bengikar-luks-parfum-1-halfeti-bengikar-luks-parfum-1\/#primaryimage\"},\"thumbnailUrl\":\"https:\/\/sencileyinitriyat.com\/wp-content\/uploads\/2025\/11\/logo-2.jpeg\",\"datePublished\":\"2026-04-04T05:39:04+00:00\",\"dateModified\":\"2026-04-04T08:43:06+00:00\",\"breadcrumb\":{\"@id\":\"https:\/\/sencileyinitriyat.com\/product\/halfeti-bengikar-luks-parfum-1-halfeti-bengikar-luks-parfum-1\/#breadcrumb\"},\"inLanguage\":\"en-US\",\"potentialAction\":[{\"@type\":\"ReadAction\",\"target\":[\"https:\/\/sencileyinitriyat.com\/product\/halfeti-bengikar-luks-parfum-1-halfeti-bengikar-luks-parfum-1\/\"]}]},{\"@type\":\"ImageObject\",\"inLanguage\":\"en-US\",\"@id\":\"https:\/\/sencileyinitriyat.com\/product\/halfeti-bengikar-luks-parfum-1-halfeti-bengikar-luks-parfum-1\/#primaryimage\",\"url\":\"https:\/\/sencileyinitriyat.com\/wp-content\/uploads\/2025\/11\/logo-2.jpeg\",\"contentUrl\":\"https:\/\/sencileyinitriyat.com\/wp-content\/uploads\/2025\/11\/logo-2.jpeg\",\"width\":741,\"height\":690},{\"@type\":\"BreadcrumbList\",\"@id\":\"https:\/\/sencileyinitriyat.com\/product\/halfeti-bengikar-luks-parfum-1-halfeti-bengikar-luks-parfum-1\/#breadcrumb\",\"itemListElement\":[{\"@type\":\"ListItem\",\"position\":1,\"name\":\"Home\",\"item\":\"https:\/\/sencileyinitriyat.com\/\"},{\"@type\":\"ListItem\",\"position\":2,\"name\":\"Ma\u011faza\",\"item\":\"https:\/\/sencileyinitriyat.com\/magaza\/\"},{\"@type\":\"ListItem\",\"position\":3,\"name\":\"* Halfet\u00ee (Bengik\u00e2r L\u00fcks Parf\u00fcm) 1 \/ Halfeti (Bengikar Luks Parfum) 1\"}]},{\"@type\":\"WebSite\",\"@id\":\"https:\/\/sencileyinitriyat.com\/#website\",\"url\":\"https:\/\/sencileyinitriyat.com\/\",\"name\":\"sencileyinitriyat\",\"description\":\"\",\"publisher\":{\"@id\":\"https:\/\/sencileyinitriyat.com\/#organization\"},\"alternateName\":\"sencileyin\",\"potentialAction\":[{\"@type\":\"SearchAction\",\"target\":{\"@type\":\"EntryPoint\",\"urlTemplate\":\"https:\/\/sencileyinitriyat.com\/?s={search_term_string}\"},\"query-input\":{\"@type\":\"PropertyValueSpecification\",\"valueRequired\":true,\"valueName\":\"search_term_string\"}}],\"inLanguage\":\"en-US\"},{\"@type\":\"Organization\",\"@id\":\"https:\/\/sencileyinitriyat.com\/#organization\",\"name\":\"sencileyinitriyat\",\"url\":\"https:\/\/sencileyinitriyat.com\/\",\"logo\":{\"@type\":\"ImageObject\",\"inLanguage\":\"en-US\",\"@id\":\"https:\/\/sencileyinitriyat.com\/#\/schema\/logo\/image\/\",\"url\":\"https:\/\/sencileyinitriyat.com\/wp-content\/uploads\/2024\/09\/WhatsApp-Image-2024-08-22-at-12.34.26-PM.jpeg\",\"contentUrl\":\"https:\/\/sencileyinitriyat.com\/wp-content\/uploads\/2024\/09\/WhatsApp-Image-2024-08-22-at-12.34.26-PM.jpeg\",\"width\":954,\"height\":856,\"caption\":\"sencileyinitriyat\"},\"image\":{\"@id\":\"https:\/\/sencileyinitriyat.com\/#\/schema\/logo\/image\/\"},\"sameAs\":[\"https:\/\/www.instagram.com\/sencileyinitriyat\"]}]}<\/script>\n<!-- \/ Yoast SEO plugin. -->","yoast_head_json":{"title":"* Halfet\u00ee (Bengik\u00e2r L\u00fcks Parf\u00fcm) 1 \/ Halfeti (Bengikar Luks Parfum) 1 - sencileyinitriyat","robots":{"index":"index","follow":"follow","max-snippet":"max-snippet:-1","max-image-preview":"max-image-preview:large","max-video-preview":"max-video-preview:-1"},"canonical":"https:\/\/sencileyinitriyat.com\/en\/product\/halfeti-bengikar-luks-parfum-1-halfeti-bengikar-luks-parfum-1\/","og_locale":"en_US","og_type":"article","og_title":"* Halfet\u00ee (Bengik\u00e2r L\u00fcks Parf\u00fcm) 1 \/ Halfeti (Bengikar Luks Parfum) 1 - sencileyinitriyat","og_description":"Bengik\u00e2r Halfet\u00ee (Bengik\u00e2r L\u00fcks Parf\u00fcm) Bengik\u00e2r Kara G\u00fcl &amp; Siyah G\u00fcl (Bengikar Luks Parfum) Bengik\u00e2r Halfeti Bengik\u00e2r T\u00fcrkiye\u2019s Black Rose","og_url":"https:\/\/sencileyinitriyat.com\/en\/product\/halfeti-bengikar-luks-parfum-1-halfeti-bengikar-luks-parfum-1\/","og_site_name":"sencileyinitriyat","article_modified_time":"2026-04-04T08:43:06+00:00","og_image":[{"width":741,"height":690,"url":"https:\/\/sencileyinitriyat.com\/wp-content\/uploads\/2025\/11\/logo-2.jpeg","type":"image\/jpeg"}],"twitter_card":"summary_large_image","twitter_misc":{"Est. reading time":"1 minute"},"schema":{"@context":"https:\/\/schema.org","@graph":[{"@type":"WebPage","@id":"https:\/\/sencileyinitriyat.com\/product\/halfeti-bengikar-luks-parfum-1-halfeti-bengikar-luks-parfum-1\/","url":"https:\/\/sencileyinitriyat.com\/product\/halfeti-bengikar-luks-parfum-1-halfeti-bengikar-luks-parfum-1\/","name":"* Halfet\u00ee (Bengik\u00e2r L\u00fcks Parf\u00fcm) 1 \/ Halfeti (Bengikar Luks Parfum) 1 - sencileyinitriyat","isPartOf":{"@id":"https:\/\/sencileyinitriyat.com\/#website"},"primaryImageOfPage":{"@id":"https:\/\/sencileyinitriyat.com\/product\/halfeti-bengikar-luks-parfum-1-halfeti-bengikar-luks-parfum-1\/#primaryimage"},"image":{"@id":"https:\/\/sencileyinitriyat.com\/product\/halfeti-bengikar-luks-parfum-1-halfeti-bengikar-luks-parfum-1\/#primaryimage"},"thumbnailUrl":"https:\/\/sencileyinitriyat.com\/wp-content\/uploads\/2025\/11\/logo-2.jpeg","datePublished":"2026-04-04T05:39:04+00:00","dateModified":"2026-04-04T08:43:06+00:00","breadcrumb":{"@id":"https:\/\/sencileyinitriyat.com\/product\/halfeti-bengikar-luks-parfum-1-halfeti-bengikar-luks-parfum-1\/#breadcrumb"},"inLanguage":"en-US","potentialAction":[{"@type":"ReadAction","target":["https:\/\/sencileyinitriyat.com\/product\/halfeti-bengikar-luks-parfum-1-halfeti-bengikar-luks-parfum-1\/"]}]},{"@type":"ImageObject","inLanguage":"en-US","@id":"https:\/\/sencileyinitriyat.com\/product\/halfeti-bengikar-luks-parfum-1-halfeti-bengikar-luks-parfum-1\/#primaryimage","url":"https:\/\/sencileyinitriyat.com\/wp-content\/uploads\/2025\/11\/logo-2.jpeg","contentUrl":"https:\/\/sencileyinitriyat.com\/wp-content\/uploads\/2025\/11\/logo-2.jpeg","width":741,"height":690},{"@type":"BreadcrumbList","@id":"https:\/\/sencileyinitriyat.com\/product\/halfeti-bengikar-luks-parfum-1-halfeti-bengikar-luks-parfum-1\/#breadcrumb","itemListElement":[{"@type":"ListItem","position":1,"name":"Home","item":"https:\/\/sencileyinitriyat.com\/"},{"@type":"ListItem","position":2,"name":"Ma\u011faza","item":"https:\/\/sencileyinitriyat.com\/magaza\/"},{"@type":"ListItem","position":3,"name":"* Halfet\u00ee (Bengik\u00e2r L\u00fcks Parf\u00fcm) 1 \/ Halfeti (Bengikar Luks Parfum) 1"}]},{"@type":"WebSite","@id":"https:\/\/sencileyinitriyat.com\/#website","url":"https:\/\/sencileyinitriyat.com\/","name":"sencileyinitriyat","description":"","publisher":{"@id":"https:\/\/sencileyinitriyat.com\/#organization"},"alternateName":"sencileyin","potentialAction":[{"@type":"SearchAction","target":{"@type":"EntryPoint","urlTemplate":"https:\/\/sencileyinitriyat.com\/?s={search_term_string}"},"query-input":{"@type":"PropertyValueSpecification","valueRequired":true,"valueName":"search_term_string"}}],"inLanguage":"en-US"},{"@type":"Organization","@id":"https:\/\/sencileyinitriyat.com\/#organization","name":"sencileyinitriyat","url":"https:\/\/sencileyinitriyat.com\/","logo":{"@type":"ImageObject","inLanguage":"en-US","@id":"https:\/\/sencileyinitriyat.com\/#\/schema\/logo\/image\/","url":"https:\/\/sencileyinitriyat.com\/wp-content\/uploads\/2024\/09\/WhatsApp-Image-2024-08-22-at-12.34.26-PM.jpeg","contentUrl":"https:\/\/sencileyinitriyat.com\/wp-content\/uploads\/2024\/09\/WhatsApp-Image-2024-08-22-at-12.34.26-PM.jpeg","width":954,"height":856,"caption":"sencileyinitriyat"},"image":{"@id":"https:\/\/sencileyinitriyat.com\/#\/schema\/logo\/image\/"},"sameAs":["https:\/\/www.instagram.com\/sencileyinitriyat"]}]}},"_links":{"self":[{"href":"https:\/\/sencileyinitriyat.com\/en\/wp-json\/wp\/v2\/product\/8849","targetHints":{"allow":["GET"]}}],"collection":[{"href":"https:\/\/sencileyinitriyat.com\/en\/wp-json\/wp\/v2\/product"}],"about":[{"href":"https:\/\/sencileyinitriyat.com\/en\/wp-json\/wp\/v2\/types\/product"}],"replies":[{"embeddable":true,"href":"https:\/\/sencileyinitriyat.com\/en\/wp-json\/wp\/v2\/comments?post=8849"}],"version-history":[{"count":4,"href":"https:\/\/sencileyinitriyat.com\/en\/wp-json\/wp\/v2\/product\/8849\/revisions"}],"predecessor-version":[{"id":8856,"href":"https:\/\/sencileyinitriyat.com\/en\/wp-json\/wp\/v2\/product\/8849\/revisions\/8856"}],"wp:featuredmedia":[{"embeddable":true,"href":"https:\/\/sencileyinitriyat.com\/en\/wp-json\/wp\/v2\/media\/8217"}],"wp:attachment":[{"href":"https:\/\/sencileyinitriyat.com\/en\/wp-json\/wp\/v2\/media?parent=8849"}],"wp:term":[{"taxonomy":"brand","embeddable":true,"href":"https:\/\/sencileyinitriyat.com\/en\/wp-json\/wp\/v2\/etheme_brands?post=8849"},{"taxonomy":"product_brand","embeddable":true,"href":"https:\/\/sencileyinitriyat.com\/en\/wp-json\/wp\/v2\/product_brand?post=8849"},{"taxonomy":"product_cat","embeddable":true,"href":"https:\/\/sencileyinitriyat.com\/en\/wp-json\/wp\/v2\/product_cat?post=8849"},{"taxonomy":"product_tag","embeddable":true,"href":"https:\/\/sencileyinitriyat.com\/en\/wp-json\/wp\/v2\/product_tag?post=8849"}],"curies":[{"name":"wp","href":"https:\/\/api.w.org\/{rel}","templated":true}]}}